{"id":122,"date":"2025-10-04T08:06:24","date_gmt":"2025-10-04T11:06:24","guid":{"rendered":"http:\/\/192.168.1.150\/user2\/wp_prototypes\/autoparts\/?post_type=product&#038;p=122"},"modified":"2025-10-04T15:19:36","modified_gmt":"2025-10-04T18:19:36","slug":"caixa-acustica-ativa-pro-bass-elevate-115","status":"publish","type":"product","link":"https:\/\/www.audiovisao.com.br\/site\/produto\/caixa-acustica-ativa-pro-bass-elevate-115\/","title":{"rendered":"CAIXA AC\u00daSTICA ATIVA PRO BASS ELEVATE 115"},"content":{"rendered":"<p><strong>Especifica\u00e7\u00f5es:<\/strong><\/p>\n<p>&#8211; Driver: 1 polegada (tit\u00e2nio)<br \/>\n&#8211; Entrada: 1 para Microfone (1\/4 Jack), 2 RCA<br \/>\n&#8211; Imped\u00e2ncia: 4 Ohms<br \/>\n&#8211; Controle de Volume, Amplificador Classe \u2013 AB<br \/>\n&#8211; Peso do Produto + Caixa: 15.5 kg<br \/>\n&#8211; Pot\u00eancia de Pico: 2000W<br \/>\n&#8211; Pot\u00eancia RMS: 800W<br \/>\n&#8211; Resposta de Frequ\u00eancia: 60Hz-35 kHz<br \/>\n&#8211; Sa\u00edda P10 1\/4 Jack Sensibilidade: 92dB (1W\/1m)<br \/>\n&#8211; Tamanho do Woofer: 15 polegadas<br \/>\n&#8211; Tipo: Caixa Ativa<br \/>\n&#8211; Fun\u00e7\u00e3o Bluetooth<br \/>\n&#8211; Tipo de Caixa: 2 Vias<\/p>\n<p>(Especifica\u00e7\u00f5es fornecidas pelo fabricante \/ importador)<\/p>\n","protected":false},"excerpt":{"rendered":"<p>800WRMS &#8211; BT\/FM<\/p>\n","protected":false},"featured_media":2047,"template":"","meta":{"_bst_post_transparent":"default","_bst_post_title":"","_bst_post_layout":"default","_bst_post_sidebar_id":"","_bst_post_content_style":"default","_bst_post_vertical_padding":"default","_bst_post_feature":"","_bst_post_feature_position":"","_bst_post_header":false,"_bst_post_footer":false},"product_brand":[],"product_cat":[119,113],"product_tag":[],"class_list":{"0":"post-122","1":"product","2":"type-product","3":"status-publish","4":"has-post-thumbnail","6":"product_cat-audio","7":"product_cat-caixas-acusticas","9":"first","10":"instock","11":"shipping-taxable","12":"purchasable","13":"product-type-simple","14":"entry","15":"content-bg","16":"loop-entry"},"_links":{"self":[{"href":"https:\/\/www.audiovisao.com.br\/site\/wp-json\/wp\/v2\/product\/122","targetHints":{"allow":["GET"]}}],"collection":[{"href":"https:\/\/www.audiovisao.com.br\/site\/wp-json\/wp\/v2\/product"}],"about":[{"href":"https:\/\/www.audiovisao.com.br\/site\/wp-json\/wp\/v2\/types\/product"}],"wp:featuredmedia":[{"embeddable":true,"href":"https:\/\/www.audiovisao.com.br\/site\/wp-json\/wp\/v2\/media\/2047"}],"wp:attachment":[{"href":"https:\/\/www.audiovisao.com.br\/site\/wp-json\/wp\/v2\/media?parent=122"}],"wp:term":[{"taxonomy":"product_brand","embeddable":true,"href":"https:\/\/www.audiovisao.com.br\/site\/wp-json\/wp\/v2\/product_brand?post=122"},{"taxonomy":"product_cat","embeddable":true,"href":"https:\/\/www.audiovisao.com.br\/site\/wp-json\/wp\/v2\/product_cat?post=122"},{"taxonomy":"product_tag","embeddable":true,"href":"https:\/\/www.audiovisao.com.br\/site\/wp-json\/wp\/v2\/product_tag?post=122"}],"curies":[{"name":"wp","href":"https:\/\/api.w.org\/{rel}","templated":true}]}}