{"id":128,"date":"2025-10-04T08:10:52","date_gmt":"2025-10-04T11:10:52","guid":{"rendered":"http:\/\/192.168.1.150\/user2\/wp_prototypes\/autoparts\/?post_type=product&#038;p=128"},"modified":"2025-10-04T15:09:40","modified_gmt":"2025-10-04T18:09:40","slug":"caixa-acustica-ativa-pro-bass-underground-15","status":"publish","type":"product","link":"https:\/\/www.audiovisao.com.br\/site\/produto\/caixa-acustica-ativa-pro-bass-underground-15\/","title":{"rendered":"CAIXA AC\u00daSTICA ATIVA PRO BASS UNDERGROUND 15"},"content":{"rendered":"<p>Especifica\u00e7\u00f5es:<\/p>\n<ul>\n<li>Acompanha Microfone: Sim<\/li>\n<li>Alimenta\u00e7\u00e3o: 110V &#8211; 220V (bivolt autom\u00e1tico), Bateria com dura\u00e7\u00e3o de at\u00e9 8 horas<\/li>\n<li>Bateria: Sim<\/li>\n<li>Bluetooth: Sim<\/li>\n<li>Consumo de Energia: 50W<\/li>\n<li>Controle Remoto: N\u00e3o<\/li>\n<li>Dimens\u00f5es Aproximadas da Caixa (AxLxC): 72x47x38 cm<\/li>\n<li>Driver: 1 polegada<\/li>\n<li>Entrada: 1 para Microfone ( P10), 1 para guitarra (P10)<\/li>\n<li>Informa\u00e7\u00f5es adicionais: Controle de volume, amplificador classe D, EQ de graves e agudos<\/li>\n<li>Peso do Produto + Caixa: 20.78 kg<\/li>\n<li>Pot\u00eancia de Pico: 1600W<\/li>\n<li>Pot\u00eancia RMS: 800W<\/li>\n<li>Resposta de Frequ\u00eancia: 60Hz-35 kHz<\/li>\n<li>Sa\u00eddas: 1 (RCA)<\/li>\n<li>Tamanho do Woofer: 15 polegadas<\/li>\n<\/ul>\n<p>(Especifica\u00e7\u00f5es fornecidas pelo fabricante \/ importador)<\/p>\n","protected":false},"excerpt":{"rendered":"<p>800W RMS \/ Bateria interna \/ Bivolt Autom\u00e1tico \/ Acompanha MIC S\/Fio<\/p>\n","protected":false},"featured_media":2040,"template":"","meta":{"_bst_post_transparent":"default","_bst_post_title":"","_bst_post_layout":"default","_bst_post_sidebar_id":"","_bst_post_content_style":"default","_bst_post_vertical_padding":"default","_bst_post_feature":"","_bst_post_feature_position":"","_bst_post_header":false,"_bst_post_footer":false},"product_brand":[],"product_cat":[119,113],"product_tag":[],"class_list":{"0":"post-128","1":"product","2":"type-product","3":"status-publish","4":"has-post-thumbnail","6":"product_cat-audio","7":"product_cat-caixas-acusticas","9":"first","10":"instock","11":"featured","12":"shipping-taxable","13":"purchasable","14":"product-type-simple","15":"entry","16":"content-bg","17":"loop-entry"},"_links":{"self":[{"href":"https:\/\/www.audiovisao.com.br\/site\/wp-json\/wp\/v2\/product\/128","targetHints":{"allow":["GET"]}}],"collection":[{"href":"https:\/\/www.audiovisao.com.br\/site\/wp-json\/wp\/v2\/product"}],"about":[{"href":"https:\/\/www.audiovisao.com.br\/site\/wp-json\/wp\/v2\/types\/product"}],"wp:featuredmedia":[{"embeddable":true,"href":"https:\/\/www.audiovisao.com.br\/site\/wp-json\/wp\/v2\/media\/2040"}],"wp:attachment":[{"href":"https:\/\/www.audiovisao.com.br\/site\/wp-json\/wp\/v2\/media?parent=128"}],"wp:term":[{"taxonomy":"product_brand","embeddable":true,"href":"https:\/\/www.audiovisao.com.br\/site\/wp-json\/wp\/v2\/product_brand?post=128"},{"taxonomy":"product_cat","embeddable":true,"href":"https:\/\/www.audiovisao.com.br\/site\/wp-json\/wp\/v2\/product_cat?post=128"},{"taxonomy":"product_tag","embeddable":true,"href":"https:\/\/www.audiovisao.com.br\/site\/wp-json\/wp\/v2\/product_tag?post=128"}],"curies":[{"name":"wp","href":"https:\/\/api.w.org\/{rel}","templated":true}]}}