{"id":129,"date":"2025-10-04T08:13:45","date_gmt":"2025-10-04T11:13:45","guid":{"rendered":"http:\/\/192.168.1.150\/user2\/wp_prototypes\/autoparts\/?post_type=product&#038;p=129"},"modified":"2025-10-04T14:57:13","modified_gmt":"2025-10-04T17:57:13","slug":"mesa-de-som-6-canais-lexsen-m6","status":"publish","type":"product","link":"https:\/\/www.audiovisao.com.br\/site\/produto\/mesa-de-som-6-canais-lexsen-m6\/","title":{"rendered":"MESA DE SOM 6 CANAIS LEXSEN M6"},"content":{"rendered":"<p>Especifica\u00e7\u00f5es:<\/p>\n<ul>\n<li>6 canais<\/li>\n<li>Canais de entrada: 2x Combo XLR + P10 (mono), 2x P10 (est\u00e9reo)<\/li>\n<li>Entrada MP3<\/li>\n<li>Entrada USB 2.0<\/li>\n<li>Conex\u00e3o Bluetooth<\/li>\n<li>Canais de sa\u00edda: P10 Est\u00e9reo (sa\u00edda principal), P2 (sa\u00edda de fones)<\/li>\n<li>EQ\/2-bandas<\/li>\n<li>LED Pico<\/li>\n<li>Interface de Grava\u00e7\u00e3o PC 2i\/2o<\/li>\n<li>Resposta de frequ\u00eancia: 20Hz-20KHz \u00b1 1dB+4dBu@1KHz<\/li>\n<li>Distor\u00e7\u00e3o harm\u00f4nica total:<\/li>\n<li>Phantom Power +48V<\/li>\n<li>Alimenta\u00e7\u00e3o USB<\/li>\n<li>Tens\u00e3o: DC 5V 1A\/2.0<\/li>\n<li>Pot\u00eancia: 5W<\/li>\n<li>Dimens\u00f5es: 12 x 3,6 x 15,4cm<\/li>\n<li>Peso: 0.6 kg<\/li>\n<\/ul>\n<p>(Especifica\u00e7\u00f5es fornecidas pelo fabricante \/ importador)<\/p>\n","protected":false},"excerpt":{"rendered":"<p>6 CANAIS &#8211; INTERFACE &#8211; ENTRADAS COMBO<\/p>\n","protected":false},"featured_media":2038,"template":"","meta":{"_bst_post_transparent":"default","_bst_post_title":"","_bst_post_layout":"default","_bst_post_sidebar_id":"","_bst_post_content_style":"default","_bst_post_vertical_padding":"default","_bst_post_feature":"","_bst_post_feature_position":"","_bst_post_header":false,"_bst_post_footer":false},"product_brand":[],"product_cat":[119,111],"product_tag":[],"class_list":{"0":"post-129","1":"product","2":"type-product","3":"status-publish","4":"has-post-thumbnail","6":"product_cat-audio","7":"product_cat-mesas-de-som","9":"first","10":"instock","11":"shipping-taxable","12":"purchasable","13":"product-type-simple","14":"entry","15":"content-bg","16":"loop-entry"},"_links":{"self":[{"href":"https:\/\/www.audiovisao.com.br\/site\/wp-json\/wp\/v2\/product\/129","targetHints":{"allow":["GET"]}}],"collection":[{"href":"https:\/\/www.audiovisao.com.br\/site\/wp-json\/wp\/v2\/product"}],"about":[{"href":"https:\/\/www.audiovisao.com.br\/site\/wp-json\/wp\/v2\/types\/product"}],"wp:featuredmedia":[{"embeddable":true,"href":"https:\/\/www.audiovisao.com.br\/site\/wp-json\/wp\/v2\/media\/2038"}],"wp:attachment":[{"href":"https:\/\/www.audiovisao.com.br\/site\/wp-json\/wp\/v2\/media?parent=129"}],"wp:term":[{"taxonomy":"product_brand","embeddable":true,"href":"https:\/\/www.audiovisao.com.br\/site\/wp-json\/wp\/v2\/product_brand?post=129"},{"taxonomy":"product_cat","embeddable":true,"href":"https:\/\/www.audiovisao.com.br\/site\/wp-json\/wp\/v2\/product_cat?post=129"},{"taxonomy":"product_tag","embeddable":true,"href":"https:\/\/www.audiovisao.com.br\/site\/wp-json\/wp\/v2\/product_tag?post=129"}],"curies":[{"name":"wp","href":"https:\/\/api.w.org\/{rel}","templated":true}]}}