{"id":137,"date":"2025-10-04T08:27:21","date_gmt":"2025-10-04T11:27:21","guid":{"rendered":"http:\/\/192.168.1.150\/user2\/wp_prototypes\/autoparts\/?post_type=product&#038;p=137"},"modified":"2025-10-04T14:19:46","modified_gmt":"2025-10-04T17:19:46","slug":"mesa-de-som-behringer-xenyx-qx1832usb","status":"publish","type":"product","link":"https:\/\/www.audiovisao.com.br\/site\/produto\/mesa-de-som-behringer-xenyx-qx1832usb\/","title":{"rendered":"MESA DE SOM BEHRINGER XENYX QX1832USB"},"content":{"rendered":"<p><strong>Especifica\u00e7\u00f5es:<\/strong><\/p>\n<ul>\n<li>Mixer anal\u00f3gico de baix\u00edssimo ru\u00eddo e alto headroom;<\/li>\n<li>6 pr\u00e9-amplificadores Xenyx para microfone;<\/li>\n<li>Compressores de est\u00fadio com um \u00fanico potenci\u00f4metro em todos os canais mono;<\/li>\n<li>EQ de 3 bandas neo-cl\u00e1ssico nos canais mono e fixo de 4 bandas nos canais est\u00e9reo; EQ gr\u00e1fico de 9 bandas;<\/li>\n<li>Processador de efeitos para est\u00fadios com 16 presets edit\u00e1veis incluindo: reverb, chorus, flanger, delay, pitch shifter, multi-efeitos, fun\u00e7\u00e3o Tap e configura\u00e7\u00e3o de par\u00e2metros do usu\u00e1rio armazen\u00e1veis;<\/li>\n<li>Interface de \u00e1udio est\u00e9reo e USB embutida para conex\u00e3o direta com o seu computador;<\/li>\n<li>Software de edi\u00e7\u00e3o, grava\u00e7\u00e3o de \u00e1udio livre e podcast, mais 150 plug-ins de efeito e driver de baixa lat\u00eancia<br \/>\nSoftware de produ\u00e7\u00e3o Compact XT 2.5 Revolutionary Energy com sequenciador de \u00e1udio\/MIDI que carrega em todas as plataformas de computadores;<\/li>\n<li>Insert de canal em cada canal mono para conex\u00e3o de equipamentos externos; 2-4 auxiliares de envio por canal;<\/li>\n<li>LEDs de pico de sinal em todos os canais; 2-4 auxiliares de retorno est\u00e9reo multifuncionais para roteamento flex\u00edvel;<\/li>\n<li>Sa\u00eddas master balanceadas e com conectores XLR banhados a ouro; Sa\u00eddas de fone\/ctrl room com matriz de fonte multi-entrada;<\/li>\n<li>Potenci\u00f4metros de 60mm com precis\u00e3o logar\u00edtmica e controles rotat\u00f3rios; Fonte de energia fulll-range para maior flexibilidade (100V-240V), resposta transiente superior e baixo consumo de energia;<\/li>\n<li>Padr\u00e3o de instala\u00e7\u00e3o em racks para maior facilidade de instala\u00e7\u00e3o;<\/li>\n<li>Sistema anti-microfonia FBQ e sistema surround 3-D XPQ;<\/li>\n<li>Phantom power +48V;<\/li>\n<li>Total de inputs: 18;<\/li>\n<li>Entradas mono\/est\u00e9reo: 6\/4;<\/li>\n<li>Buses Mix: 3\/2;<\/li>\n<li>Canal de envio efeito MON\/FX: 2\/1;<\/li>\n<li>Retornos de efeitos: 2 est\u00e9reo;<\/li>\n<li>Interface\/sa\u00edda USB: 2 entradas\/2 sa\u00eddas;<\/li>\n<li>Presets do processador FX: 16;<\/li>\n<li>Medidores em LED: 12 LED;<\/li>\n<li>Dimens\u00f5es: 37cm x 43cm x 9cm;<\/li>\n<li>Peso: 4,65kg;<\/li>\n<li>Tens\u00e3o: Bivolt.<\/li>\n<\/ul>\n<p>(Especifica\u00e7\u00f5es fornecidas pelo fabricante \/ importador)<\/p>\n","protected":false},"excerpt":{"rendered":"<p>18 entradas e 3\/2 barramentos com pr\u00e9-amplificadores e compressores de microfone XENYX, processador multi-efeitos Klark Teknik, op\u00e7\u00e3o sem fio e interface USB\/\u00e1udio<\/p>\n","protected":false},"featured_media":2030,"template":"","meta":{"_bst_post_transparent":"default","_bst_post_title":"","_bst_post_layout":"default","_bst_post_sidebar_id":"","_bst_post_content_style":"default","_bst_post_vertical_padding":"default","_bst_post_feature":"","_bst_post_feature_position":"","_bst_post_header":false,"_bst_post_footer":false},"product_brand":[],"product_cat":[119,111],"product_tag":[],"class_list":{"0":"post-137","1":"product","2":"type-product","3":"status-publish","4":"has-post-thumbnail","6":"product_cat-audio","7":"product_cat-mesas-de-som","9":"first","10":"instock","11":"downloadable","12":"shipping-taxable","13":"purchasable","14":"product-type-simple","15":"entry","16":"content-bg","17":"loop-entry"},"_links":{"self":[{"href":"https:\/\/www.audiovisao.com.br\/site\/wp-json\/wp\/v2\/product\/137","targetHints":{"allow":["GET"]}}],"collection":[{"href":"https:\/\/www.audiovisao.com.br\/site\/wp-json\/wp\/v2\/product"}],"about":[{"href":"https:\/\/www.audiovisao.com.br\/site\/wp-json\/wp\/v2\/types\/product"}],"wp:featuredmedia":[{"embeddable":true,"href":"https:\/\/www.audiovisao.com.br\/site\/wp-json\/wp\/v2\/media\/2030"}],"wp:attachment":[{"href":"https:\/\/www.audiovisao.com.br\/site\/wp-json\/wp\/v2\/media?parent=137"}],"wp:term":[{"taxonomy":"product_brand","embeddable":true,"href":"https:\/\/www.audiovisao.com.br\/site\/wp-json\/wp\/v2\/product_brand?post=137"},{"taxonomy":"product_cat","embeddable":true,"href":"https:\/\/www.audiovisao.com.br\/site\/wp-json\/wp\/v2\/product_cat?post=137"},{"taxonomy":"product_tag","embeddable":true,"href":"https:\/\/www.audiovisao.com.br\/site\/wp-json\/wp\/v2\/product_tag?post=137"}],"curies":[{"name":"wp","href":"https:\/\/api.w.org\/{rel}","templated":true}]}}