{"id":138,"date":"2025-10-04T08:29:03","date_gmt":"2025-10-04T11:29:03","guid":{"rendered":"http:\/\/192.168.1.150\/user2\/wp_prototypes\/autoparts\/?post_type=product&#038;p=138"},"modified":"2025-10-13T16:14:38","modified_gmt":"2025-10-13T19:14:38","slug":"mesa-de-som-12-canais-ll-audio-stamix-s120d","status":"publish","type":"product","link":"https:\/\/www.audiovisao.com.br\/site\/produto\/mesa-de-som-12-canais-ll-audio-stamix-s120d\/","title":{"rendered":"MESA DE SOM 12 CANAIS LL AUDIO STARMIX S120D"},"content":{"rendered":"<p>Especifica\u00e7\u00f5es T\u00e9cnicas<\/p>\n<p>Canais Mic e Line: canal 01 e 02: MIC &#8211; Conector XLR \/ LINE &#8211; Conector 1\/4&#8243; TRS (P10) mono<\/p>\n<p>demais canais:<br \/>\nMIC &#8211; Conector 1\/4&#8243; TRS (P10) mono \/ LINE &#8211; Conector 1\/4&#8243; TRS (P10) mono<\/p>\n<p>equaliza\u00e7\u00e3o de 03 vias: LOW, MID e HIGH<br \/>\nFX: controle de efeito externo ou sa\u00edda de monitor<br \/>\nPAN: controle panor\u00e2mico<br \/>\nGAIN : controle de volume do canal<\/p>\n<p>Recursos Master (Main Selection)<br \/>\nSa\u00eddas:<br \/>\nMAIN OUT: sa\u00edda L \/ R da mesa com controles individuais de volume \u201cMAIN MIX\u201d<br \/>\nCTRL ROOM OUT: L \/ R sa\u00edda est\u00e9reo para Retorno<br \/>\nPHONES: sa\u00edda para Fone de Ouvido. As sa\u00eddas CTRL ROOM OUT e PHONES reproduzem o mesmo sinal, e possuem o mesmo controle de volume<br \/>\nREC: sa\u00edda para grava\u00e7\u00e3o da mesa<br \/>\nFX SEND: sa\u00edda de efeito ou de monitor<\/p>\n<p>Entradas:<br \/>\nAUX:entrada de sinal externa (CD, MD, PC etc)<br \/>\nST AUX RETURN: entrada est\u00e9reo para processador de efeitos externo<\/p>\n<p>Controles do Master:<br \/>\nAUX RETURN: controle volume ST AUX RETURN<br \/>\nAUX\/REC TO PHONES: quando pressionada envia o sinal da entrada \u201cAUX\u201d para as sa\u00eddas \u201cCTRL ROOM OUT\u201d e \u201cPHONES\u201d<br \/>\nAUX\/REC TO MAIN: quando pressionada envia o sinal da entrada \u201cAUX\u201d para a sa\u00edda da mesa \u201cMAIN OUT\u201d<\/p>\n<p>Consumo de Pot\u00eancia: 23 W<br \/>\nDimens\u00f5es mm (H x L x P): 75 x 485 x 280 &#8211; Padr\u00e3o RACK 19<br \/>\nPeso (Kg): 3,8<\/p>\n<p>(Especifica\u00e7\u00f5es fornecidas pelo fabricante \/ importador)<\/p>\n","protected":false},"excerpt":{"rendered":"<p>MESA DE SOM 12 CANAIS, USB<\/p>\n","protected":false},"featured_media":2020,"template":"","meta":{"_bst_post_transparent":"default","_bst_post_title":"","_bst_post_layout":"default","_bst_post_sidebar_id":"","_bst_post_content_style":"default","_bst_post_vertical_padding":"default","_bst_post_feature":"","_bst_post_feature_position":"","_bst_post_header":false,"_bst_post_footer":false},"product_brand":[],"product_cat":[119,111],"product_tag":[],"class_list":{"0":"post-138","1":"product","2":"type-product","3":"status-publish","4":"has-post-thumbnail","6":"product_cat-audio","7":"product_cat-mesas-de-som","9":"first","10":"instock","11":"featured","12":"shipping-taxable","13":"purchasable","14":"product-type-simple","15":"entry","16":"content-bg","17":"loop-entry"},"_links":{"self":[{"href":"https:\/\/www.audiovisao.com.br\/site\/wp-json\/wp\/v2\/product\/138","targetHints":{"allow":["GET"]}}],"collection":[{"href":"https:\/\/www.audiovisao.com.br\/site\/wp-json\/wp\/v2\/product"}],"about":[{"href":"https:\/\/www.audiovisao.com.br\/site\/wp-json\/wp\/v2\/types\/product"}],"wp:featuredmedia":[{"embeddable":true,"href":"https:\/\/www.audiovisao.com.br\/site\/wp-json\/wp\/v2\/media\/2020"}],"wp:attachment":[{"href":"https:\/\/www.audiovisao.com.br\/site\/wp-json\/wp\/v2\/media?parent=138"}],"wp:term":[{"taxonomy":"product_brand","embeddable":true,"href":"https:\/\/www.audiovisao.com.br\/site\/wp-json\/wp\/v2\/product_brand?post=138"},{"taxonomy":"product_cat","embeddable":true,"href":"https:\/\/www.audiovisao.com.br\/site\/wp-json\/wp\/v2\/product_cat?post=138"},{"taxonomy":"product_tag","embeddable":true,"href":"https:\/\/www.audiovisao.com.br\/site\/wp-json\/wp\/v2\/product_tag?post=138"}],"curies":[{"name":"wp","href":"https:\/\/api.w.org\/{rel}","templated":true}]}}