{"id":1736,"date":"2025-10-04T14:39:40","date_gmt":"2025-10-04T17:39:40","guid":{"rendered":"https:\/\/www.r3aautomotive.com.br\/site\/?post_type=product&#038;p=1736"},"modified":"2025-10-04T13:17:09","modified_gmt":"2025-10-04T16:17:09","slug":"caixa-acustica-ativa-vibe-sound-v8","status":"publish","type":"product","link":"https:\/\/www.audiovisao.com.br\/site\/produto\/caixa-acustica-ativa-vibe-sound-v8\/","title":{"rendered":"CAIXA AC\u00daSTICA ATIVA VIBE SOUND V8"},"content":{"rendered":"<p>A V8 Power \u00e9 a caixa de som amplificada que vai elevar sua experi\u00eancia musical com 340W RMS de pot\u00eancia. Ela oferece um som de alto n\u00edvel, com graves profundos que batem forte e agudos cristalinos, proporcionando uma sonoridade rica e envolvente para todos os momentos.<\/p>\n<p>Alto falante 8&#8243;<\/p>\n<p>Bluetooth<\/p>\n<p>Frequ\u00eancia 55Hz-20Khz<\/p>\n<p>Imped\u00e2ncia 3.6\u03a9<\/p>\n<p>Bateria 7.4V 3600Mah<\/p>\n<p>Fun\u00e7\u00f5es BT\/FM\/AUX\/REC\/MIC PRI\/LED Mode<\/p>\n<p>Tamanho m\u00e1ximo suportado das m\u00eddias 128GB<\/p>\n<p>Formato de \u00e1udio compat\u00edvel MP3<\/p>\n<p>Modo true wireless<\/p>\n<p>Dura\u00e7\u00e3o da bateria (100% volume) 3 horas<\/p>\n<p>Dura\u00e7\u00e3o da bateria em standby 7 horas<\/p>\n<p>Tempo de recarga 4 horas<\/p>\n<p>Adaptador AC 5V 1.5A<\/p>\n<p>Al\u00e7a de transporte<\/p>\n<p>&nbsp;<\/p>\n<p>Itens inclusos<\/p>\n<p>1x Caixa De Som Amplificada, 1x Guia Do Usu\u00e1rio, 1x Adaptador Ac\/dc, 1x Microfone Com Fio<\/p>\n<p>&nbsp;<\/p>\n<p>Homologa\u00e7\u00e3o Anatel N\u00ba 84212416756<\/p>\n<p>Dimens\u00f5es: 205*380*235mm<\/p>\n<p>Peso: 2,100kg<\/p>\n<p>M\u00faltiplas conex\u00f5es: Entradas: USB \/ Cart\u00e3o SD Auxiliar e Microfone<\/p>\n<p>Display digital: Sim<\/p>\n<p>Fun\u00e7\u00e3o r\u00e1dio: Sim<\/p>\n<p>Dura\u00e7\u00e3o da bateria em volume m\u00e9dio: 7 horas<\/p>\n<p>Potencia: 340W<\/p>\n<p>Cor: Preto<\/p>\n<p>(Especifica\u00e7\u00f5es fornecidas pelo fabricante \/ importador)<\/p>\n","protected":false},"excerpt":{"rendered":"<p>BLUETOOTH \/ USB \/ FUN\u00c7\u00c3O TWS \/ 340W RMS\/ BATERIA INTERNA<\/p>\n","protected":false},"featured_media":1944,"template":"","meta":{"_bst_post_transparent":"default","_bst_post_title":"","_bst_post_layout":"default","_bst_post_sidebar_id":"","_bst_post_content_style":"default","_bst_post_vertical_padding":"default","_bst_post_feature":"","_bst_post_feature_position":"","_bst_post_header":false,"_bst_post_footer":false},"product_brand":[],"product_cat":[119,113],"product_tag":[],"class_list":{"0":"post-1736","1":"product","2":"type-product","3":"status-publish","4":"has-post-thumbnail","6":"product_cat-audio","7":"product_cat-caixas-acusticas","9":"first","10":"instock","11":"shipping-taxable","12":"purchasable","13":"product-type-simple","14":"entry","15":"content-bg","16":"loop-entry"},"_links":{"self":[{"href":"https:\/\/www.audiovisao.com.br\/site\/wp-json\/wp\/v2\/product\/1736","targetHints":{"allow":["GET"]}}],"collection":[{"href":"https:\/\/www.audiovisao.com.br\/site\/wp-json\/wp\/v2\/product"}],"about":[{"href":"https:\/\/www.audiovisao.com.br\/site\/wp-json\/wp\/v2\/types\/product"}],"wp:featuredmedia":[{"embeddable":true,"href":"https:\/\/www.audiovisao.com.br\/site\/wp-json\/wp\/v2\/media\/1944"}],"wp:attachment":[{"href":"https:\/\/www.audiovisao.com.br\/site\/wp-json\/wp\/v2\/media?parent=1736"}],"wp:term":[{"taxonomy":"product_brand","embeddable":true,"href":"https:\/\/www.audiovisao.com.br\/site\/wp-json\/wp\/v2\/product_brand?post=1736"},{"taxonomy":"product_cat","embeddable":true,"href":"https:\/\/www.audiovisao.com.br\/site\/wp-json\/wp\/v2\/product_cat?post=1736"},{"taxonomy":"product_tag","embeddable":true,"href":"https:\/\/www.audiovisao.com.br\/site\/wp-json\/wp\/v2\/product_tag?post=1736"}],"curies":[{"name":"wp","href":"https:\/\/api.w.org\/{rel}","templated":true}]}}