{"id":175,"date":"2025-10-03T08:40:52","date_gmt":"2025-10-03T11:40:52","guid":{"rendered":"http:\/\/192.168.1.150\/user2\/wp_prototypes\/autoparts\/?post_type=product&#038;p=175"},"modified":"2025-10-03T18:39:28","modified_gmt":"2025-10-03T21:39:28","slug":"titulo-do-decimo-terceiro-produto","status":"publish","type":"product","link":"https:\/\/www.audiovisao.com.br\/site\/produto\/titulo-do-decimo-terceiro-produto\/","title":{"rendered":"MICROFONE SEM FIO DUPLO DYLAN DW-602 MAX"},"content":{"rendered":"<p><strong>Especifica\u00e7\u00f5es t\u00e9cnicas<\/strong><\/p>\n<p>Sistema<\/p>\n<ul>\n<li>Faixa de opera\u00e7\u00e3o: 50 metros sob condi\u00e7\u00f5es normais (onde o bast\u00e3o consegue enxergar o receptor)<\/li>\n<li>Resposta em frequ\u00eancia de \u00e1udio: 50 a 15.000 Hz, \u00b13 dB<\/li>\n<li>Rejei\u00e7\u00e3o de imagem: 60 dB t\u00edpico \/ Rejei\u00e7\u00e3o a esp\u00farios: 60 dB t\u00edpico<\/li>\n<li>Distor\u00e7\u00e3o do sistema (referente a \u00b115 kHz de desvio, modula\u00e7\u00e3o a 1 kHz): 0,1% de THD t\u00edpico<\/li>\n<li>Rela\u00e7\u00e3o sinal\/ru\u00eddo: 98 dB<\/li>\n<li>Sensibilidade: -109 dB para 12 dB SINAD t\u00edpico<\/li>\n<li>Faixa de temperatura de opera\u00e7\u00e3o: -18\u00b0C a 57\u00b0C. Nota: As caracter\u00edsticas da bateria podem limitar esta faixa.<\/li>\n<\/ul>\n<p>Transmissor de M\u00e3o<\/p>\n<ul>\n<li>Faixa de portadora RF: 625 a 694MHZ<\/li>\n<li>Sa\u00edda RF: 30mW<\/li>\n<li>Dimens\u00f5es: 236 x 51 mm (A x D)<\/li>\n<li>Peso l\u00edquido: 290g<\/li>\n<li>Alimenta\u00e7\u00e3o: 2 Pilhas Alcalinas 1,5v AA \/ Corrente nominal: 60mA<\/li>\n<\/ul>\n<p>Receptor Dw-602<\/p>\n<ul>\n<li>Faixa de portadora de RF: 625 a 694Mhz<\/li>\n<li>Conector: XLR macho 3 pino 1\/4(P-10)<br \/>\nN\u00edveis m\u00e1ximos de sa\u00edda: 1\/4 +5dbV \/ XLR: &#8211; 10dBV \/ N\u00edveis nominais de sa\u00edda: 1\/4 : -8dBV \/ XLR: -30dBV<\/li>\n<li>Configura\u00e7\u00f5es de sa\u00edda: Balanceada ativamente.<\/li>\n<li>Imped\u00e2ncia de sa\u00edda: 3,3k<\/li>\n<li>Pinagem dos conectores: XLR: 1: terra, 2 Sinal (+), 3: sinal (-) \/ 1\/4: Ponta: sinal, Carca\u00e7a: Terra<br \/>\nDimens\u00f5es: 41 x 197 x 138mm (A x L x P)<\/li>\n<li>Peso L\u00edquido: 460g<\/li>\n<li>Alimenta\u00e7\u00e3o: 12 \u2013 18 VCC nominal, 200mA.<\/li>\n<li>Fonte de Alimenta\u00e7\u00e3o: Adaptador 100V ou 220V com plug F\u00eamea 2,1mm.<\/li>\n<li>Prote\u00e7\u00e3o contra Phantom Power<\/li>\n<li>HOMOLOGADO ANATEL 1266-15-2367<\/li>\n<\/ul>\n<p>Conte\u00fado da caixa<\/p>\n<ul>\n<li>1 case<\/li>\n<li>2 microfones bast\u00e3o DW-602 MAX<\/li>\n<li>1 Receptor DW-602 MAX<\/li>\n<li>1 cabo P10\/P10<\/li>\n<li>1 Fonte bivolt<\/li>\n<li>1 manual\u00a0ilustrado<\/li>\n<\/ul>\n<p>(Especifica\u00e7\u00f5es fornecidas pelo fabricante \/ importador)<\/p>\n","protected":false},"excerpt":{"rendered":"<p>UHF &#8211; DUPLO &#8211; 26 FREQU\u00caNCIAS POR BAST\u00c3O &#8211; DE M\u00c3O &#8211; COM CASE<\/p>\n","protected":false},"featured_media":2012,"template":"","meta":{"_bst_post_transparent":"default","_bst_post_title":"","_bst_post_layout":"default","_bst_post_sidebar_id":"","_bst_post_content_style":"default","_bst_post_vertical_padding":"default","_bst_post_feature":"","_bst_post_feature_position":"","_bst_post_header":false,"_bst_post_footer":false},"product_brand":[],"product_cat":[119,90],"product_tag":[],"class_list":{"0":"post-175","1":"product","2":"type-product","3":"status-publish","4":"has-post-thumbnail","6":"product_cat-audio","7":"product_cat-microfones","9":"first","10":"instock","11":"featured","12":"shipping-taxable","13":"purchasable","14":"product-type-simple","15":"entry","16":"content-bg","17":"loop-entry"},"_links":{"self":[{"href":"https:\/\/www.audiovisao.com.br\/site\/wp-json\/wp\/v2\/product\/175","targetHints":{"allow":["GET"]}}],"collection":[{"href":"https:\/\/www.audiovisao.com.br\/site\/wp-json\/wp\/v2\/product"}],"about":[{"href":"https:\/\/www.audiovisao.com.br\/site\/wp-json\/wp\/v2\/types\/product"}],"wp:featuredmedia":[{"embeddable":true,"href":"https:\/\/www.audiovisao.com.br\/site\/wp-json\/wp\/v2\/media\/2012"}],"wp:attachment":[{"href":"https:\/\/www.audiovisao.com.br\/site\/wp-json\/wp\/v2\/media?parent=175"}],"wp:term":[{"taxonomy":"product_brand","embeddable":true,"href":"https:\/\/www.audiovisao.com.br\/site\/wp-json\/wp\/v2\/product_brand?post=175"},{"taxonomy":"product_cat","embeddable":true,"href":"https:\/\/www.audiovisao.com.br\/site\/wp-json\/wp\/v2\/product_cat?post=175"},{"taxonomy":"product_tag","embeddable":true,"href":"https:\/\/www.audiovisao.com.br\/site\/wp-json\/wp\/v2\/product_tag?post=175"}],"curies":[{"name":"wp","href":"https:\/\/api.w.org\/{rel}","templated":true}]}}