{"id":176,"date":"2025-10-03T08:47:09","date_gmt":"2025-10-03T11:47:09","guid":{"rendered":"http:\/\/192.168.1.150\/user2\/wp_prototypes\/autoparts\/?post_type=product&#038;p=176"},"modified":"2025-10-04T13:23:46","modified_gmt":"2025-10-04T16:23:46","slug":"microfone-sem-fio-duplo-kadosh-k392m","status":"publish","type":"product","link":"https:\/\/www.audiovisao.com.br\/site\/produto\/microfone-sem-fio-duplo-kadosh-k392m\/","title":{"rendered":"MICROFONE SEM FIO DUPLO KADOSH K392M"},"content":{"rendered":"<ul>\n<li>Faixa de frequ\u00eancia: 618 &#8211; 690 MHz;<\/li>\n<li>Largura de banda: 12\/24 MHz, 50 frequ\u00eancias selecion\u00e1veis por canal;<\/li>\n<li>Fun\u00e7\u00e3o ACT\/IR: Fun\u00e7\u00e3o de varredura autom\u00e1tica;<\/li>\n<li>Tecnologia combinada: PLL;<\/li>\n<li>Estabilidade de frequ\u00eancia: +0,002%;<\/li>\n<li>Resposta de frequ\u00eancia: 40-18000Hz;<\/li>\n<li>Rela\u00e7\u00e3o S\/N: &gt;105dB(12dB S\/NAD)T.HD:&lt;0,5%@1KHz;<\/li>\n<li>Modo mudo: Ru\u00eddo bloqueado + tom piloto bloqueado com display digital LCD;<\/li>\n<li>Sensibilidade: 3uV 30Db S\/N;<\/li>\n<li>Faixa de desvio m\u00e1ximo: + 2 KHz;<\/li>\n<li>Rejei\u00e7\u00e3o de imagem: &gt;90dB t\u00edpico;<\/li>\n<li>Rejei\u00e7\u00e3o de canal adjacente: 90dB t\u00edpico;<\/li>\n<li>Emiss\u00f5es esp\u00farias: &lt;-60dB;<\/li>\n<li>N\u00edvel m\u00e1ximo de sa\u00edda: Balanceado: 0-600mV Desbalanceado: 0-300mV;<\/li>\n<li>Fonte de alimenta\u00e7\u00e3o: Bivolt autom\u00e1tico, 50-60 Hz;<\/li>\n<li>Consumo de energia: 5W;<\/li>\n<li>Temperatura de trabalho: -10 C a 40 C.<\/li>\n<\/ul>\n<p>(Especifica\u00e7\u00f5es fornecidas pelo fabricante \/ importador)<\/p>\n","protected":false},"excerpt":{"rendered":"<p>UHF &#8211; DUPLO &#8211; 50 FREQU\u00caNCIAS POR BAST\u00c3O &#8211; DE M\u00c3O &#8211; COM CASE<\/p>\n","protected":false},"featured_media":2006,"template":"","meta":{"_bst_post_transparent":"default","_bst_post_title":"","_bst_post_layout":"default","_bst_post_sidebar_id":"","_bst_post_content_style":"default","_bst_post_vertical_padding":"default","_bst_post_feature":"","_bst_post_feature_position":"","_bst_post_header":false,"_bst_post_footer":false},"product_brand":[],"product_cat":[119,90],"product_tag":[],"class_list":{"0":"post-176","1":"product","2":"type-product","3":"status-publish","4":"has-post-thumbnail","6":"product_cat-audio","7":"product_cat-microfones","9":"first","10":"instock","11":"shipping-taxable","12":"purchasable","13":"product-type-simple","14":"entry","15":"content-bg","16":"loop-entry"},"_links":{"self":[{"href":"https:\/\/www.audiovisao.com.br\/site\/wp-json\/wp\/v2\/product\/176","targetHints":{"allow":["GET"]}}],"collection":[{"href":"https:\/\/www.audiovisao.com.br\/site\/wp-json\/wp\/v2\/product"}],"about":[{"href":"https:\/\/www.audiovisao.com.br\/site\/wp-json\/wp\/v2\/types\/product"}],"wp:featuredmedia":[{"embeddable":true,"href":"https:\/\/www.audiovisao.com.br\/site\/wp-json\/wp\/v2\/media\/2006"}],"wp:attachment":[{"href":"https:\/\/www.audiovisao.com.br\/site\/wp-json\/wp\/v2\/media?parent=176"}],"wp:term":[{"taxonomy":"product_brand","embeddable":true,"href":"https:\/\/www.audiovisao.com.br\/site\/wp-json\/wp\/v2\/product_brand?post=176"},{"taxonomy":"product_cat","embeddable":true,"href":"https:\/\/www.audiovisao.com.br\/site\/wp-json\/wp\/v2\/product_cat?post=176"},{"taxonomy":"product_tag","embeddable":true,"href":"https:\/\/www.audiovisao.com.br\/site\/wp-json\/wp\/v2\/product_tag?post=176"}],"curies":[{"name":"wp","href":"https:\/\/api.w.org\/{rel}","templated":true}]}}