{"id":184,"date":"2025-10-03T08:52:45","date_gmt":"2025-10-03T11:52:45","guid":{"rendered":"http:\/\/192.168.1.150\/user2\/wp_prototypes\/autoparts\/?post_type=product&#038;p=184"},"modified":"2025-10-28T11:53:03","modified_gmt":"2025-10-28T14:53:03","slug":"mesa-de-som-leacs-1202vli","status":"publish","type":"product","link":"https:\/\/www.audiovisao.com.br\/site\/produto\/mesa-de-som-leacs-1202vli\/","title":{"rendered":"MESA DE SOM LEAC&#8217;S 1202VLI"},"content":{"rendered":"<p><strong>Especifica\u00e7\u00f5es T\u00e9cnicas<\/strong><\/p>\n<p>&nbsp;<\/p>\n<p>12 Canais de entrada<\/p>\n<p>Sensibilidade de entrada: Ajust\u00e1vel de +10 a -60dBm<\/p>\n<p>Equaliza\u00e7\u00e3o em 3 bandas:<\/p>\n<p>Controle de graves (LOW): + ou &#8211; 12dB em 80Hz<\/p>\n<p>Controle de graves (MID): + ou &#8211; 12dB em 2,5Khz<\/p>\n<p>Controle de graves (HIGH): + ou &#8211; 12dB em 12Khz<\/p>\n<p>Canais Master<\/p>\n<p>N\u00edvel de indicador de pico (L \/ R): 4,9V RMS (+16dBm)<\/p>\n<p>M\u00e1xima sa\u00edda monitor: 8,7V RMS (+21dBm)<\/p>\n<p>N\u00edvel de sa\u00edda efeito: 338mV RMS (-6dBm)<\/p>\n<p>N\u00edvel de sa\u00edda para grava\u00e7\u00e3o direta=a sa\u00edda master (L \/ R) -3dB<\/p>\n<p>Resposta de frequ\u00eancia: 20Hz a 35Khz = ou &#8211; 1dB<\/p>\n<p>Distor\u00e7\u00e3o harm\u00f4nica total + ru\u00eddo: 0,02% a 1Khz em 0dBm<\/p>\n<p>Pot\u00eancia de sa\u00edda para fone-de-ouvido: 2X0,3W RMS em 8 Ohms (imped\u00e2ncia m\u00ednima)<\/p>\n<p>Pot\u00eancia de sa\u00edda para fone de ouvido: 2X0,5W RMS em 32 Ohms<\/p>\n<p>M\u00e1ximo consumo: 18W<\/p>\n<p>Alimenta\u00e7\u00e3o: 110\/220Volts + ou &#8211; 15%<\/p>\n<p><strong>\u00a0<\/strong><strong>Dimens\u00f5es<\/strong><\/p>\n<p>Altura: 85 mm \/\u00a0Largura: 486 mm \/\u00a0Profundidade: 270 mm<\/p>\n<p>Peso aproximado: 3 Kg<\/p>\n<p>M\u00e1ximo consumo: 18W\/1202 \/\u00a0Alimenta\u00e7\u00e3o: 110\/220Volts + ou &#8211; 15%<\/p>\n<p>(Especifica\u00e7\u00f5es fornecidas pelo fabricante \/ importador)<\/p>\n","protected":false},"excerpt":{"rendered":"<p>12 CANAIS DE ENTRADA &#8211; PADR\u00c3O RACK 19&#8243;<\/p>\n","protected":false},"featured_media":2004,"template":"","meta":{"_bst_post_transparent":"default","_bst_post_title":"","_bst_post_layout":"default","_bst_post_sidebar_id":"","_bst_post_content_style":"default","_bst_post_vertical_padding":"default","_bst_post_feature":"","_bst_post_feature_position":"","_bst_post_header":false,"_bst_post_footer":false},"product_brand":[],"product_cat":[119,111],"product_tag":[],"class_list":{"0":"post-184","1":"product","2":"type-product","3":"status-publish","4":"has-post-thumbnail","6":"product_cat-audio","7":"product_cat-mesas-de-som","9":"first","10":"instock","11":"featured","12":"shipping-taxable","13":"purchasable","14":"product-type-simple","15":"entry","16":"content-bg","17":"loop-entry"},"_links":{"self":[{"href":"https:\/\/www.audiovisao.com.br\/site\/wp-json\/wp\/v2\/product\/184","targetHints":{"allow":["GET"]}}],"collection":[{"href":"https:\/\/www.audiovisao.com.br\/site\/wp-json\/wp\/v2\/product"}],"about":[{"href":"https:\/\/www.audiovisao.com.br\/site\/wp-json\/wp\/v2\/types\/product"}],"wp:featuredmedia":[{"embeddable":true,"href":"https:\/\/www.audiovisao.com.br\/site\/wp-json\/wp\/v2\/media\/2004"}],"wp:attachment":[{"href":"https:\/\/www.audiovisao.com.br\/site\/wp-json\/wp\/v2\/media?parent=184"}],"wp:term":[{"taxonomy":"product_brand","embeddable":true,"href":"https:\/\/www.audiovisao.com.br\/site\/wp-json\/wp\/v2\/product_brand?post=184"},{"taxonomy":"product_cat","embeddable":true,"href":"https:\/\/www.audiovisao.com.br\/site\/wp-json\/wp\/v2\/product_cat?post=184"},{"taxonomy":"product_tag","embeddable":true,"href":"https:\/\/www.audiovisao.com.br\/site\/wp-json\/wp\/v2\/product_tag?post=184"}],"curies":[{"name":"wp","href":"https:\/\/api.w.org\/{rel}","templated":true}]}}