{"id":186,"date":"2025-10-01T09:02:36","date_gmt":"2025-10-01T12:02:36","guid":{"rendered":"http:\/\/192.168.1.150\/user2\/wp_prototypes\/autoparts\/?post_type=product&#038;p=186"},"modified":"2025-10-04T13:19:59","modified_gmt":"2025-10-04T16:19:59","slug":"microfone-sem-fio-dylan-udx01-multi","status":"publish","type":"product","link":"https:\/\/www.audiovisao.com.br\/site\/produto\/microfone-sem-fio-dylan-udx01-multi\/","title":{"rendered":"MICROFONE SEM FIO DYLAN UDX01 MULTI"},"content":{"rendered":"<ul>\n<li>Sistema transmiss\u00e3o UHF faixa de 663,5 a 693,5 mhz homologado pela ANATEL;<\/li>\n<li>Bast\u00f5es com display digital e sintonizador de at\u00e9 30 canais;<\/li>\n<li>Chave on\/off (liga desliga);<\/li>\n<li>Alimenta\u00e7\u00e3o com pilhas 1,5v;<\/li>\n<li>Sistema Faixa de opera\u00e7\u00e3o: at\u00e9 100 m sob condi\u00e7\u00f5es t\u00edpicas;<\/li>\n<li>Resposta em frequ\u00eancia de \u00e1udio: 50Hz ~ 15kHz, \u00b13 dB;<\/li>\n<li>Rejei\u00e7\u00e3o de imagem: 60 dB t\u00edpico Rejei\u00e7\u00e3o a esp\u00farios: &gt;60 dB t\u00edpico;<\/li>\n<li>Distor\u00e7\u00e3o do sistema (referente a \u00b115 kHz de desvio, modula\u00e7\u00e3o a 1 kHz): 0,1% de THD t\u00edpico Rela\u00e7\u00e3o sinal\/ru\u00eddo: 98 dB;<\/li>\n<li>Sensibilidade: -109 dB para 12 dB SINAD t\u00edpico;<\/li>\n<li>Faixa de temperatura de opera\u00e7\u00e3o: -18 \u00b0C a 57 \u00b0C. Nota: As caracter\u00edsticas da bateria podem limitar esta faixa;<\/li>\n<li>Vida da bateria: 10 horas com 2 pilhas alcalinas AA Transmissor de m\u00e3o;<\/li>\n<li>Conector: XLR macho 3 pino 1\/4\u201d (P-10);<\/li>\n<li>Configura\u00e7\u00f5es de sa\u00edda: Balanceada ativamente;<\/li>\n<li>Fonte de Alimenta\u00e7\u00e3o: Adaptador 100V ou 220V com plug F\u00eamea 2,1mm;<\/li>\n<li>Prote\u00e7\u00e3o contra Phantom Power<\/li>\n<\/ul>\n<p>(Especifica\u00e7\u00f5es fornecidas pelo fabricante \/ importador)<\/p>\n","protected":false},"excerpt":{"rendered":"<p>UHF &#8211; 30 CANAIS &#8211; DE M\u00c3O<\/p>\n","protected":false},"featured_media":1999,"template":"","meta":{"_bst_post_transparent":"default","_bst_post_title":"","_bst_post_layout":"default","_bst_post_sidebar_id":"","_bst_post_content_style":"default","_bst_post_vertical_padding":"default","_bst_post_feature":"","_bst_post_feature_position":"","_bst_post_header":false,"_bst_post_footer":false},"product_brand":[],"product_cat":[119,90],"product_tag":[],"class_list":{"0":"post-186","1":"product","2":"type-product","3":"status-publish","4":"has-post-thumbnail","6":"product_cat-audio","7":"product_cat-microfones","9":"first","10":"instock","11":"shipping-taxable","12":"purchasable","13":"product-type-simple","14":"entry","15":"content-bg","16":"loop-entry"},"_links":{"self":[{"href":"https:\/\/www.audiovisao.com.br\/site\/wp-json\/wp\/v2\/product\/186","targetHints":{"allow":["GET"]}}],"collection":[{"href":"https:\/\/www.audiovisao.com.br\/site\/wp-json\/wp\/v2\/product"}],"about":[{"href":"https:\/\/www.audiovisao.com.br\/site\/wp-json\/wp\/v2\/types\/product"}],"wp:featuredmedia":[{"embeddable":true,"href":"https:\/\/www.audiovisao.com.br\/site\/wp-json\/wp\/v2\/media\/1999"}],"wp:attachment":[{"href":"https:\/\/www.audiovisao.com.br\/site\/wp-json\/wp\/v2\/media?parent=186"}],"wp:term":[{"taxonomy":"product_brand","embeddable":true,"href":"https:\/\/www.audiovisao.com.br\/site\/wp-json\/wp\/v2\/product_brand?post=186"},{"taxonomy":"product_cat","embeddable":true,"href":"https:\/\/www.audiovisao.com.br\/site\/wp-json\/wp\/v2\/product_cat?post=186"},{"taxonomy":"product_tag","embeddable":true,"href":"https:\/\/www.audiovisao.com.br\/site\/wp-json\/wp\/v2\/product_tag?post=186"}],"curies":[{"name":"wp","href":"https:\/\/api.w.org\/{rel}","templated":true}]}}