{"id":2015,"date":"2025-10-03T18:49:22","date_gmt":"2025-10-03T21:49:22","guid":{"rendered":"https:\/\/www.audiovisao.com.br\/site\/?post_type=product&#038;p=2015"},"modified":"2025-10-03T18:55:57","modified_gmt":"2025-10-03T21:55:57","slug":"mesa-de-som-8-canais-oneal-omx8","status":"publish","type":"product","link":"https:\/\/www.audiovisao.com.br\/site\/produto\/mesa-de-som-8-canais-oneal-omx8\/","title":{"rendered":"MESA DE SOM 8 CANAIS ONEAL OMX8"},"content":{"rendered":"<ul>\n<li>Sensibilidade de entrada (mic): 14mvrms<\/li>\n<li>Sensibilidade de entrada (line): 260mvrms<\/li>\n<li>Sensibilidade de entrada (effect): 1vrms<\/li>\n<li>Sensibilidade de entrada: 530mvrms<\/li>\n<li>Sensibilidade das entradas: (v master= 3,5vrms, f=1khz, controles de tom Plano)<\/li>\n<li>N\u00edvel de sa\u00edda master m\u00e1ximo: 7vrms<\/li>\n<li>N\u00edvel de sa\u00edda monitor m\u00e1ximo: 7vrms<\/li>\n<li>N\u00edvel de sa\u00edda effect m\u00e1ximo: 7vrms<\/li>\n<li>N\u00edvel de sa\u00edda rec out m\u00e1ximo: 7vrms<\/li>\n<li>Pot\u00eancia de sa\u00edda phones (16 ohms): 150mw<\/li>\n<li>Led indicador de pico (peak): 3,5vrms<\/li>\n<li>Resposta de frequ\u00eancia: 10hz \u00e0 40khz<\/li>\n<li>Controle de graves (low): +\/- 15db 60hz<\/li>\n<li>Controle de m\u00e9dios (mid): +\/- 15db 2,5khz<\/li>\n<li>Controle de agudos (high): +\/- 15db 15khz<\/li>\n<li>Equaliza\u00e7\u00e3o turbo loud: sim<\/li>\n<li>Recurso MON\/PFL: sim<\/li>\n<li>Tens\u00e3o de rede: 120v &#8211; 220v<\/li>\n<li>Consumo m\u00e1ximo: 8w<\/li>\n<li>Dimens\u00f5es: Altura 80mm \/ Largura 483mm \/ Profundidade 300mm<\/li>\n<li>Peso l\u00edquido: 4,0kg<\/li>\n<\/ul>\n<p>(Especifica\u00e7\u00f5es fornecidas pelo fabricante \/ importador)<\/p>\n","protected":false},"excerpt":{"rendered":"<p>8 CANAIS P-10 MIC\/LINE &#8211; PADR\u00c3O RACK 19&#8243;<\/p>\n","protected":false},"featured_media":2016,"template":"","meta":{"_bst_post_transparent":"default","_bst_post_title":"","_bst_post_layout":"default","_bst_post_sidebar_id":"","_bst_post_content_style":"default","_bst_post_vertical_padding":"default","_bst_post_feature":"","_bst_post_feature_position":"","_bst_post_header":false,"_bst_post_footer":false},"product_brand":[],"product_cat":[119,111],"product_tag":[],"class_list":{"0":"post-2015","1":"product","2":"type-product","3":"status-publish","4":"has-post-thumbnail","6":"product_cat-audio","7":"product_cat-mesas-de-som","9":"first","10":"instock","11":"shipping-taxable","12":"purchasable","13":"product-type-simple","14":"entry","15":"content-bg","16":"loop-entry"},"_links":{"self":[{"href":"https:\/\/www.audiovisao.com.br\/site\/wp-json\/wp\/v2\/product\/2015","targetHints":{"allow":["GET"]}}],"collection":[{"href":"https:\/\/www.audiovisao.com.br\/site\/wp-json\/wp\/v2\/product"}],"about":[{"href":"https:\/\/www.audiovisao.com.br\/site\/wp-json\/wp\/v2\/types\/product"}],"wp:featuredmedia":[{"embeddable":true,"href":"https:\/\/www.audiovisao.com.br\/site\/wp-json\/wp\/v2\/media\/2016"}],"wp:attachment":[{"href":"https:\/\/www.audiovisao.com.br\/site\/wp-json\/wp\/v2\/media?parent=2015"}],"wp:term":[{"taxonomy":"product_brand","embeddable":true,"href":"https:\/\/www.audiovisao.com.br\/site\/wp-json\/wp\/v2\/product_brand?post=2015"},{"taxonomy":"product_cat","embeddable":true,"href":"https:\/\/www.audiovisao.com.br\/site\/wp-json\/wp\/v2\/product_cat?post=2015"},{"taxonomy":"product_tag","embeddable":true,"href":"https:\/\/www.audiovisao.com.br\/site\/wp-json\/wp\/v2\/product_tag?post=2015"}],"curies":[{"name":"wp","href":"https:\/\/api.w.org\/{rel}","templated":true}]}}