{"id":2051,"date":"2025-10-04T18:38:27","date_gmt":"2025-10-04T21:38:27","guid":{"rendered":"https:\/\/www.audiovisao.com.br\/site\/?post_type=product&#038;p=2051"},"modified":"2025-10-04T19:03:07","modified_gmt":"2025-10-04T22:03:07","slug":"caixa-acustica-staner-sr-315a","status":"publish","type":"product","link":"https:\/\/www.audiovisao.com.br\/site\/produto\/caixa-acustica-staner-sr-315a\/","title":{"rendered":"CAIXA AC\u00daSTICA ATIVA STANER SR-315A"},"content":{"rendered":"<p><strong>Especifica\u00e7\u00f5es T\u00e9cnicas:<\/strong><\/p>\n<ul>\n<li>Alto-falante de 15&#8243;<\/li>\n<li>Driver de Tit\u00e2nio 1 1\/4&#8243;<\/li>\n<li>Bi-Amplificada<\/li>\n<li>300W RMS<\/li>\n<li>Resposta de frequ\u00eancia 55Hz ~ 18kHz<\/li>\n<li>Comunica\u00e7\u00e3o via Bluetooth<\/li>\n<li>Reprodutor de MP3 via USB e SD Card<\/li>\n<li>Controle Remoto Frontal<\/li>\n<li>05 Presets de Equaliza\u00e7\u00e3o<\/li>\n<li>Receptor FM<\/li>\n<li>Entradas balanceadas XLR e TRS 1\/4&#8243;<\/li>\n<li>Entradas de linha P2, RCA e XLR<\/li>\n<li>Sa\u00edda de linha XLR<\/li>\n<li>Auto Voltage (100~240Vac)<\/li>\n<li>Gabinete Exclusivo STANER<\/li>\n<li>Angula\u00e7\u00e3o para uso como monitor (L\/R)<\/li>\n<li>03 pontos para montagem &#8220;Fly&#8221;<\/li>\n<li>Encaixe para pedestal com trava<\/li>\n<li>Dimens\u00f5es (AxLxP): 69cm x 44cm x 34.5cm<\/li>\n<li>Peso: 19kg<\/li>\n<\/ul>\n<div><\/div>\n<div>(Especifica\u00e7\u00f5es fornecidas pelo fabricante \/ importador)<\/div>\n","protected":false},"excerpt":{"rendered":"<p>CAIXA ATIVA 15&#8243;\/ BT \/ USB \/ 5 PRESETS EQ \/ 300W RMS<\/p>\n","protected":false},"featured_media":2052,"template":"","meta":{"_bst_post_transparent":"default","_bst_post_title":"","_bst_post_layout":"default","_bst_post_sidebar_id":"","_bst_post_content_style":"default","_bst_post_vertical_padding":"default","_bst_post_feature":"","_bst_post_feature_position":"","_bst_post_header":false,"_bst_post_footer":false},"product_brand":[],"product_cat":[119,113],"product_tag":[],"class_list":{"0":"post-2051","1":"product","2":"type-product","3":"status-publish","4":"has-post-thumbnail","6":"product_cat-audio","7":"product_cat-caixas-acusticas","9":"first","10":"instock","11":"featured","12":"shipping-taxable","13":"purchasable","14":"product-type-simple","15":"entry","16":"content-bg","17":"loop-entry"},"_links":{"self":[{"href":"https:\/\/www.audiovisao.com.br\/site\/wp-json\/wp\/v2\/product\/2051","targetHints":{"allow":["GET"]}}],"collection":[{"href":"https:\/\/www.audiovisao.com.br\/site\/wp-json\/wp\/v2\/product"}],"about":[{"href":"https:\/\/www.audiovisao.com.br\/site\/wp-json\/wp\/v2\/types\/product"}],"wp:featuredmedia":[{"embeddable":true,"href":"https:\/\/www.audiovisao.com.br\/site\/wp-json\/wp\/v2\/media\/2052"}],"wp:attachment":[{"href":"https:\/\/www.audiovisao.com.br\/site\/wp-json\/wp\/v2\/media?parent=2051"}],"wp:term":[{"taxonomy":"product_brand","embeddable":true,"href":"https:\/\/www.audiovisao.com.br\/site\/wp-json\/wp\/v2\/product_brand?post=2051"},{"taxonomy":"product_cat","embeddable":true,"href":"https:\/\/www.audiovisao.com.br\/site\/wp-json\/wp\/v2\/product_cat?post=2051"},{"taxonomy":"product_tag","embeddable":true,"href":"https:\/\/www.audiovisao.com.br\/site\/wp-json\/wp\/v2\/product_tag?post=2051"}],"curies":[{"name":"wp","href":"https:\/\/api.w.org\/{rel}","templated":true}]}}