{"id":2057,"date":"2025-10-04T18:51:41","date_gmt":"2025-10-04T21:51:41","guid":{"rendered":"https:\/\/www.audiovisao.com.br\/site\/?post_type=product&#038;p=2057"},"modified":"2025-10-04T19:02:11","modified_gmt":"2025-10-04T22:02:11","slug":"microfone-sem-fio-duplo-novik-unk-600","status":"publish","type":"product","link":"https:\/\/www.audiovisao.com.br\/site\/produto\/microfone-sem-fio-duplo-novik-unk-600\/","title":{"rendered":"MICROFONE SEM FIO DUPLO NOVIK UNK 600"},"content":{"rendered":"<p><strong>Especifica\u00e7\u00f5es T\u00e9cnicas<\/strong><\/p>\n<p><strong>Receptor: <\/strong><\/p>\n<ul>\n<li>Fonte: DC 17V<\/li>\n<li>Consumo: 4W<\/li>\n<li>Rela\u00e7\u00e3o Sinal\/Ru\u00eddo: &gt;90dB<\/li>\n<li>Imagem e Rejei\u00e7\u00e3o de Esp\u00fario: &gt;80dB<\/li>\n<li>Rejei\u00e7\u00e3o de Canais: &gt;80dB<\/li>\n<li>Sensibilidade de Recep\u00e7\u00e3o: 10dBuV Sinad=30dB<\/li>\n<li>De-Emphasis: 50us<\/li>\n<\/ul>\n<p><strong>\u00a0<\/strong><strong>Transmissor de M\u00e3o:<\/strong><\/p>\n<ul>\n<li>Pot\u00eancia RF: 8.5mW<\/li>\n<li>Tipo de Modula\u00e7\u00e3o: fm,f3f<\/li>\n<li>Desvio M\u00e1x.: +-25kHz<\/li>\n<li>Emiss\u00e3o de Esp\u00faria: &gt;40dB<\/li>\n<li>Alimenta\u00e7\u00e3o: 1.5V x2 \/ Pilhas AA<\/li>\n<li>Uso Cont\u00ednuo: 6hs<\/li>\n<\/ul>\n<p><strong>\u00a0<\/strong><strong>Desempenho:<\/strong><\/p>\n<ul>\n<li>Estabiliza\u00e7\u00e3o de Frequ\u00eancia: &lt;+-30ppm<\/li>\n<li>Faixa Din\u00e2mica: &gt;90dB<\/li>\n<li>Distor\u00e7\u00e3o Harm\u00f4nica Total: &lt;0.5%<\/li>\n<li>Resposta de Frequ\u00eancia: 40Hz-15kHz +-3dB<\/li>\n<li>N\u00edvel de Sa\u00edda de \u00c1udio: +-400Mv<\/li>\n<\/ul>\n<p>(Especifica\u00e7\u00f5es fornecidas pelo fabricante \/ importador)<\/p>\n","protected":false},"excerpt":{"rendered":"<p>DUPLO \/ DE M\u00c3O \/ UHF \/ VISOR LCD<\/p>\n","protected":false},"featured_media":2058,"template":"","meta":{"_bst_post_transparent":"default","_bst_post_title":"","_bst_post_layout":"default","_bst_post_sidebar_id":"","_bst_post_content_style":"default","_bst_post_vertical_padding":"default","_bst_post_feature":"","_bst_post_feature_position":"","_bst_post_header":false,"_bst_post_footer":false},"product_brand":[],"product_cat":[119,90],"product_tag":[],"class_list":{"0":"post-2057","1":"product","2":"type-product","3":"status-publish","4":"has-post-thumbnail","6":"product_cat-audio","7":"product_cat-microfones","9":"first","10":"instock","11":"shipping-taxable","12":"purchasable","13":"product-type-simple","14":"entry","15":"content-bg","16":"loop-entry"},"_links":{"self":[{"href":"https:\/\/www.audiovisao.com.br\/site\/wp-json\/wp\/v2\/product\/2057","targetHints":{"allow":["GET"]}}],"collection":[{"href":"https:\/\/www.audiovisao.com.br\/site\/wp-json\/wp\/v2\/product"}],"about":[{"href":"https:\/\/www.audiovisao.com.br\/site\/wp-json\/wp\/v2\/types\/product"}],"wp:featuredmedia":[{"embeddable":true,"href":"https:\/\/www.audiovisao.com.br\/site\/wp-json\/wp\/v2\/media\/2058"}],"wp:attachment":[{"href":"https:\/\/www.audiovisao.com.br\/site\/wp-json\/wp\/v2\/media?parent=2057"}],"wp:term":[{"taxonomy":"product_brand","embeddable":true,"href":"https:\/\/www.audiovisao.com.br\/site\/wp-json\/wp\/v2\/product_brand?post=2057"},{"taxonomy":"product_cat","embeddable":true,"href":"https:\/\/www.audiovisao.com.br\/site\/wp-json\/wp\/v2\/product_cat?post=2057"},{"taxonomy":"product_tag","embeddable":true,"href":"https:\/\/www.audiovisao.com.br\/site\/wp-json\/wp\/v2\/product_tag?post=2057"}],"curies":[{"name":"wp","href":"https:\/\/api.w.org\/{rel}","templated":true}]}}