{"id":2059,"date":"2025-10-04T19:04:13","date_gmt":"2025-10-04T22:04:13","guid":{"rendered":"https:\/\/www.audiovisao.com.br\/site\/?post_type=product&#038;p=2059"},"modified":"2025-10-04T19:47:00","modified_gmt":"2025-10-04T22:47:00","slug":"microfone-de-lapela-com-fio-soundvoice-soundcasting-200","status":"publish","type":"product","link":"https:\/\/www.audiovisao.com.br\/site\/produto\/microfone-de-lapela-com-fio-soundvoice-soundcasting-200\/","title":{"rendered":"MICROFONE DE LAPELA COM FIO SOUNDVOICE SOUNDCASTING 200"},"content":{"rendered":"<p>ESPECIFICA\u00c7\u00d5ES<\/p>\n<p>\u25cf Sensibilidade: -52dB \u00b1 5dB.<br \/>\n\u25cf Imped\u00e2ncia: 2,2 K\u2126<br \/>\n\u25cf Frequ\u00eancia de Resposta: 30Hz \u2013 15000Hz.<br \/>\n\u25cf Conector: 3,5mm Plug P2.<br \/>\n\u25cf Cor: Preta.<br \/>\n\u25cf Material: Pl\u00e1stico, Fios de Cobre e Circuitos Eletr\u00f4nicos.<br \/>\n\u25cf Tipo de Microfone: Din\u00e2mico<br \/>\n\u25cf Padr\u00e3o Polar: Omnidirecional<br \/>\n\u25cf Comprimento do Cabo: 3m<br \/>\n\u25cf Usos Recomendados: Grava\u00e7\u00f5es de \u00c1udio<\/p>\n<p>(Especifica\u00e7\u00f5es fornecidas pelo fabricante \/ importador)<\/p>\n","protected":false},"excerpt":{"rendered":"<p>DE LAPELA \/ EXCELENTE QUALIDADE<\/p>\n","protected":false},"featured_media":2060,"template":"","meta":{"_bst_post_transparent":"default","_bst_post_title":"","_bst_post_layout":"default","_bst_post_sidebar_id":"","_bst_post_content_style":"default","_bst_post_vertical_padding":"default","_bst_post_feature":"","_bst_post_feature_position":"","_bst_post_header":false,"_bst_post_footer":false},"product_brand":[],"product_cat":[119,90],"product_tag":[],"class_list":{"0":"post-2059","1":"product","2":"type-product","3":"status-publish","4":"has-post-thumbnail","6":"product_cat-audio","7":"product_cat-microfones","9":"first","10":"instock","11":"shipping-taxable","12":"purchasable","13":"product-type-simple","14":"entry","15":"content-bg","16":"loop-entry"},"_links":{"self":[{"href":"https:\/\/www.audiovisao.com.br\/site\/wp-json\/wp\/v2\/product\/2059","targetHints":{"allow":["GET"]}}],"collection":[{"href":"https:\/\/www.audiovisao.com.br\/site\/wp-json\/wp\/v2\/product"}],"about":[{"href":"https:\/\/www.audiovisao.com.br\/site\/wp-json\/wp\/v2\/types\/product"}],"wp:featuredmedia":[{"embeddable":true,"href":"https:\/\/www.audiovisao.com.br\/site\/wp-json\/wp\/v2\/media\/2060"}],"wp:attachment":[{"href":"https:\/\/www.audiovisao.com.br\/site\/wp-json\/wp\/v2\/media?parent=2059"}],"wp:term":[{"taxonomy":"product_brand","embeddable":true,"href":"https:\/\/www.audiovisao.com.br\/site\/wp-json\/wp\/v2\/product_brand?post=2059"},{"taxonomy":"product_cat","embeddable":true,"href":"https:\/\/www.audiovisao.com.br\/site\/wp-json\/wp\/v2\/product_cat?post=2059"},{"taxonomy":"product_tag","embeddable":true,"href":"https:\/\/www.audiovisao.com.br\/site\/wp-json\/wp\/v2\/product_tag?post=2059"}],"curies":[{"name":"wp","href":"https:\/\/api.w.org\/{rel}","templated":true}]}}