{"id":2062,"date":"2025-10-11T14:49:09","date_gmt":"2025-10-11T17:49:09","guid":{"rendered":"https:\/\/www.audiovisao.com.br\/site\/?post_type=product&#038;p=2062"},"modified":"2026-04-09T12:38:10","modified_gmt":"2026-04-09T15:38:10","slug":"caixa-acustica-ativa-soundvoice-cxm-empire-880","status":"publish","type":"product","link":"https:\/\/www.audiovisao.com.br\/site\/produto\/caixa-acustica-ativa-soundvoice-cxm-empire-880\/","title":{"rendered":"CAIXA AC\u00daSTICA ATIVA SOUNDVOICE CXM EMPIRE 880"},"content":{"rendered":"<p><strong>Especifica\u00e7\u00f5es T\u00e9cnicas:<\/strong><\/p>\n<ul>\n<li>Alto falantes: 8&#8243;x 2<\/li>\n<li>Pot\u00eancia de sa\u00edda: 80W RMS<\/li>\n<li>Frequ\u00eancia: 20Hz ~ 40kHz<\/li>\n<li>Conex\u00f5es: Auxiliar, bluetooth, USB, linha de \u00e1udio<\/li>\n<li>R\u00e1dio FM<\/li>\n<li>Bateria: 2400mAh<\/li>\n<li>Dura\u00e7\u00e3o da bateria: 2 ~ 4 horas<\/li>\n<li>Display de led<\/li>\n<li>Sistema TWS<\/li>\n<li>Material: pl\u00e1stico preto<\/li>\n<li>Entrada de \u00c1udio<\/li>\n<li>Ajustes: Grave e Agudo<\/li>\n<li>Ajuste de Echo<\/li>\n<li>Entrada P\/ Microfone<\/li>\n<li>Grava\u00e7\u00e3o<\/li>\n<li>Bivolt<\/li>\n<li>Controle Remoto<\/li>\n<li>Altura: 57cm<\/li>\n<li>Largura: 26cm<\/li>\n<li>Profundidade: 20cm<\/li>\n<li>Peso: 4.3 Kg<\/li>\n<\/ul>\n<div>(Especifica\u00e7\u00f5es fornecidas pelo fabricante \/ importador)<\/div>\n","protected":false},"excerpt":{"rendered":"<p>BT \/ USB \/ FM \/ COM BATERIA INTERNA<\/p>\n","protected":false},"featured_media":2072,"template":"","meta":{"_bst_post_transparent":"default","_bst_post_title":"","_bst_post_layout":"default","_bst_post_sidebar_id":"","_bst_post_content_style":"default","_bst_post_vertical_padding":"default","_bst_post_feature":"","_bst_post_feature_position":"","_bst_post_header":false,"_bst_post_footer":false},"product_brand":[],"product_cat":[119,113],"product_tag":[],"class_list":{"0":"post-2062","1":"product","2":"type-product","3":"status-publish","4":"has-post-thumbnail","6":"product_cat-audio","7":"product_cat-caixas-acusticas","9":"first","10":"instock","11":"featured","12":"shipping-taxable","13":"purchasable","14":"product-type-simple","15":"entry","16":"content-bg","17":"loop-entry"},"_links":{"self":[{"href":"https:\/\/www.audiovisao.com.br\/site\/wp-json\/wp\/v2\/product\/2062","targetHints":{"allow":["GET"]}}],"collection":[{"href":"https:\/\/www.audiovisao.com.br\/site\/wp-json\/wp\/v2\/product"}],"about":[{"href":"https:\/\/www.audiovisao.com.br\/site\/wp-json\/wp\/v2\/types\/product"}],"wp:featuredmedia":[{"embeddable":true,"href":"https:\/\/www.audiovisao.com.br\/site\/wp-json\/wp\/v2\/media\/2072"}],"wp:attachment":[{"href":"https:\/\/www.audiovisao.com.br\/site\/wp-json\/wp\/v2\/media?parent=2062"}],"wp:term":[{"taxonomy":"product_brand","embeddable":true,"href":"https:\/\/www.audiovisao.com.br\/site\/wp-json\/wp\/v2\/product_brand?post=2062"},{"taxonomy":"product_cat","embeddable":true,"href":"https:\/\/www.audiovisao.com.br\/site\/wp-json\/wp\/v2\/product_cat?post=2062"},{"taxonomy":"product_tag","embeddable":true,"href":"https:\/\/www.audiovisao.com.br\/site\/wp-json\/wp\/v2\/product_tag?post=2062"}],"curies":[{"name":"wp","href":"https:\/\/api.w.org\/{rel}","templated":true}]}}