{"id":2065,"date":"2025-10-11T15:01:23","date_gmt":"2025-10-11T18:01:23","guid":{"rendered":"https:\/\/www.audiovisao.com.br\/site\/?post_type=product&#038;p=2065"},"modified":"2026-04-09T12:38:31","modified_gmt":"2026-04-09T15:38:31","slug":"caixa-acustica-ativa-soundvoice-ca-80","status":"publish","type":"product","link":"https:\/\/www.audiovisao.com.br\/site\/produto\/caixa-acustica-ativa-soundvoice-ca-80\/","title":{"rendered":"CAIXA AC\u00daSTICA ATIVA SOUNDVOICE CA-80"},"content":{"rendered":"<p><strong>Especifica\u00e7\u00f5es T\u00e9cnicas:<\/strong><\/p>\n<ul>\n<li>Alto Falante de 8\u2033<\/li>\n<li>60W RMS\u00a0de Pot\u00eancia<\/li>\n<li>Fun\u00e7\u00e3o Bluetooth<\/li>\n<li>Entrada USB\/Sd\/P2<\/li>\n<li>Conex\u00e3o P10 para Microfone e Instrumentos<\/li>\n<li>Bateria com dura\u00e7\u00e3o de 4\u00a0\u00e0\u00a08 horas<\/li>\n<li>R\u00e1dio FM<\/li>\n<li>Al\u00e7a embutida<\/li>\n<li>Controle remoto<\/li>\n<li>Controle de volume principal e\u00a0microfone individuais<\/li>\n<li>Microfone priority<\/li>\n<li>Bivolt<\/li>\n<li>Peso Aproximado: 2,10Kg<\/li>\n<li>Dimens\u00f5es Aproximadas: 0,37 X 0,25 X 0,20cm<\/li>\n<\/ul>\n<div>(Especifica\u00e7\u00f5es fornecidas pelo fabricante \/ importador)<\/div>\n","protected":false},"excerpt":{"rendered":"<p>BT \/ USB \/ FM \/ COM BATERIA INTERNA<\/p>\n","protected":false},"featured_media":2070,"template":"","meta":{"_bst_post_transparent":"default","_bst_post_title":"","_bst_post_layout":"default","_bst_post_sidebar_id":"","_bst_post_content_style":"default","_bst_post_vertical_padding":"default","_bst_post_feature":"","_bst_post_feature_position":"","_bst_post_header":false,"_bst_post_footer":false},"product_brand":[],"product_cat":[119,113],"product_tag":[],"class_list":{"0":"post-2065","1":"product","2":"type-product","3":"status-publish","4":"has-post-thumbnail","6":"product_cat-audio","7":"product_cat-caixas-acusticas","9":"first","10":"instock","11":"featured","12":"shipping-taxable","13":"purchasable","14":"product-type-simple","15":"entry","16":"content-bg","17":"loop-entry"},"_links":{"self":[{"href":"https:\/\/www.audiovisao.com.br\/site\/wp-json\/wp\/v2\/product\/2065","targetHints":{"allow":["GET"]}}],"collection":[{"href":"https:\/\/www.audiovisao.com.br\/site\/wp-json\/wp\/v2\/product"}],"about":[{"href":"https:\/\/www.audiovisao.com.br\/site\/wp-json\/wp\/v2\/types\/product"}],"wp:featuredmedia":[{"embeddable":true,"href":"https:\/\/www.audiovisao.com.br\/site\/wp-json\/wp\/v2\/media\/2070"}],"wp:attachment":[{"href":"https:\/\/www.audiovisao.com.br\/site\/wp-json\/wp\/v2\/media?parent=2065"}],"wp:term":[{"taxonomy":"product_brand","embeddable":true,"href":"https:\/\/www.audiovisao.com.br\/site\/wp-json\/wp\/v2\/product_brand?post=2065"},{"taxonomy":"product_cat","embeddable":true,"href":"https:\/\/www.audiovisao.com.br\/site\/wp-json\/wp\/v2\/product_cat?post=2065"},{"taxonomy":"product_tag","embeddable":true,"href":"https:\/\/www.audiovisao.com.br\/site\/wp-json\/wp\/v2\/product_tag?post=2065"}],"curies":[{"name":"wp","href":"https:\/\/api.w.org\/{rel}","templated":true}]}}