{"id":2096,"date":"2025-10-11T17:14:00","date_gmt":"2025-10-11T20:14:00","guid":{"rendered":"https:\/\/www.audiovisao.com.br\/site\/?post_type=product&#038;p=2096"},"modified":"2025-10-11T17:27:52","modified_gmt":"2025-10-11T20:27:52","slug":"microfone-sem-fio-duplo-tsi-ud-1000","status":"publish","type":"product","link":"https:\/\/www.audiovisao.com.br\/site\/produto\/microfone-sem-fio-duplo-tsi-ud-1000\/","title":{"rendered":"MICROFONE SEM FIO DUPLO TSI UD-1000"},"content":{"rendered":"<p>ESPECIFICA\u00c7\u00d5ES<\/p>\n<ul>\n<li>Faixa de Frequ\u00eancia: 745.8 MHz ~ 764.8 MHz<\/li>\n<li>Resposta de Frequ\u00eancia: 40Hz ~ 18KHz<\/li>\n<li>Estabilidade de Frequ\u00eancia: = \u00b1 30ppm<\/li>\n<li>Faixa de opera\u00e7\u00e3o: 90dB<\/li>\n<li>Distor\u00e7\u00e3o Harm\u00f4nica Total: =0.5%<\/li>\n<li>Tom de Sa\u00edda: Modo balanceado: 0-300mV \/ Modo desbalanceado: 0-400mV<\/li>\n<\/ul>\n<p>Receptor:<\/p>\n<ul>\n<li>Alimenta\u00e7\u00e3o requerida: 12 a 16 VDC, 300mA (m\u00ednima).<\/li>\n<li>Faixa de Frequ\u00eancia: 614MHz 806MHz<\/li>\n<li>M\u00e1ximo desvio de frequ\u00eancia: 50Hz<\/li>\n<li>Rejei\u00e7\u00e3o de esp\u00farios: 75dB<\/li>\n<li>Rejei\u00e7\u00e3o de imagem: 80dB<\/li>\n<li>Rela\u00e7\u00e3o sinal\/ruido: 98dB<\/li>\n<li>Resposta de Frequ\u00eancia: 40Hz a 18kHz<\/li>\n<li>Sa\u00edda MIX: 0 a 400mV<\/li>\n<li>Sa\u00edda XLR: 0 a 300mV<\/li>\n<li>Sensibilidade: \u2264 1.6\u00b5V @ sinad = 20 dB<\/li>\n<li>THD: Distor\u00e7\u00e3o Harm\u00f4nica Total : \u2264 0.5% @ 1kHz<\/li>\n<\/ul>\n<p>Microfone:<\/p>\n<ul>\n<li>Alimenta\u00e7\u00e3o: 2 pilhas AA 1,5V<\/li>\n<li>C\u00e1psula: Din\u00e2mica<\/li>\n<li>Estabilidade de Frequ\u00eancia: -0,0005%<\/li>\n<li>Faixa de Frequ\u00eancia: 614MHz 806MHz<\/li>\n<li>Faixa de opera\u00e7\u00e3o: 90dB<\/li>\n<li>Modula\u00e7\u00e3o: FM<\/li>\n<li>Modula\u00e7\u00e3o M\u00e1xima: \u00b125kHz<\/li>\n<li>Padr\u00e3o polar cardi\u00f3ide<\/li>\n<li>Pot\u00eancia de Sa\u00edda: 30mW<\/li>\n<li>Resposta de Frequ\u00eancia: 40Hz a 18kHz<\/li>\n<\/ul>\n<p>(Especifica\u00e7\u00f5es fornecidas pelo fabricante \/ importador)<\/p>\n","protected":false},"excerpt":{"rendered":"<p>DE M\u00c3O \/ UHF \/DUPLO \/ 99 CANAIS<\/p>\n","protected":false},"featured_media":2097,"template":"","meta":{"_bst_post_transparent":"default","_bst_post_title":"","_bst_post_layout":"default","_bst_post_sidebar_id":"","_bst_post_content_style":"default","_bst_post_vertical_padding":"default","_bst_post_feature":"","_bst_post_feature_position":"","_bst_post_header":false,"_bst_post_footer":false},"product_brand":[],"product_cat":[119,90],"product_tag":[],"class_list":{"0":"post-2096","1":"product","2":"type-product","3":"status-publish","4":"has-post-thumbnail","6":"product_cat-audio","7":"product_cat-microfones","9":"first","10":"instock","11":"shipping-taxable","12":"purchasable","13":"product-type-simple","14":"entry","15":"content-bg","16":"loop-entry"},"_links":{"self":[{"href":"https:\/\/www.audiovisao.com.br\/site\/wp-json\/wp\/v2\/product\/2096","targetHints":{"allow":["GET"]}}],"collection":[{"href":"https:\/\/www.audiovisao.com.br\/site\/wp-json\/wp\/v2\/product"}],"about":[{"href":"https:\/\/www.audiovisao.com.br\/site\/wp-json\/wp\/v2\/types\/product"}],"wp:featuredmedia":[{"embeddable":true,"href":"https:\/\/www.audiovisao.com.br\/site\/wp-json\/wp\/v2\/media\/2097"}],"wp:attachment":[{"href":"https:\/\/www.audiovisao.com.br\/site\/wp-json\/wp\/v2\/media?parent=2096"}],"wp:term":[{"taxonomy":"product_brand","embeddable":true,"href":"https:\/\/www.audiovisao.com.br\/site\/wp-json\/wp\/v2\/product_brand?post=2096"},{"taxonomy":"product_cat","embeddable":true,"href":"https:\/\/www.audiovisao.com.br\/site\/wp-json\/wp\/v2\/product_cat?post=2096"},{"taxonomy":"product_tag","embeddable":true,"href":"https:\/\/www.audiovisao.com.br\/site\/wp-json\/wp\/v2\/product_tag?post=2096"}],"curies":[{"name":"wp","href":"https:\/\/api.w.org\/{rel}","templated":true}]}}