{"id":2099,"date":"2025-10-11T17:28:29","date_gmt":"2025-10-11T20:28:29","guid":{"rendered":"https:\/\/www.audiovisao.com.br\/site\/?post_type=product&#038;p=2099"},"modified":"2025-10-11T17:38:41","modified_gmt":"2025-10-11T20:38:41","slug":"microfone-sem-fio-duplo-kadosh-k502m","status":"publish","type":"product","link":"https:\/\/www.audiovisao.com.br\/site\/produto\/microfone-sem-fio-duplo-kadosh-k502m\/","title":{"rendered":"MICROFONE SEM FIO DUPLO KADOSH K502M"},"content":{"rendered":"<p>ESPECIFICA\u00c7\u00d5ES<\/p>\n<ul>\n<li>Freq\u00fc\u00eancia da operadora: UHF 560.000 &#8211; 589.700 | 660.000 &#8211; 689.700MHz<\/li>\n<li>Largura de banda: 300KHz<\/li>\n<li>Largura de banda do canal: 300KHz<\/li>\n<li>Grupo predefinido: 15 grupos, 6 frequ\u00eancias em cada grupo<\/li>\n<li>Gama din\u00e2mica: 96dB<\/li>\n<li>Distor\u00e7\u00e3o: &lt;0.1%<\/li>\n<li>Resposta de frequ\u00eancia: 30-20KHz \/ + &#8211; 2dB<\/li>\n<li>Raz\u00e3o de sinal \/ ru\u00eddo: 96dB<\/li>\n<li>Sensibilidade de recep\u00e7\u00e3o: -95dBm<\/li>\n<li>Retardamento da Transmiss\u00e3o: &lt;3ms<\/li>\n<li>Fonte de alimenta\u00e7\u00e3o: DC12V 1A<\/li>\n<li>Sa\u00edda de \u00e1udio: 1 x 6,3 mm, 1 x sa\u00edda XLR<\/li>\n<\/ul>\n<p><strong>MICROFONE DE M\u00c3O<\/strong><\/p>\n<ul>\n<li>Frequ\u00eancia da operadora: UHF 560.000 ~ 589.700 \/ 660.000 ~ 689.700MHz<\/li>\n<li>Largura de banda: 300KHz<\/li>\n<li>Interruptor de frequ\u00eancia: IR | SYNC<\/li>\n<li>Pot\u00eancia de sa\u00edda: 13mW<\/li>\n<li>Radia\u00e7\u00e3o harm\u00f4nica: &lt;-50dBc<\/li>\n<li>Bateria: 1 x 8500 Lithium<\/li>\n<li>Dura\u00e7\u00e3o da bateria: &gt; 8h<\/li>\n<li>Modula\u00e7\u00e3o: Pi\/4 DQPSK<\/li>\n<li>Resposta de frequ\u00eancia: 80Hz &#8211; 14000Hz<\/li>\n<\/ul>\n<p><strong>BODYPACK<\/strong><\/p>\n<ul>\n<li>Frequ\u00eancia portadora: UHF 560.000 ~ 589.700 \/ 660.000 ~ 689.700MHz<\/li>\n<li>Largura de banda: 30MHz<\/li>\n<li>Interruptor de frequ\u00eancia: IR | SYNC<\/li>\n<li>Pot\u00eancia de sa\u00edda: 10mW<\/li>\n<li>Radia\u00e7\u00e3o harm\u00f4nica: &lt;-50dBc<\/li>\n<li>Bateria: 2 x bateria 1.5V AA<\/li>\n<li>Dura\u00e7\u00e3o da bateria: &gt; 5h<\/li>\n<li>Modula\u00e7\u00e3o: Pi\/4 DQPSK<\/li>\n<\/ul>\n<p>(Especifica\u00e7\u00f5es fornecidas pelo fabricante \/ importador)<\/p>\n","protected":false},"excerpt":{"rendered":"<p>DE M\u00c3O \/ UHF \/DUPLO \/ 100 CANAIS<\/p>\n","protected":false},"featured_media":2101,"template":"","meta":{"_bst_post_transparent":"default","_bst_post_title":"","_bst_post_layout":"default","_bst_post_sidebar_id":"","_bst_post_content_style":"default","_bst_post_vertical_padding":"default","_bst_post_feature":"","_bst_post_feature_position":"","_bst_post_header":false,"_bst_post_footer":false},"product_brand":[],"product_cat":[119,90],"product_tag":[],"class_list":{"0":"post-2099","1":"product","2":"type-product","3":"status-publish","4":"has-post-thumbnail","6":"product_cat-audio","7":"product_cat-microfones","9":"first","10":"instock","11":"shipping-taxable","12":"purchasable","13":"product-type-simple","14":"entry","15":"content-bg","16":"loop-entry"},"_links":{"self":[{"href":"https:\/\/www.audiovisao.com.br\/site\/wp-json\/wp\/v2\/product\/2099","targetHints":{"allow":["GET"]}}],"collection":[{"href":"https:\/\/www.audiovisao.com.br\/site\/wp-json\/wp\/v2\/product"}],"about":[{"href":"https:\/\/www.audiovisao.com.br\/site\/wp-json\/wp\/v2\/types\/product"}],"wp:featuredmedia":[{"embeddable":true,"href":"https:\/\/www.audiovisao.com.br\/site\/wp-json\/wp\/v2\/media\/2101"}],"wp:attachment":[{"href":"https:\/\/www.audiovisao.com.br\/site\/wp-json\/wp\/v2\/media?parent=2099"}],"wp:term":[{"taxonomy":"product_brand","embeddable":true,"href":"https:\/\/www.audiovisao.com.br\/site\/wp-json\/wp\/v2\/product_brand?post=2099"},{"taxonomy":"product_cat","embeddable":true,"href":"https:\/\/www.audiovisao.com.br\/site\/wp-json\/wp\/v2\/product_cat?post=2099"},{"taxonomy":"product_tag","embeddable":true,"href":"https:\/\/www.audiovisao.com.br\/site\/wp-json\/wp\/v2\/product_tag?post=2099"}],"curies":[{"name":"wp","href":"https:\/\/api.w.org\/{rel}","templated":true}]}}