{"id":2107,"date":"2025-10-16T21:08:32","date_gmt":"2025-10-17T00:08:32","guid":{"rendered":"https:\/\/www.audiovisao.com.br\/site\/?post_type=product&#038;p=2107"},"modified":"2025-10-16T21:32:13","modified_gmt":"2025-10-17T00:32:13","slug":"projetor-multimidia-pctop-pc4000","status":"publish","type":"product","link":"https:\/\/www.audiovisao.com.br\/site\/produto\/projetor-multimidia-pctop-pc4000\/","title":{"rendered":"PROJETOR MULTIM\u00cdDIA PCTOP PC4000"},"content":{"rendered":"<p>ESPECIFICA\u00c7\u00d5ES<\/p>\n<ul>\n<li>Cores: 1,07 bilh\u00e3o<\/li>\n<li>Tecnologia: LCD IPS &#8211; Super TFT<\/li>\n<li>L\u00e2mpada: LED<\/li>\n<li>Pot\u00eancia da l\u00e2mpada LED: 120W<\/li>\n<li>Vida \u00fatil da l\u00e2mpada: 30.000 horas<\/li>\n<li>Vida \u00fatil da l\u00e2mpada (modo econ\u00f4mico): 50.000 horas<\/li>\n<li>Resolu\u00e7\u00e3o Nativa: 1920 x 1080 px<\/li>\n<li>Propor\u00e7\u00e3o da Tela: 4:3 \/16:9<\/li>\n<li>Brilho: 4000 L\u00famens<\/li>\n<li>Contraste: 10000:1<\/li>\n<li>Foco: Manual<\/li>\n<li>Dist\u00e2ncia da Proje\u00e7\u00e3o: 1,7 ~ 7,0m<\/li>\n<li>Ru\u00eddo em Opera\u00e7\u00e3o: 35dB<\/li>\n<li>Pot\u00eancia do Alto-Falante: 10W<\/li>\n<li>Tens\u00e3o de Entrada: 100-240V<\/li>\n<li>Consumo: 60W &#8211; Stand-by: &lt;0.5W<\/li>\n<li>Conectores: HDMI \/ USB \/ Sa\u00edda de Audio \/ VGA<\/li>\n<li>Formato de \u00c1udio: MP3 \/ WMA \/ AAC<\/li>\n<li>Formato de Imagem: JPEG \/ BMP \/ PNG \/ GIF<\/li>\n<li>Fun\u00e7\u00e3o de espelhamento de tela por Wi-Fi<\/li>\n<li>Formato de V\u00eddeo: RM \/ RMVB \/ AVI \/ MKV \/ WMV \/ MP4 MPG \/ DAT \/ MOV \/ DIVX \/ XVID \/ MRV<\/li>\n<\/ul>\n<p>(Especifica\u00e7\u00f5es fornecidas pelo fabricante \/ importador)<\/p>\n","protected":false},"excerpt":{"rendered":"<p>BRILHO 4000 L\u00daMENS \/ CONTRASTE 10000:1 \/ PROJE\u00c7\u00c3O AT\u00c9 200&#8243; \/ FOCO MANUAL \/ F\u00c1CIL OPERA\u00c7\u00c3O<\/p>\n","protected":false},"featured_media":2111,"template":"","meta":{"_bst_post_transparent":"default","_bst_post_title":"","_bst_post_layout":"default","_bst_post_sidebar_id":"","_bst_post_content_style":"default","_bst_post_vertical_padding":"default","_bst_post_feature":"","_bst_post_feature_position":"","_bst_post_header":false,"_bst_post_footer":false},"product_brand":[],"product_cat":[122],"product_tag":[],"class_list":{"0":"post-2107","1":"product","2":"type-product","3":"status-publish","4":"has-post-thumbnail","6":"product_cat-fotografia-e-projecao","8":"first","9":"instock","10":"shipping-taxable","11":"purchasable","12":"product-type-simple","13":"entry","14":"content-bg","15":"loop-entry"},"_links":{"self":[{"href":"https:\/\/www.audiovisao.com.br\/site\/wp-json\/wp\/v2\/product\/2107","targetHints":{"allow":["GET"]}}],"collection":[{"href":"https:\/\/www.audiovisao.com.br\/site\/wp-json\/wp\/v2\/product"}],"about":[{"href":"https:\/\/www.audiovisao.com.br\/site\/wp-json\/wp\/v2\/types\/product"}],"wp:featuredmedia":[{"embeddable":true,"href":"https:\/\/www.audiovisao.com.br\/site\/wp-json\/wp\/v2\/media\/2111"}],"wp:attachment":[{"href":"https:\/\/www.audiovisao.com.br\/site\/wp-json\/wp\/v2\/media?parent=2107"}],"wp:term":[{"taxonomy":"product_brand","embeddable":true,"href":"https:\/\/www.audiovisao.com.br\/site\/wp-json\/wp\/v2\/product_brand?post=2107"},{"taxonomy":"product_cat","embeddable":true,"href":"https:\/\/www.audiovisao.com.br\/site\/wp-json\/wp\/v2\/product_cat?post=2107"},{"taxonomy":"product_tag","embeddable":true,"href":"https:\/\/www.audiovisao.com.br\/site\/wp-json\/wp\/v2\/product_tag?post=2107"}],"curies":[{"name":"wp","href":"https:\/\/api.w.org\/{rel}","templated":true}]}}