{"id":211,"date":"2025-10-01T09:11:51","date_gmt":"2025-10-01T12:11:51","guid":{"rendered":"http:\/\/192.168.1.150\/user2\/wp_prototypes\/autoparts\/?post_type=product&#038;p=211"},"modified":"2026-01-06T09:32:13","modified_gmt":"2026-01-06T12:32:13","slug":"microfone-sem-fio-kadosh-k1001m","status":"publish","type":"product","link":"https:\/\/www.audiovisao.com.br\/site\/produto\/microfone-sem-fio-kadosh-k1001m\/","title":{"rendered":"MICROFONE SEM FIO KADOSH K1001M"},"content":{"rendered":"<ul>\n<li>Tipo de microfone: Din\u00e2mico<\/li>\n<li>Padr\u00e3o polar: Cardi\u00f3ide<\/li>\n<li>Sa\u00edda de \u00e1udio: Balanceada<\/li>\n<li>Visor LCD com display multifun\u00e7\u00f5es<\/li>\n<li>Fun\u00e7\u00e3o &#8220;MUTE&#8221; para silenciar o transmissor<\/li>\n<li>Sistema de transmiss\u00e3o: UHF<\/li>\n<li>Frequ\u00eancias dispon\u00edveis: 1680<\/li>\n<li>Sincroniza\u00e7\u00e3o por infravermelho<\/li>\n<li>Alcance: 100 metros entre receptor e transmissor<\/li>\n<li>Sele\u00e7\u00e3o autom\u00e1tica de frequ\u00eancia<\/li>\n<li>Fun\u00e7\u00e3o auto-lock para evitar mudan\u00e7as acidentais nas configura\u00e7\u00f5es<\/li>\n<li>Ajuste da faixa de sensibilidade de \u00e1udio<\/li>\n<li>Alimenta\u00e7\u00e3o: Receptor<\/li>\n<li>Fonte de alimenta\u00e7\u00e3o inclusa \/ Transmissor &#8211; Pilhas (n\u00e3o inclusas)<\/li>\n<li>Sensibilidade: -110Db<\/li>\n<li>Imped\u00e2ncia da sa\u00edda XLR: 2.2K\u2126<\/li>\n<li>Imped\u00e2ncia da sa\u00edda P10: 600\u2126<\/li>\n<li>Resposta de frequ\u00eancia: 50Hz ~ 18KHz<\/li>\n<li>Tempo de dura\u00e7\u00e3o da bateria: 8-10 horas (pode variar dependendo do tipo de pilha utilizado)<\/li>\n<li>Indicadores LCD: Power\/Mute\/Indicador de bateria\/Equaliza\u00e7\u00f5es<\/li>\n<li>RF pot\u00eancia de sa\u00edda: 165mW<\/li>\n<\/ul>\n<p>(Especifica\u00e7\u00f5es fornecidas pelo fabricante \/ importador)<\/p>\n","protected":false},"excerpt":{"rendered":"<p>UHF, C\/ case de alum\u00ednio, de m\u00e3o, 1680 frequ\u00eancias<\/p>\n","protected":false},"featured_media":2285,"template":"","meta":{"_bst_post_transparent":"default","_bst_post_title":"","_bst_post_layout":"default","_bst_post_sidebar_id":"","_bst_post_content_style":"default","_bst_post_vertical_padding":"default","_bst_post_feature":"","_bst_post_feature_position":"","_bst_post_header":false,"_bst_post_footer":false},"product_brand":[],"product_cat":[119,90],"product_tag":[],"class_list":{"0":"post-211","1":"product","2":"type-product","3":"status-publish","4":"has-post-thumbnail","6":"product_cat-audio","7":"product_cat-microfones","9":"first","10":"instock","11":"featured","12":"shipping-taxable","13":"purchasable","14":"product-type-simple","15":"entry","16":"content-bg","17":"loop-entry"},"_links":{"self":[{"href":"https:\/\/www.audiovisao.com.br\/site\/wp-json\/wp\/v2\/product\/211","targetHints":{"allow":["GET"]}}],"collection":[{"href":"https:\/\/www.audiovisao.com.br\/site\/wp-json\/wp\/v2\/product"}],"about":[{"href":"https:\/\/www.audiovisao.com.br\/site\/wp-json\/wp\/v2\/types\/product"}],"wp:featuredmedia":[{"embeddable":true,"href":"https:\/\/www.audiovisao.com.br\/site\/wp-json\/wp\/v2\/media\/2285"}],"wp:attachment":[{"href":"https:\/\/www.audiovisao.com.br\/site\/wp-json\/wp\/v2\/media?parent=211"}],"wp:term":[{"taxonomy":"product_brand","embeddable":true,"href":"https:\/\/www.audiovisao.com.br\/site\/wp-json\/wp\/v2\/product_brand?post=211"},{"taxonomy":"product_cat","embeddable":true,"href":"https:\/\/www.audiovisao.com.br\/site\/wp-json\/wp\/v2\/product_cat?post=211"},{"taxonomy":"product_tag","embeddable":true,"href":"https:\/\/www.audiovisao.com.br\/site\/wp-json\/wp\/v2\/product_tag?post=211"}],"curies":[{"name":"wp","href":"https:\/\/api.w.org\/{rel}","templated":true}]}}