{"id":2115,"date":"2025-10-16T21:32:34","date_gmt":"2025-10-17T00:32:34","guid":{"rendered":"https:\/\/www.audiovisao.com.br\/site\/?post_type=product&#038;p=2115"},"modified":"2025-10-16T22:25:27","modified_gmt":"2025-10-17T01:25:27","slug":"tripe-fotografico-weifeng-wt3750","status":"publish","type":"product","link":"https:\/\/www.audiovisao.com.br\/site\/produto\/tripe-fotografico-weifeng-wt3750\/","title":{"rendered":"TRIP\u00c9 FOTOGR\u00c1FICO WEIFENG WT3750"},"content":{"rendered":"<p>Caracter\u00edsticas:<br \/>\n&#8211; Cor: Prata<br \/>\n&#8211; Trip\u00e9 em alum\u00ednio<br \/>\n&#8211; Altura M\u00e1xima: 160 cm<br \/>\n&#8211; Altura M\u00ednima: 63 cm<br \/>\n&#8211; Suporta: 3,5 kg<br \/>\n&#8211; Embalagem: Caixa<\/p>\n<p>Itens inclusos:<\/p>\n<p>1 Trip\u00e9 WT-3750<\/p>\n<p>1 Engate r\u00e1pido EN-3750 acoplado na cabe\u00e7a do trip\u00e9<\/p>\n<p>1 Termo de garantia<\/p>\n<p>1 Manual de instru\u00e7\u00e3o<\/p>\n<p>1 Case para transporte do trip\u00e9<\/p>\n<p>(Especifica\u00e7\u00f5es fornecidas pelo fabricante \/ importador)<\/p>\n","protected":false},"excerpt":{"rendered":"<p>AMADOR, C\/BOLSA<\/p>\n","protected":false},"featured_media":2117,"template":"","meta":{"_bst_post_transparent":"default","_bst_post_title":"","_bst_post_layout":"default","_bst_post_sidebar_id":"","_bst_post_content_style":"default","_bst_post_vertical_padding":"default","_bst_post_feature":"","_bst_post_feature_position":"","_bst_post_header":false,"_bst_post_footer":false},"product_brand":[],"product_cat":[122],"product_tag":[],"class_list":{"0":"post-2115","1":"product","2":"type-product","3":"status-publish","4":"has-post-thumbnail","6":"product_cat-fotografia-e-projecao","8":"first","9":"instock","10":"shipping-taxable","11":"purchasable","12":"product-type-simple","13":"entry","14":"content-bg","15":"loop-entry"},"_links":{"self":[{"href":"https:\/\/www.audiovisao.com.br\/site\/wp-json\/wp\/v2\/product\/2115","targetHints":{"allow":["GET"]}}],"collection":[{"href":"https:\/\/www.audiovisao.com.br\/site\/wp-json\/wp\/v2\/product"}],"about":[{"href":"https:\/\/www.audiovisao.com.br\/site\/wp-json\/wp\/v2\/types\/product"}],"wp:featuredmedia":[{"embeddable":true,"href":"https:\/\/www.audiovisao.com.br\/site\/wp-json\/wp\/v2\/media\/2117"}],"wp:attachment":[{"href":"https:\/\/www.audiovisao.com.br\/site\/wp-json\/wp\/v2\/media?parent=2115"}],"wp:term":[{"taxonomy":"product_brand","embeddable":true,"href":"https:\/\/www.audiovisao.com.br\/site\/wp-json\/wp\/v2\/product_brand?post=2115"},{"taxonomy":"product_cat","embeddable":true,"href":"https:\/\/www.audiovisao.com.br\/site\/wp-json\/wp\/v2\/product_cat?post=2115"},{"taxonomy":"product_tag","embeddable":true,"href":"https:\/\/www.audiovisao.com.br\/site\/wp-json\/wp\/v2\/product_tag?post=2115"}],"curies":[{"name":"wp","href":"https:\/\/api.w.org\/{rel}","templated":true}]}}