{"id":2118,"date":"2025-10-16T21:43:03","date_gmt":"2025-10-17T00:43:03","guid":{"rendered":"https:\/\/www.audiovisao.com.br\/site\/?post_type=product&#038;p=2118"},"modified":"2025-10-16T22:26:09","modified_gmt":"2025-10-17T01:26:09","slug":"tripe-fotografico-weifeng-wt3770","status":"publish","type":"product","link":"https:\/\/www.audiovisao.com.br\/site\/produto\/tripe-fotografico-weifeng-wt3770\/","title":{"rendered":"TRIP\u00c9 FOTOGR\u00c1FICO WEIFENG WT3770"},"content":{"rendered":"<p>Caracter\u00edsticas:<\/p>\n<ul class=\"a-unordered-list a-vertical a-spacing-mini\">\n<li class=\"a-spacing-mini\"><span class=\"a-list-item\">Trip\u00e9 em alum\u00ednio anodizado possui 3 sec\u00e7\u00f5es<\/span><\/li>\n<li class=\"a-spacing-mini\"><span class=\"a-list-item\">Com elevador central que garante a estabilidade do produto<\/span><\/li>\n<li class=\"a-spacing-mini\"><span class=\"a-list-item\">Com manoplas individuais que definem os \u00e2ngulos com travamento direcional<\/span><\/li>\n<li class=\"a-spacing-mini\"><span class=\"a-list-item\">Trip\u00e9 possui um suporte de m\u00e3o para dar firmeza e tamb\u00e9m para manusear o trip\u00e9 de um local a outro<\/span><\/li>\n<li class=\"a-spacing-mini\"><span class=\"a-list-item\">Possui um gancho para suportar bolsa ou acess\u00f3rios, um engate e bolha de n\u00edvel embutida<\/span><\/li>\n<\/ul>\n<p>(Especifica\u00e7\u00f5es fornecidas pelo fabricante \/ importador)<\/p>\n","protected":false},"excerpt":{"rendered":"<p>AMADOR, C\/BOLSA<\/p>\n","protected":false},"featured_media":2124,"template":"","meta":{"_bst_post_transparent":"default","_bst_post_title":"","_bst_post_layout":"default","_bst_post_sidebar_id":"","_bst_post_content_style":"default","_bst_post_vertical_padding":"default","_bst_post_feature":"","_bst_post_feature_position":"","_bst_post_header":false,"_bst_post_footer":false},"product_brand":[],"product_cat":[122],"product_tag":[],"class_list":{"0":"post-2118","1":"product","2":"type-product","3":"status-publish","4":"has-post-thumbnail","6":"product_cat-fotografia-e-projecao","8":"first","9":"instock","10":"shipping-taxable","11":"purchasable","12":"product-type-simple","13":"entry","14":"content-bg","15":"loop-entry"},"_links":{"self":[{"href":"https:\/\/www.audiovisao.com.br\/site\/wp-json\/wp\/v2\/product\/2118","targetHints":{"allow":["GET"]}}],"collection":[{"href":"https:\/\/www.audiovisao.com.br\/site\/wp-json\/wp\/v2\/product"}],"about":[{"href":"https:\/\/www.audiovisao.com.br\/site\/wp-json\/wp\/v2\/types\/product"}],"wp:featuredmedia":[{"embeddable":true,"href":"https:\/\/www.audiovisao.com.br\/site\/wp-json\/wp\/v2\/media\/2124"}],"wp:attachment":[{"href":"https:\/\/www.audiovisao.com.br\/site\/wp-json\/wp\/v2\/media?parent=2118"}],"wp:term":[{"taxonomy":"product_brand","embeddable":true,"href":"https:\/\/www.audiovisao.com.br\/site\/wp-json\/wp\/v2\/product_brand?post=2118"},{"taxonomy":"product_cat","embeddable":true,"href":"https:\/\/www.audiovisao.com.br\/site\/wp-json\/wp\/v2\/product_cat?post=2118"},{"taxonomy":"product_tag","embeddable":true,"href":"https:\/\/www.audiovisao.com.br\/site\/wp-json\/wp\/v2\/product_tag?post=2118"}],"curies":[{"name":"wp","href":"https:\/\/api.w.org\/{rel}","templated":true}]}}