{"id":212,"date":"2025-10-01T09:12:26","date_gmt":"2025-10-01T12:12:26","guid":{"rendered":"http:\/\/192.168.1.150\/user2\/wp_prototypes\/autoparts\/?post_type=product&#038;p=212"},"modified":"2025-10-04T13:21:16","modified_gmt":"2025-10-04T16:21:16","slug":"microfone-sem-fio-skp-uhf295","status":"publish","type":"product","link":"https:\/\/www.audiovisao.com.br\/site\/produto\/microfone-sem-fio-skp-uhf295\/","title":{"rendered":"MICROFONE SEM FIO SKP UHF295"},"content":{"rendered":"<p><span dir=\"auto\">Sistema: UHF de canal \u00fanico True Diversity<\/span><br \/>\n<span dir=\"auto\">Tipo: Sistema de microfone port\u00e1til<\/span><br \/>\n<span dir=\"auto\">Frequ\u00eancia portadora: UHF 800 MHz.<\/span><br \/>\n<span dir=\"auto\">99 canais UHF selecion\u00e1veis<\/span><br \/>\n<span dir=\"auto\">\u200b\u200bFaixa din\u00e2mica: &gt; 90dB<\/span><br \/>\n<span dir=\"auto\">Distor\u00e7\u00e3o harm\u00f4nica total: &lt; 0,5%<\/span><br \/>\n<span dir=\"auto\">Resposta de frequ\u00eancia: 35Hz ~ 16KHz \u00b1 3dB<\/span><br \/>\n<span dir=\"auto\">Rela\u00e7\u00e3o sinal-ru\u00eddo: &gt; 90 dB Conectores<\/span><br \/>\n<span dir=\"auto\">do visor LCD<\/span><br \/>\n<span dir=\"auto\">XLR balanceado de 6,35mm<\/span><br \/>\n<span dir=\"auto\">Varredura: varredura autom\u00e1tica de canais<\/span><br \/>\n<span dir=\"auto\">Bateria:<\/span><br \/>\n<span dir=\"auto\">N\u00edvel de status do receptor: Sistema de controle de volume digital<\/span><br \/>\n<span dir=\"auto\">Sa\u00edda de \u00e1udio: 0- \u00b1 400 mV<\/span><br \/>\n<span dir=\"auto\">Uso cont\u00ednuo: 10 horas<\/span><br \/>\n<span dir=\"auto\">Fonte de alimenta\u00e7\u00e3o do receptor: DC 17 V 300 mA<\/span><br \/>\n<span dir=\"auto\">Bateria: 3 V DC (AA1,5 V x 2)<\/span><br \/>\n<span dir=\"auto\">Alcance: campo aberto de 100m<\/span><br \/>\n<span dir=\"auto\">Elimina\u00e7\u00e3o de interfer\u00eancia: com banda UHF<\/span><br \/>\n<span dir=\"auto\">Frequ\u00eancias de recep\u00e7\u00e3o: sintoniz\u00e1veis.<\/span><br \/>\n<span dir=\"auto\">Visor: LCD com n\u00edveis de frequ\u00eancia RF e AF.<\/span><\/p>\n<p>(Especifica\u00e7\u00f5es fornecidas pelo fabricante \/ importador)<\/p>\n","protected":false},"excerpt":{"rendered":"<p>SISTEMA UHF\/M\u00c3O\/16 CANAIS SELECION\u00c1VEIS<\/p>\n","protected":false},"featured_media":1993,"template":"","meta":{"_bst_post_transparent":"default","_bst_post_title":"","_bst_post_layout":"default","_bst_post_sidebar_id":"","_bst_post_content_style":"default","_bst_post_vertical_padding":"default","_bst_post_feature":"","_bst_post_feature_position":"","_bst_post_header":false,"_bst_post_footer":false},"product_brand":[],"product_cat":[119,90],"product_tag":[],"class_list":{"0":"post-212","1":"product","2":"type-product","3":"status-publish","4":"has-post-thumbnail","6":"product_cat-audio","7":"product_cat-microfones","9":"first","10":"instock","11":"shipping-taxable","12":"purchasable","13":"product-type-simple","14":"entry","15":"content-bg","16":"loop-entry"},"_links":{"self":[{"href":"https:\/\/www.audiovisao.com.br\/site\/wp-json\/wp\/v2\/product\/212","targetHints":{"allow":["GET"]}}],"collection":[{"href":"https:\/\/www.audiovisao.com.br\/site\/wp-json\/wp\/v2\/product"}],"about":[{"href":"https:\/\/www.audiovisao.com.br\/site\/wp-json\/wp\/v2\/types\/product"}],"wp:featuredmedia":[{"embeddable":true,"href":"https:\/\/www.audiovisao.com.br\/site\/wp-json\/wp\/v2\/media\/1993"}],"wp:attachment":[{"href":"https:\/\/www.audiovisao.com.br\/site\/wp-json\/wp\/v2\/media?parent=212"}],"wp:term":[{"taxonomy":"product_brand","embeddable":true,"href":"https:\/\/www.audiovisao.com.br\/site\/wp-json\/wp\/v2\/product_brand?post=212"},{"taxonomy":"product_cat","embeddable":true,"href":"https:\/\/www.audiovisao.com.br\/site\/wp-json\/wp\/v2\/product_cat?post=212"},{"taxonomy":"product_tag","embeddable":true,"href":"https:\/\/www.audiovisao.com.br\/site\/wp-json\/wp\/v2\/product_tag?post=212"}],"curies":[{"name":"wp","href":"https:\/\/api.w.org\/{rel}","templated":true}]}}