{"id":2125,"date":"2025-10-16T22:17:29","date_gmt":"2025-10-17T01:17:29","guid":{"rendered":"https:\/\/www.audiovisao.com.br\/site\/?post_type=product&#038;p=2125"},"modified":"2025-10-16T22:24:28","modified_gmt":"2025-10-17T01:24:28","slug":"tripe-fotografico-weifeng-wt3716","status":"publish","type":"product","link":"https:\/\/www.audiovisao.com.br\/site\/produto\/tripe-fotografico-weifeng-wt3716\/","title":{"rendered":"TRIP\u00c9 FOTOGR\u00c1FICO WEIFENG WT3716"},"content":{"rendered":"<p>Especifica\u00e7\u00f5es:<\/p>\n<ul class=\"a-unordered-list a-vertical a-spacing-mini\">\n<li>Estrutura em alum\u00ednio, n\u00edvel bolha, pernas com 03 se\u00e7\u00f5es e p\u00e9s emborrachados<\/li>\n<li>Cabe\u00e7a hidr\u00e1ulica com 03 movimentos, n\u00edvel bolha e placa superior remov\u00edvel com encaixe r\u00e1pido (&#8220;quick-release&#8221;).<\/li>\n<li>Coluna com cremalheira e ajuste de press\u00e3o.<\/li>\n<li>Ajuste no sentido retrato ou paisagem de 0 a 90 com trava de seguran\u00e7a.<\/li>\n<li>Cabe\u00e7a com giro de 360.<\/li>\n<li>Acompanha estojo em tecido.<\/li>\n<li>Altura m\u00e1xima = 1,65cm.<\/li>\n<li>Altura m\u00ednima = 0,62cm.<\/li>\n<li>Fechado = 0,60cm<\/li>\n<li>Peso = 1,5Kg.<\/li>\n<li>Carga m\u00e1x = 3Kg.<\/li>\n<li>Utiliza\u00e7\u00e3o: com c\u00e2meras compactas 35mm e digitais, reflex 35mm ou digitais Slr m\u00e9dias.<\/li>\n<li>Gancho para peso p\/ maior estabilidade.<\/li>\n<li>A abertura das pernas pode ser regulada. Essas caracter\u00edsticas permitem sua utiliza\u00e7\u00e3o em pisos irregulares.<\/li>\n<li>Muito firme e leve, tem pernas telesc\u00f3picas em tr\u00eas fases de f\u00e1cil ajuste.<\/li>\n<\/ul>\n<p>(Especifica\u00e7\u00f5es fornecidas pelo fabricante \/ importador)<\/p>\n","protected":false},"excerpt":{"rendered":"<p>AMADOR \/ COM BOLSA \/ COM CABE\u00c7A HIDR\u00c1ULICA<\/p>\n","protected":false},"featured_media":2126,"template":"","meta":{"_bst_post_transparent":"default","_bst_post_title":"","_bst_post_layout":"default","_bst_post_sidebar_id":"","_bst_post_content_style":"default","_bst_post_vertical_padding":"default","_bst_post_feature":"","_bst_post_feature_position":"","_bst_post_header":false,"_bst_post_footer":false},"product_brand":[],"product_cat":[122],"product_tag":[],"class_list":{"0":"post-2125","1":"product","2":"type-product","3":"status-publish","4":"has-post-thumbnail","6":"product_cat-fotografia-e-projecao","8":"first","9":"instock","10":"shipping-taxable","11":"purchasable","12":"product-type-simple","13":"entry","14":"content-bg","15":"loop-entry"},"_links":{"self":[{"href":"https:\/\/www.audiovisao.com.br\/site\/wp-json\/wp\/v2\/product\/2125","targetHints":{"allow":["GET"]}}],"collection":[{"href":"https:\/\/www.audiovisao.com.br\/site\/wp-json\/wp\/v2\/product"}],"about":[{"href":"https:\/\/www.audiovisao.com.br\/site\/wp-json\/wp\/v2\/types\/product"}],"wp:featuredmedia":[{"embeddable":true,"href":"https:\/\/www.audiovisao.com.br\/site\/wp-json\/wp\/v2\/media\/2126"}],"wp:attachment":[{"href":"https:\/\/www.audiovisao.com.br\/site\/wp-json\/wp\/v2\/media?parent=2125"}],"wp:term":[{"taxonomy":"product_brand","embeddable":true,"href":"https:\/\/www.audiovisao.com.br\/site\/wp-json\/wp\/v2\/product_brand?post=2125"},{"taxonomy":"product_cat","embeddable":true,"href":"https:\/\/www.audiovisao.com.br\/site\/wp-json\/wp\/v2\/product_cat?post=2125"},{"taxonomy":"product_tag","embeddable":true,"href":"https:\/\/www.audiovisao.com.br\/site\/wp-json\/wp\/v2\/product_tag?post=2125"}],"curies":[{"name":"wp","href":"https:\/\/api.w.org\/{rel}","templated":true}]}}