{"id":2136,"date":"2025-10-16T22:34:04","date_gmt":"2025-10-17T01:34:04","guid":{"rendered":"https:\/\/www.audiovisao.com.br\/site\/?post_type=product&#038;p=2136"},"modified":"2025-10-16T22:39:41","modified_gmt":"2025-10-17T01:39:41","slug":"tripe-fotografico-profissional-greika-wt616","status":"publish","type":"product","link":"https:\/\/www.audiovisao.com.br\/site\/produto\/tripe-fotografico-profissional-greika-wt616\/","title":{"rendered":"TRIP\u00c9 FOTOGR\u00c1FICO PROFISSIONAL GREIKA WT616"},"content":{"rendered":"<p>Especifica\u00e7\u00f5es:<\/p>\n<ul>\n<li>Altura M\u00ednima: 84 Cm<\/li>\n<li>Altura M\u00e1xima: 180 Cm<\/li>\n<li>Peso Do Trip\u00e9: 3,8 Kg<\/li>\n<li>Peso Suportado: 8 Kg<\/li>\n<\/ul>\n<p><strong>CABE\u00c7A HIDR\u00c1ULICA:<\/strong><\/p>\n<ul>\n<li>Material: A\u00e7o<\/li>\n<li>Capacidade: 8 kg<\/li>\n<li>Ajustes: Controle de ten\u00e7\u00e3o do movimento vertical (tilt) e travas independentes do movimento PAN e TILT.<\/li>\n<li>Plate: Padr\u00e3o Manfrotto 501 PL e Benro QR6.<\/li>\n<li>Base da cabe\u00e7a: Reta com rosca 3\/8\u201d e adaptador acoplado Semic\u00edrculo 75mm remov\u00edvel.<\/li>\n<\/ul>\n<p>O Trip\u00e9 \u00e9 feito de alum\u00ednio com travas twist de \u00bd volta, deixando o ajuste das pernas mais \u00e1gil.<\/p>\n<p>(Especifica\u00e7\u00f5es fornecidas pelo fabricante \/ importador)<\/p>\n","protected":false},"excerpt":{"rendered":"<p>TRIP\u00c9 PROFISSIONAL<\/p>\n","protected":false},"featured_media":2137,"template":"","meta":{"_bst_post_transparent":"default","_bst_post_title":"","_bst_post_layout":"default","_bst_post_sidebar_id":"","_bst_post_content_style":"default","_bst_post_vertical_padding":"default","_bst_post_feature":"","_bst_post_feature_position":"","_bst_post_header":false,"_bst_post_footer":false},"product_brand":[],"product_cat":[122],"product_tag":[],"class_list":{"0":"post-2136","1":"product","2":"type-product","3":"status-publish","4":"has-post-thumbnail","6":"product_cat-fotografia-e-projecao","8":"first","9":"instock","10":"shipping-taxable","11":"purchasable","12":"product-type-simple","13":"entry","14":"content-bg","15":"loop-entry"},"_links":{"self":[{"href":"https:\/\/www.audiovisao.com.br\/site\/wp-json\/wp\/v2\/product\/2136","targetHints":{"allow":["GET"]}}],"collection":[{"href":"https:\/\/www.audiovisao.com.br\/site\/wp-json\/wp\/v2\/product"}],"about":[{"href":"https:\/\/www.audiovisao.com.br\/site\/wp-json\/wp\/v2\/types\/product"}],"wp:featuredmedia":[{"embeddable":true,"href":"https:\/\/www.audiovisao.com.br\/site\/wp-json\/wp\/v2\/media\/2137"}],"wp:attachment":[{"href":"https:\/\/www.audiovisao.com.br\/site\/wp-json\/wp\/v2\/media?parent=2136"}],"wp:term":[{"taxonomy":"product_brand","embeddable":true,"href":"https:\/\/www.audiovisao.com.br\/site\/wp-json\/wp\/v2\/product_brand?post=2136"},{"taxonomy":"product_cat","embeddable":true,"href":"https:\/\/www.audiovisao.com.br\/site\/wp-json\/wp\/v2\/product_cat?post=2136"},{"taxonomy":"product_tag","embeddable":true,"href":"https:\/\/www.audiovisao.com.br\/site\/wp-json\/wp\/v2\/product_tag?post=2136"}],"curies":[{"name":"wp","href":"https:\/\/api.w.org\/{rel}","templated":true}]}}