{"id":2139,"date":"2025-10-16T22:40:19","date_gmt":"2025-10-17T01:40:19","guid":{"rendered":"https:\/\/www.audiovisao.com.br\/site\/?post_type=product&#038;p=2139"},"modified":"2025-10-16T22:49:26","modified_gmt":"2025-10-17T01:49:26","slug":"microfone-sem-fio-duplo-tsi-900-uhf","status":"publish","type":"product","link":"https:\/\/www.audiovisao.com.br\/site\/produto\/microfone-sem-fio-duplo-tsi-900-uhf\/","title":{"rendered":"MICROFONE SEM FIO DUPLO TSI 900-UHF"},"content":{"rendered":"<p>ESPECIFICA\u00c7\u00d5ES<\/p>\n<p>Receptor 900-UHF<\/p>\n<ul>\n<li>Frequ\u00eancia de trabalho: UHF 614 a 698 MHz<\/li>\n<li>Oscilador controlado a cristal<\/li>\n<li>Estabilidade: \u2264 \u00b110 PPM<\/li>\n<li>Sensibilidade: \u22645dBuV (S\/N\u226520dB)<\/li>\n<li>desvio de frequ\u00eancia: 50Hz<\/li>\n<li>Rela\u00e7\u00e3o sinal\/ruido:&gt;98 dB T.H.D.:&lt;0.5%@1kHz<\/li>\n<li>Rejei\u00e7\u00e3o de imagem: 80dB t\u00edpico<\/li>\n<li>Rejei\u00e7\u00e3o de esp\u00farios: 80dB t\u00edpico<\/li>\n<li>Resposta de frequ\u00eancia : 40Hz a 18kHz<\/li>\n<li>Alimenta\u00e7\u00e3o: DC, 0.3A, 9V DC<\/li>\n<\/ul>\n<p>Transmissor Microfone X1-UHF<\/p>\n<ul>\n<li>Frequ\u00eancia de trabalho: UHF 614 a 698 MHz<\/li>\n<li>Estabilidade de frequ\u00eancia: 0,0005%<\/li>\n<li>Pot\u00eancia de sa\u00edda m\u00e1xima: 15Mw<\/li>\n<li>Emiss\u00e3o de esp\u00farios: 40dB<\/li>\n<li>Alimenta\u00e7\u00e3o: 3 volts (duas pilhas AA)<\/li>\n<li>Padr\u00e3o polar: Super cardi\u00f3ide<\/li>\n<li>C\u00e1psula: Din\u00e2mica<\/li>\n<li>Peso bruto: 1,50 Kg<\/li>\n<\/ul>\n<p>(Especifica\u00e7\u00f5es fornecidas pelo fabricante \/ importador)<\/p>\n","protected":false},"excerpt":{"rendered":"<p>M\u00c3O \/ DUPLO \/ UHF \/ 96 CANAIS<\/p>\n","protected":false},"featured_media":2140,"template":"","meta":{"_bst_post_transparent":"default","_bst_post_title":"","_bst_post_layout":"default","_bst_post_sidebar_id":"","_bst_post_content_style":"default","_bst_post_vertical_padding":"default","_bst_post_feature":"","_bst_post_feature_position":"","_bst_post_header":false,"_bst_post_footer":false},"product_brand":[],"product_cat":[119,90],"product_tag":[],"class_list":{"0":"post-2139","1":"product","2":"type-product","3":"status-publish","4":"has-post-thumbnail","6":"product_cat-audio","7":"product_cat-microfones","9":"first","10":"instock","11":"shipping-taxable","12":"purchasable","13":"product-type-simple","14":"entry","15":"content-bg","16":"loop-entry"},"_links":{"self":[{"href":"https:\/\/www.audiovisao.com.br\/site\/wp-json\/wp\/v2\/product\/2139","targetHints":{"allow":["GET"]}}],"collection":[{"href":"https:\/\/www.audiovisao.com.br\/site\/wp-json\/wp\/v2\/product"}],"about":[{"href":"https:\/\/www.audiovisao.com.br\/site\/wp-json\/wp\/v2\/types\/product"}],"wp:featuredmedia":[{"embeddable":true,"href":"https:\/\/www.audiovisao.com.br\/site\/wp-json\/wp\/v2\/media\/2140"}],"wp:attachment":[{"href":"https:\/\/www.audiovisao.com.br\/site\/wp-json\/wp\/v2\/media?parent=2139"}],"wp:term":[{"taxonomy":"product_brand","embeddable":true,"href":"https:\/\/www.audiovisao.com.br\/site\/wp-json\/wp\/v2\/product_brand?post=2139"},{"taxonomy":"product_cat","embeddable":true,"href":"https:\/\/www.audiovisao.com.br\/site\/wp-json\/wp\/v2\/product_cat?post=2139"},{"taxonomy":"product_tag","embeddable":true,"href":"https:\/\/www.audiovisao.com.br\/site\/wp-json\/wp\/v2\/product_tag?post=2139"}],"curies":[{"name":"wp","href":"https:\/\/api.w.org\/{rel}","templated":true}]}}