{"id":214,"date":"2025-10-01T09:21:00","date_gmt":"2025-10-01T12:21:00","guid":{"rendered":"http:\/\/192.168.1.150\/user2\/wp_prototypes\/autoparts\/?post_type=product&#038;p=214"},"modified":"2025-10-04T13:21:25","modified_gmt":"2025-10-04T16:21:25","slug":"mesa-de-som-lexsen-lmx12usb","status":"publish","type":"product","link":"https:\/\/www.audiovisao.com.br\/site\/produto\/mesa-de-som-lexsen-lmx12usb\/","title":{"rendered":"MESA DE SOM LEXSEN LMX12USB"},"content":{"rendered":"<p>&#8211; 12 canais<\/p>\n<p>&#8211; Canais de entrada: 10x XLR, 10x P10 (est\u00e9reo), 1x P10 L\/R (est\u00e9reo)<\/p>\n<p>&#8211; Canais de sa\u00edda: L\/R Est\u00e9reo (sa\u00edda principal), Aux Send, Return<\/p>\n<p>&#8211; Entrada MP3<\/p>\n<p>&#8211; Interface USB 2.0<\/p>\n<p>&#8211; Display LCD Simples para Visualiza\u00e7\u00e3o de Faixas \/ BT<\/p>\n<p>&#8211; Phantom Power 48V<\/p>\n<p>&#8211; Conex\u00e3o Bluetooth<\/p>\n<p>&#8211; EQ Gr\u00e1fico de Efeitos (16 DSP)<\/p>\n<p>&#8211; Fader de volume de efeitos<\/p>\n<p>&#8211; Fader individual por canal<\/p>\n<p>&#8211; Ajuste de Gain, High, Mid, Low, Aux, Eff e Pan individual<\/p>\n<p>&#8211; Sensibilidade do canal de entrada: -60dB (mic), -40dB (entrada est\u00e9reo), -20dB (EFX send), -30dB (EFF return)<\/p>\n<p>&#8211; Sa\u00edda: 4V Max.<\/p>\n<p>&#8211; Rela\u00e7\u00e3o Sinal-Ru\u00eddo: -80dB<\/p>\n<p>&#8211; Equalizador param\u00e9trico: +15dB\/10KHz (Hi), +15dB\/250Hz~6KHz (MID), +15dB\/60KHz (Low).<\/p>\n<p>&#8211; Bivolt Autom\u00e1tico<\/p>\n<p>(Especifica\u00e7\u00f5es fornecidas pelo fabricante \/ importador)<\/p>\n","protected":false},"excerpt":{"rendered":"<p>MESA DE SOM 12 CANAIS, USB<\/p>\n","protected":false},"featured_media":1984,"template":"","meta":{"_bst_post_transparent":"default","_bst_post_title":"","_bst_post_layout":"default","_bst_post_sidebar_id":"","_bst_post_content_style":"default","_bst_post_vertical_padding":"default","_bst_post_feature":"","_bst_post_feature_position":"","_bst_post_header":false,"_bst_post_footer":false},"product_brand":[],"product_cat":[119,111],"product_tag":[],"class_list":{"0":"post-214","1":"product","2":"type-product","3":"status-publish","4":"has-post-thumbnail","6":"product_cat-audio","7":"product_cat-mesas-de-som","9":"first","10":"instock","11":"shipping-taxable","12":"purchasable","13":"product-type-simple","14":"entry","15":"content-bg","16":"loop-entry"},"_links":{"self":[{"href":"https:\/\/www.audiovisao.com.br\/site\/wp-json\/wp\/v2\/product\/214","targetHints":{"allow":["GET"]}}],"collection":[{"href":"https:\/\/www.audiovisao.com.br\/site\/wp-json\/wp\/v2\/product"}],"about":[{"href":"https:\/\/www.audiovisao.com.br\/site\/wp-json\/wp\/v2\/types\/product"}],"wp:featuredmedia":[{"embeddable":true,"href":"https:\/\/www.audiovisao.com.br\/site\/wp-json\/wp\/v2\/media\/1984"}],"wp:attachment":[{"href":"https:\/\/www.audiovisao.com.br\/site\/wp-json\/wp\/v2\/media?parent=214"}],"wp:term":[{"taxonomy":"product_brand","embeddable":true,"href":"https:\/\/www.audiovisao.com.br\/site\/wp-json\/wp\/v2\/product_brand?post=214"},{"taxonomy":"product_cat","embeddable":true,"href":"https:\/\/www.audiovisao.com.br\/site\/wp-json\/wp\/v2\/product_cat?post=214"},{"taxonomy":"product_tag","embeddable":true,"href":"https:\/\/www.audiovisao.com.br\/site\/wp-json\/wp\/v2\/product_tag?post=214"}],"curies":[{"name":"wp","href":"https:\/\/api.w.org\/{rel}","templated":true}]}}