{"id":2143,"date":"2025-10-16T22:49:57","date_gmt":"2025-10-17T01:49:57","guid":{"rendered":"https:\/\/www.audiovisao.com.br\/site\/?post_type=product&#038;p=2143"},"modified":"2025-10-16T22:56:25","modified_gmt":"2025-10-17T01:56:25","slug":"caixa-monitora-de-estudio-novik-concert-5","status":"publish","type":"product","link":"https:\/\/www.audiovisao.com.br\/site\/produto\/caixa-monitora-de-estudio-novik-concert-5\/","title":{"rendered":"CAIXA MONITORA DE EST\u00daDIO NOVIK CONCERT 5"},"content":{"rendered":"<p><strong>Especifica\u00e7\u00f5es T\u00e9cnicas:<\/strong><\/p>\n<ul>\n<li>Alimenta\u00e7\u00e3o: 110V \/ 220V<\/li>\n<li>Bobina: 1 pol.<\/li>\n<li>Dimens\u00f5es Aproximadas da Caixa (AxLxC): 37.7 x 29.6 x 25.9 cm<\/li>\n<li>Entrada: 1 XLR \/ P10<\/li>\n<li>Garantia: 12 Meses do fabricante, para defeitos de fabrica\u00e7\u00e3o<\/li>\n<li>Material do Gabinete: MDF<\/li>\n<li>Peso do Produto + Caixa: 10.98 kg<\/li>\n<li>Pot\u00eancia do Tweeter: 30W<\/li>\n<li>Pot\u00eancia do Woofer: 60W<\/li>\n<li>Pot\u00eancia RMS: 90W<\/li>\n<li>Resposta de Frequ\u00eancia (-3 dB): 56 Hz \u221222 KHz<\/li>\n<li>Tipo: Monitor de Refer\u00eancia Ativo<\/li>\n<li>Tweeter: Silk Dome<\/li>\n<li>Woofer: Kevlar<\/li>\n<\/ul>\n<div>(Especifica\u00e7\u00f5es fornecidas pelo fabricante \/ importador)<\/div>\n","protected":false},"excerpt":{"rendered":"<p>MONITOR DE EST\u00daDIO BI-AMPLIFICADO &#8211; WOOFER DE 5&#8243; &#8211; 90W RMS (UNIDADE)<\/p>\n","protected":false},"featured_media":2147,"template":"","meta":{"_bst_post_transparent":"default","_bst_post_title":"","_bst_post_layout":"default","_bst_post_sidebar_id":"","_bst_post_content_style":"default","_bst_post_vertical_padding":"default","_bst_post_feature":"","_bst_post_feature_position":"","_bst_post_header":false,"_bst_post_footer":false},"product_brand":[],"product_cat":[119,113],"product_tag":[],"class_list":{"0":"post-2143","1":"product","2":"type-product","3":"status-publish","4":"has-post-thumbnail","6":"product_cat-audio","7":"product_cat-caixas-acusticas","9":"first","10":"instock","11":"featured","12":"shipping-taxable","13":"purchasable","14":"product-type-simple","15":"entry","16":"content-bg","17":"loop-entry"},"_links":{"self":[{"href":"https:\/\/www.audiovisao.com.br\/site\/wp-json\/wp\/v2\/product\/2143","targetHints":{"allow":["GET"]}}],"collection":[{"href":"https:\/\/www.audiovisao.com.br\/site\/wp-json\/wp\/v2\/product"}],"about":[{"href":"https:\/\/www.audiovisao.com.br\/site\/wp-json\/wp\/v2\/types\/product"}],"wp:featuredmedia":[{"embeddable":true,"href":"https:\/\/www.audiovisao.com.br\/site\/wp-json\/wp\/v2\/media\/2147"}],"wp:attachment":[{"href":"https:\/\/www.audiovisao.com.br\/site\/wp-json\/wp\/v2\/media?parent=2143"}],"wp:term":[{"taxonomy":"product_brand","embeddable":true,"href":"https:\/\/www.audiovisao.com.br\/site\/wp-json\/wp\/v2\/product_brand?post=2143"},{"taxonomy":"product_cat","embeddable":true,"href":"https:\/\/www.audiovisao.com.br\/site\/wp-json\/wp\/v2\/product_cat?post=2143"},{"taxonomy":"product_tag","embeddable":true,"href":"https:\/\/www.audiovisao.com.br\/site\/wp-json\/wp\/v2\/product_tag?post=2143"}],"curies":[{"name":"wp","href":"https:\/\/api.w.org\/{rel}","templated":true}]}}