{"id":2159,"date":"2025-10-16T23:40:50","date_gmt":"2025-10-17T02:40:50","guid":{"rendered":"https:\/\/www.audiovisao.com.br\/site\/?post_type=product&#038;p=2159"},"modified":"2025-10-16T23:49:36","modified_gmt":"2025-10-17T02:49:36","slug":"testador-de-cabos-csr-ct-04e","status":"publish","type":"product","link":"https:\/\/www.audiovisao.com.br\/site\/produto\/testador-de-cabos-csr-ct-04e\/","title":{"rendered":"TESTADOR DE CABOS CSR CT-04E"},"content":{"rendered":"<p>ESPECIFICA\u00c7\u00d5ES<\/p>\n<ul>\n<li>Speakon 4\/8 pinos, USB, RJ45, P10, RCA, Din 3\/5\/7\/8 Pinos XLR 3\/5 Pinos;<\/li>\n<li>Continuidade com sinal sonoro e luminoso (LED).<\/li>\n<li>Phone\/RCA, plug banana, Speakon de 4 e 8 polos, mini DIN e soquete tipo S de 4 pinos<\/li>\n<li>Plugue P-2: 3,5mm<\/li>\n<li>Plugue P-10: 6,35mm TRS<\/li>\n<li>Plugue Canon XLR (M\/F) balanceado<\/li>\n<li>Phone, Rca<\/li>\n<li>Plugue banana<\/li>\n<li>Plugue Speakon de 4 e 8 pinos<\/li>\n<li>Soquete tipo S de 4 pinos<\/li>\n<li>Mini din de 3, 5, 7 e 8 pinos<\/li>\n<li>Confirma\u00e7\u00e3o da continuidade do condutor ou conex\u00e3o via led<\/li>\n<li>Switch de 9 vias para sele\u00e7\u00e3o de conex\u00e3o a testar<\/li>\n<li>Funcionamento: 1 bateria 9V<\/li>\n<li>Dimens\u00f5es (A x L x P): 4 x 10,5 x 19 cm<\/li>\n<li>Peso: 1,800kg<\/li>\n<\/ul>\n<p>(Especifica\u00e7\u00f5es fornecidas pelo fabricante \/ importador)<\/p>\n","protected":false},"excerpt":{"rendered":"<p>TESTA DIVERSOS TIPOS DE CABOS<\/p>\n","protected":false},"featured_media":2160,"template":"","meta":{"_bst_post_transparent":"default","_bst_post_title":"","_bst_post_layout":"default","_bst_post_sidebar_id":"","_bst_post_content_style":"default","_bst_post_vertical_padding":"default","_bst_post_feature":"","_bst_post_feature_position":"","_bst_post_header":false,"_bst_post_footer":false},"product_brand":[],"product_cat":[115],"product_tag":[],"class_list":{"0":"post-2159","1":"product","2":"type-product","3":"status-publish","4":"has-post-thumbnail","6":"product_cat-acessorios-em-geral","8":"first","9":"instock","10":"shipping-taxable","11":"purchasable","12":"product-type-simple","13":"entry","14":"content-bg","15":"loop-entry"},"_links":{"self":[{"href":"https:\/\/www.audiovisao.com.br\/site\/wp-json\/wp\/v2\/product\/2159","targetHints":{"allow":["GET"]}}],"collection":[{"href":"https:\/\/www.audiovisao.com.br\/site\/wp-json\/wp\/v2\/product"}],"about":[{"href":"https:\/\/www.audiovisao.com.br\/site\/wp-json\/wp\/v2\/types\/product"}],"wp:featuredmedia":[{"embeddable":true,"href":"https:\/\/www.audiovisao.com.br\/site\/wp-json\/wp\/v2\/media\/2160"}],"wp:attachment":[{"href":"https:\/\/www.audiovisao.com.br\/site\/wp-json\/wp\/v2\/media?parent=2159"}],"wp:term":[{"taxonomy":"product_brand","embeddable":true,"href":"https:\/\/www.audiovisao.com.br\/site\/wp-json\/wp\/v2\/product_brand?post=2159"},{"taxonomy":"product_cat","embeddable":true,"href":"https:\/\/www.audiovisao.com.br\/site\/wp-json\/wp\/v2\/product_cat?post=2159"},{"taxonomy":"product_tag","embeddable":true,"href":"https:\/\/www.audiovisao.com.br\/site\/wp-json\/wp\/v2\/product_tag?post=2159"}],"curies":[{"name":"wp","href":"https:\/\/api.w.org\/{rel}","templated":true}]}}