{"id":216,"date":"2025-10-01T09:31:56","date_gmt":"2025-10-01T12:31:56","guid":{"rendered":"http:\/\/192.168.1.150\/user2\/wp_prototypes\/autoparts\/?post_type=product&#038;p=216"},"modified":"2025-10-04T13:22:05","modified_gmt":"2025-10-04T16:22:05","slug":"microfone-sem-fio-tsi-ms115cli","status":"publish","type":"product","link":"https:\/\/www.audiovisao.com.br\/site\/produto\/microfone-sem-fio-tsi-ms115cli\/","title":{"rendered":"MICROFONE SEM FIO TSI MS115CLI"},"content":{"rendered":"<p><strong>Especifica\u00e7\u00f5es<\/strong><\/p>\n<p><strong>Receptor<\/strong><br \/>\nAlimenta\u00e7\u00e3o requerida: 12 a 16 vdc, 300 ma (m\u00ednima)<br \/>\nDistor\u00e7\u00e3o harm\u00f4nica &gt; 05% (1Khz)<br \/>\nEstabilidade de frequ\u00eancia: em torno de 0,0005%<br \/>\nFrequ\u00eancia de trabalho de 614 a 806 Mhz<br \/>\nReceptor de uma antena<br \/>\nReceptor Super-Heterodino<br \/>\nRejei\u00e7\u00e3o de imagem: &gt;80db<br \/>\nResposta de frequ\u00eancia: de 100 Hz a 16 kHz a + ou &#8211; 3db<br \/>\nSensibilidade: -80db<\/p>\n<p><strong>BodyPack<\/strong><br \/>\nAlimenta\u00e7\u00e3o: 2 pilhas AA1,5 v<br \/>\nAntena externa<br \/>\nDispon\u00edveis 8 frequ\u00eancias distintas<br \/>\nEstabilidade de frequ\u00eancia: -0,0005%<br \/>\nFrequ\u00eancia de trabalho: 614 a 806 Mhz<br \/>\nModula\u00e7\u00e3o em FM<br \/>\nModula\u00e7\u00e3o: \u00b1 25 Kz<\/p>\n<p><strong>Headset<\/strong><br \/>\nConector mini XLR<br \/>\nImped\u00e2ncia de sa\u00edda: (600 O +- 30% A 1KHz)<br \/>\nPadr\u00e3o polar cardi\u00f3ide<br \/>\nResposta de frequ\u00eancia: 100Hz 16KHz<br \/>\nSensibilidade: -47db +- 3db (0db=1VPa a 1KHz)<br \/>\nVoltagem de trabalho: 1,5 V<\/p>\n<p>(Especifica\u00e7\u00f5es fornecidas pelo fabricante \/ importador)<\/p>\n","protected":false},"excerpt":{"rendered":"<p>UHF\/CABE\u00c7A\/LAPELA\/INSTRUMENTO<\/p>\n","protected":false},"featured_media":1979,"template":"","meta":{"_bst_post_transparent":"default","_bst_post_title":"","_bst_post_layout":"default","_bst_post_sidebar_id":"","_bst_post_content_style":"default","_bst_post_vertical_padding":"default","_bst_post_feature":"","_bst_post_feature_position":"","_bst_post_header":false,"_bst_post_footer":false},"product_brand":[],"product_cat":[119,90],"product_tag":[],"class_list":{"0":"post-216","1":"product","2":"type-product","3":"status-publish","4":"has-post-thumbnail","6":"product_cat-audio","7":"product_cat-microfones","9":"first","10":"instock","11":"shipping-taxable","12":"purchasable","13":"product-type-simple","14":"entry","15":"content-bg","16":"loop-entry"},"_links":{"self":[{"href":"https:\/\/www.audiovisao.com.br\/site\/wp-json\/wp\/v2\/product\/216","targetHints":{"allow":["GET"]}}],"collection":[{"href":"https:\/\/www.audiovisao.com.br\/site\/wp-json\/wp\/v2\/product"}],"about":[{"href":"https:\/\/www.audiovisao.com.br\/site\/wp-json\/wp\/v2\/types\/product"}],"wp:featuredmedia":[{"embeddable":true,"href":"https:\/\/www.audiovisao.com.br\/site\/wp-json\/wp\/v2\/media\/1979"}],"wp:attachment":[{"href":"https:\/\/www.audiovisao.com.br\/site\/wp-json\/wp\/v2\/media?parent=216"}],"wp:term":[{"taxonomy":"product_brand","embeddable":true,"href":"https:\/\/www.audiovisao.com.br\/site\/wp-json\/wp\/v2\/product_brand?post=216"},{"taxonomy":"product_cat","embeddable":true,"href":"https:\/\/www.audiovisao.com.br\/site\/wp-json\/wp\/v2\/product_cat?post=216"},{"taxonomy":"product_tag","embeddable":true,"href":"https:\/\/www.audiovisao.com.br\/site\/wp-json\/wp\/v2\/product_tag?post=216"}],"curies":[{"name":"wp","href":"https:\/\/api.w.org\/{rel}","templated":true}]}}