{"id":2166,"date":"2025-10-27T14:52:00","date_gmt":"2025-10-27T17:52:00","guid":{"rendered":"https:\/\/www.audiovisao.com.br\/site\/?post_type=product&#038;p=2166"},"modified":"2025-10-27T15:08:26","modified_gmt":"2025-10-27T18:08:26","slug":"microfone-sem-fio-kadosh-k411m","status":"publish","type":"product","link":"https:\/\/www.audiovisao.com.br\/site\/produto\/microfone-sem-fio-kadosh-k411m\/","title":{"rendered":"MICROFONE SEM FIO KADOSH K411M"},"content":{"rendered":"<p>ESPECIFICA\u00c7\u00d5ES<\/p>\n<ul>\n<li>Faixa da portadora de RF: 624.900 MHz \/ \u00a0650.000MHz<\/li>\n<li>Resposta de frequ\u00eancia de \u00e1udio: 40Hz \/ 18.000Hz<\/li>\n<li>Distor\u00e7\u00e3o Harm\u00f4nica: &lt;0.02% (Ref. 1Khz)<\/li>\n<li>Faixa de Temperatura de opera\u00e7\u00e3o: -10\u00b0C &#8211; +55\u00b0C<\/li>\n<li>Vida \u00fatil das Pilhas: 6 &#8211; 8 horas em uso cont\u00ednuo<\/li>\n<li>Refer\u00eancia: Pilhas Alcalinas<\/li>\n<li>Alimenta\u00e7\u00e3o Transmissor: 2 pilhas alcalinas do tipo AA<\/li>\n<li>Sensibilidade do Receiver: \u00a030 metros (aprox. 100 passos) podendo variar de acordo com o local.<\/li>\n<li>Rejei\u00e7\u00e3o de Esp\u00farios: 12Db<\/li>\n<li>Energia: 12V DC<\/li>\n<li>Consumo: 4W<\/li>\n<\/ul>\n<p>(Especifica\u00e7\u00f5es fornecidas pelo fabricante \/ importador)<\/p>\n","protected":false},"excerpt":{"rendered":"<p>DE M\u00c3O \/ SIMPLES \/ UHF \/ 2 ANTENAS<\/p>\n","protected":false},"featured_media":2171,"template":"","meta":{"_bst_post_transparent":"default","_bst_post_title":"","_bst_post_layout":"default","_bst_post_sidebar_id":"","_bst_post_content_style":"default","_bst_post_vertical_padding":"default","_bst_post_feature":"","_bst_post_feature_position":"","_bst_post_header":false,"_bst_post_footer":false},"product_brand":[],"product_cat":[119,90],"product_tag":[],"class_list":{"0":"post-2166","1":"product","2":"type-product","3":"status-publish","4":"has-post-thumbnail","6":"product_cat-audio","7":"product_cat-microfones","9":"first","10":"instock","11":"shipping-taxable","12":"purchasable","13":"product-type-simple","14":"entry","15":"content-bg","16":"loop-entry"},"_links":{"self":[{"href":"https:\/\/www.audiovisao.com.br\/site\/wp-json\/wp\/v2\/product\/2166","targetHints":{"allow":["GET"]}}],"collection":[{"href":"https:\/\/www.audiovisao.com.br\/site\/wp-json\/wp\/v2\/product"}],"about":[{"href":"https:\/\/www.audiovisao.com.br\/site\/wp-json\/wp\/v2\/types\/product"}],"wp:featuredmedia":[{"embeddable":true,"href":"https:\/\/www.audiovisao.com.br\/site\/wp-json\/wp\/v2\/media\/2171"}],"wp:attachment":[{"href":"https:\/\/www.audiovisao.com.br\/site\/wp-json\/wp\/v2\/media?parent=2166"}],"wp:term":[{"taxonomy":"product_brand","embeddable":true,"href":"https:\/\/www.audiovisao.com.br\/site\/wp-json\/wp\/v2\/product_brand?post=2166"},{"taxonomy":"product_cat","embeddable":true,"href":"https:\/\/www.audiovisao.com.br\/site\/wp-json\/wp\/v2\/product_cat?post=2166"},{"taxonomy":"product_tag","embeddable":true,"href":"https:\/\/www.audiovisao.com.br\/site\/wp-json\/wp\/v2\/product_tag?post=2166"}],"curies":[{"name":"wp","href":"https:\/\/api.w.org\/{rel}","templated":true}]}}