{"id":2172,"date":"2025-10-27T15:30:57","date_gmt":"2025-10-27T18:30:57","guid":{"rendered":"https:\/\/www.audiovisao.com.br\/site\/?post_type=product&#038;p=2172"},"modified":"2025-10-27T15:38:40","modified_gmt":"2025-10-27T18:38:40","slug":"microfone-condesador-para-estudio-soundvoice-cs-01","status":"publish","type":"product","link":"https:\/\/www.audiovisao.com.br\/site\/produto\/microfone-condesador-para-estudio-soundvoice-cs-01\/","title":{"rendered":"MICROFONE CONDENSADOR PARA EST\u00daDIO SOUNDVOICE CS-01"},"content":{"rendered":"<p>ESPECIFICA\u00c7\u00d5ES<\/p>\n<ul>\n<li>Tipo: FET condensador de alta performance<\/li>\n<li>C\u00e1psula: 32mm large gold diaphragms<\/li>\n<li>Padr\u00e3o Polar: Cardioide UNIDIRECIONAL<\/li>\n<li>Alcance: 20Hz \u00e0 20kHz<\/li>\n<li>Sensibilidade: -45dB \u00b1 3Db<\/li>\n<li>Imped\u00e2ncia de sa\u00edda: 150 Ohm \u00b1 30% (at 1kHz)<\/li>\n<li>Sinal de ru\u00eddo equivalente: 16 dBA<\/li>\n<li>Conector: 3-Pin XLR<\/li>\n<li>Voltagem requerida: 48V phantom power supply<\/li>\n<li>Cor: Prata<\/li>\n<li>Acompanha trip\u00e9 de sustenta\u00e7\u00e3o<\/li>\n<\/ul>\n<p>(Especifica\u00e7\u00f5es fornecidas pelo fabricante \/ importador)<\/p>\n","protected":false},"excerpt":{"rendered":"<p>CONDENSER \/ COM SUPORTE SHOCK MOUNT<\/p>\n","protected":false},"featured_media":2173,"template":"","meta":{"_bst_post_transparent":"default","_bst_post_title":"","_bst_post_layout":"default","_bst_post_sidebar_id":"","_bst_post_content_style":"default","_bst_post_vertical_padding":"default","_bst_post_feature":"","_bst_post_feature_position":"","_bst_post_header":false,"_bst_post_footer":false},"product_brand":[],"product_cat":[119,90],"product_tag":[],"class_list":{"0":"post-2172","1":"product","2":"type-product","3":"status-publish","4":"has-post-thumbnail","6":"product_cat-audio","7":"product_cat-microfones","9":"first","10":"instock","11":"shipping-taxable","12":"purchasable","13":"product-type-simple","14":"entry","15":"content-bg","16":"loop-entry"},"_links":{"self":[{"href":"https:\/\/www.audiovisao.com.br\/site\/wp-json\/wp\/v2\/product\/2172","targetHints":{"allow":["GET"]}}],"collection":[{"href":"https:\/\/www.audiovisao.com.br\/site\/wp-json\/wp\/v2\/product"}],"about":[{"href":"https:\/\/www.audiovisao.com.br\/site\/wp-json\/wp\/v2\/types\/product"}],"wp:featuredmedia":[{"embeddable":true,"href":"https:\/\/www.audiovisao.com.br\/site\/wp-json\/wp\/v2\/media\/2173"}],"wp:attachment":[{"href":"https:\/\/www.audiovisao.com.br\/site\/wp-json\/wp\/v2\/media?parent=2172"}],"wp:term":[{"taxonomy":"product_brand","embeddable":true,"href":"https:\/\/www.audiovisao.com.br\/site\/wp-json\/wp\/v2\/product_brand?post=2172"},{"taxonomy":"product_cat","embeddable":true,"href":"https:\/\/www.audiovisao.com.br\/site\/wp-json\/wp\/v2\/product_cat?post=2172"},{"taxonomy":"product_tag","embeddable":true,"href":"https:\/\/www.audiovisao.com.br\/site\/wp-json\/wp\/v2\/product_tag?post=2172"}],"curies":[{"name":"wp","href":"https:\/\/api.w.org\/{rel}","templated":true}]}}