{"id":2175,"date":"2025-10-27T15:39:17","date_gmt":"2025-10-27T18:39:17","guid":{"rendered":"https:\/\/www.audiovisao.com.br\/site\/?post_type=product&#038;p=2175"},"modified":"2025-10-27T15:43:51","modified_gmt":"2025-10-27T18:43:51","slug":"mesa-de-som-soundvoice-mc-4bt","status":"publish","type":"product","link":"https:\/\/www.audiovisao.com.br\/site\/produto\/mesa-de-som-soundvoice-mc-4bt\/","title":{"rendered":"MESA DE SOM SOUNDVOICE MC-4BT"},"content":{"rendered":"<p>FUN\u00c7\u00c3O PC INTERFACE:<\/p>\n<p>A sa\u00edda traseira micro USB da mesa MC4-BT, pode ser conectada a uma fonte de alimenta\u00e7\u00e3o de energia externa de 5v (inclusa) ou a uma unidade USB do computador, e quando conectado ao computador, estabelece a fun\u00e7\u00e3o de placa de som externa como uma interface para grava\u00e7\u00e3o de \u00e1udio em softwares (n\u00e3o incluso).<\/p>\n<p>Atrav\u00e9s de seu software preferido, poder\u00e1 configurar a prefer\u00eancia para entrada de som, e ao escolher a mc4-bt todo instrumentos conectado a ela poder\u00e1 ser gravado dentro no PC.<\/p>\n<p>Os Canais 1 e 2 s\u00e3o especiais para receber a capta\u00e7\u00e3o via cabo cannon xlr, principalmente de microfones, e caso precise de phantom power para alimentar o condensador, \u00e9 nestes 2 canais que tem esta alimenta\u00e7\u00e3o que deve ser acionada no bot\u00e3o vermelho.<\/p>\n<p>ESPECIFICA\u00c7\u00d5ES:<\/p>\n<ul>\n<li>04 canais (02 combos mono \/ 02 STEREO P-10)<\/li>\n<li>Equalizador 2 bandas por canal (Agudo e Grave)<\/li>\n<li>Ajuste de ganho por canal<\/li>\n<li>Efeito: Atraso + Repetir<\/li>\n<li>Phantom Power +48v<\/li>\n<li>Formato de \u00c1udio:MP3, WMA, WAV<\/li>\n<li>Bluetooth<\/li>\n<li>Grava\u00e7\u00e3o direta via USB<\/li>\n<li>Interface para PC<\/li>\n<li>Bivolt<\/li>\n<\/ul>\n<p>(Especifica\u00e7\u00f5es fornecidas pelo fabricante \/ importador)<\/p>\n","protected":false},"excerpt":{"rendered":"<p>COMPACTA \/ INTERFACE USB<\/p>\n","protected":false},"featured_media":2177,"template":"","meta":{"_bst_post_transparent":"default","_bst_post_title":"","_bst_post_layout":"default","_bst_post_sidebar_id":"","_bst_post_content_style":"default","_bst_post_vertical_padding":"default","_bst_post_feature":"","_bst_post_feature_position":"","_bst_post_header":false,"_bst_post_footer":false},"product_brand":[],"product_cat":[119,111],"product_tag":[],"class_list":{"0":"post-2175","1":"product","2":"type-product","3":"status-publish","4":"has-post-thumbnail","6":"product_cat-audio","7":"product_cat-mesas-de-som","9":"first","10":"instock","11":"shipping-taxable","12":"purchasable","13":"product-type-simple","14":"entry","15":"content-bg","16":"loop-entry"},"_links":{"self":[{"href":"https:\/\/www.audiovisao.com.br\/site\/wp-json\/wp\/v2\/product\/2175","targetHints":{"allow":["GET"]}}],"collection":[{"href":"https:\/\/www.audiovisao.com.br\/site\/wp-json\/wp\/v2\/product"}],"about":[{"href":"https:\/\/www.audiovisao.com.br\/site\/wp-json\/wp\/v2\/types\/product"}],"wp:featuredmedia":[{"embeddable":true,"href":"https:\/\/www.audiovisao.com.br\/site\/wp-json\/wp\/v2\/media\/2177"}],"wp:attachment":[{"href":"https:\/\/www.audiovisao.com.br\/site\/wp-json\/wp\/v2\/media?parent=2175"}],"wp:term":[{"taxonomy":"product_brand","embeddable":true,"href":"https:\/\/www.audiovisao.com.br\/site\/wp-json\/wp\/v2\/product_brand?post=2175"},{"taxonomy":"product_cat","embeddable":true,"href":"https:\/\/www.audiovisao.com.br\/site\/wp-json\/wp\/v2\/product_cat?post=2175"},{"taxonomy":"product_tag","embeddable":true,"href":"https:\/\/www.audiovisao.com.br\/site\/wp-json\/wp\/v2\/product_tag?post=2175"}],"curies":[{"name":"wp","href":"https:\/\/api.w.org\/{rel}","templated":true}]}}