{"id":2178,"date":"2025-10-27T15:45:11","date_gmt":"2025-10-27T18:45:11","guid":{"rendered":"https:\/\/www.audiovisao.com.br\/site\/?post_type=product&#038;p=2178"},"modified":"2025-10-27T15:56:23","modified_gmt":"2025-10-27T18:56:23","slug":"caixa-acustica-passiva-ludovico-ebl11w","status":"publish","type":"product","link":"https:\/\/www.audiovisao.com.br\/site\/produto\/caixa-acustica-passiva-ludovico-ebl11w\/","title":{"rendered":"CAIXA AC\u00daSTICA PASSIVA LUDOVICO EBL11W"},"content":{"rendered":"<p>ESPECIFICA\u00c7\u00d5ES:<\/p>\n<ul>\n<li>Pot\u00eancia 11Watts RMS<\/li>\n<li>Resposta frequ\u00eancia: Gama de resposta (-10dB) 300Hz a 22kHz<\/li>\n<li>Sensibilidade: 85db\/W\/m a 2,83 Volts<\/li>\n<li>Imped\u00e2ncia: 8 Ohms<\/li>\n<\/ul>\n<p>(Especifica\u00e7\u00f5es fornecidas pelo fabricante \/ importador)<\/p>\n","protected":false},"excerpt":{"rendered":"<p>COMPACTA \/ PARA SOM AMBIENTE \/ COM SUPORTE<\/p>\n","protected":false},"featured_media":2180,"template":"","meta":{"_bst_post_transparent":"default","_bst_post_title":"","_bst_post_layout":"default","_bst_post_sidebar_id":"","_bst_post_content_style":"default","_bst_post_vertical_padding":"default","_bst_post_feature":"","_bst_post_feature_position":"","_bst_post_header":false,"_bst_post_footer":false},"product_brand":[],"product_cat":[119,113],"product_tag":[],"class_list":{"0":"post-2178","1":"product","2":"type-product","3":"status-publish","4":"has-post-thumbnail","6":"product_cat-audio","7":"product_cat-caixas-acusticas","9":"first","10":"instock","11":"shipping-taxable","12":"purchasable","13":"product-type-simple","14":"entry","15":"content-bg","16":"loop-entry"},"_links":{"self":[{"href":"https:\/\/www.audiovisao.com.br\/site\/wp-json\/wp\/v2\/product\/2178","targetHints":{"allow":["GET"]}}],"collection":[{"href":"https:\/\/www.audiovisao.com.br\/site\/wp-json\/wp\/v2\/product"}],"about":[{"href":"https:\/\/www.audiovisao.com.br\/site\/wp-json\/wp\/v2\/types\/product"}],"wp:featuredmedia":[{"embeddable":true,"href":"https:\/\/www.audiovisao.com.br\/site\/wp-json\/wp\/v2\/media\/2180"}],"wp:attachment":[{"href":"https:\/\/www.audiovisao.com.br\/site\/wp-json\/wp\/v2\/media?parent=2178"}],"wp:term":[{"taxonomy":"product_brand","embeddable":true,"href":"https:\/\/www.audiovisao.com.br\/site\/wp-json\/wp\/v2\/product_brand?post=2178"},{"taxonomy":"product_cat","embeddable":true,"href":"https:\/\/www.audiovisao.com.br\/site\/wp-json\/wp\/v2\/product_cat?post=2178"},{"taxonomy":"product_tag","embeddable":true,"href":"https:\/\/www.audiovisao.com.br\/site\/wp-json\/wp\/v2\/product_tag?post=2178"}],"curies":[{"name":"wp","href":"https:\/\/api.w.org\/{rel}","templated":true}]}}