{"id":2191,"date":"2025-10-27T16:30:21","date_gmt":"2025-10-27T19:30:21","guid":{"rendered":"https:\/\/www.audiovisao.com.br\/site\/?post_type=product&#038;p=2191"},"modified":"2025-10-27T16:35:14","modified_gmt":"2025-10-27T19:35:14","slug":"microfone-sem-fio-duplo-mxt-uhf-202","status":"publish","type":"product","link":"https:\/\/www.audiovisao.com.br\/site\/produto\/microfone-sem-fio-duplo-mxt-uhf-202\/","title":{"rendered":"MICROFONE SEM FIO DUPLO MXT UHF-202"},"content":{"rendered":"<p>ESPECIFICA\u00c7\u00d5ES<\/p>\n<p>RECEPTOR<\/p>\n<ul>\n<li>Faixa de frequ\u00eancia: 614 ~806MHz<\/li>\n<li>Estabilidade de frequ\u00eancia: &lt; 0.005%<\/li>\n<li>Sa\u00edda de RC: -100dBm<\/li>\n<li>Imagem de rejei\u00e7\u00e3o espelhada: &gt;45 dB<\/li>\n<li>Sinal\/Ruido: &gt;95 dB<\/li>\n<li>Distor\u00e7\u00e3o: &lt;0.5%<\/li>\n<li>N\u00edvel de sa\u00edda de \u00e1udio: &lt;1v (10k)<\/li>\n<li>Alimenta\u00e7\u00e3o: DC12V 500MA<\/li>\n<\/ul>\n<p>MICROFONE<\/p>\n<ul>\n<li>Frequ\u00eancia 1: 686.1MHz \/ 690.3MHz<\/li>\n<li>Frequ\u00eancia 2: 687.6MHz \/ 695.5MHz<\/li>\n<li>Estabilidade de frequ\u00eancia: 10ppm<\/li>\n<li>Sa\u00edda de RF: &lt;10mW<\/li>\n<li>Modula\u00e7\u00e3o: FM<\/li>\n<li>Desvio M\u00e1ximo: +\/-75KHz<\/li>\n<li>Emiss\u00e3o simulada: &gt;40dB<\/li>\n<li>Alimenta\u00e7\u00e3o: 3v (2 pilhas tamanho AA)<\/li>\n<li>Consumo de corrente: 100mA<\/li>\n<\/ul>\n<p>(Especifica\u00e7\u00f5es fornecidas pelo fabricante \/ importador)<\/p>\n","protected":false},"excerpt":{"rendered":"<p>DUPLO \/ DE M\u00c3O \/ UHF<\/p>\n","protected":false},"featured_media":2192,"template":"","meta":{"_bst_post_transparent":"default","_bst_post_title":"","_bst_post_layout":"default","_bst_post_sidebar_id":"","_bst_post_content_style":"default","_bst_post_vertical_padding":"default","_bst_post_feature":"","_bst_post_feature_position":"","_bst_post_header":false,"_bst_post_footer":false},"product_brand":[],"product_cat":[119,90],"product_tag":[],"class_list":{"0":"post-2191","1":"product","2":"type-product","3":"status-publish","4":"has-post-thumbnail","6":"product_cat-audio","7":"product_cat-microfones","9":"first","10":"instock","11":"shipping-taxable","12":"purchasable","13":"product-type-simple","14":"entry","15":"content-bg","16":"loop-entry"},"_links":{"self":[{"href":"https:\/\/www.audiovisao.com.br\/site\/wp-json\/wp\/v2\/product\/2191","targetHints":{"allow":["GET"]}}],"collection":[{"href":"https:\/\/www.audiovisao.com.br\/site\/wp-json\/wp\/v2\/product"}],"about":[{"href":"https:\/\/www.audiovisao.com.br\/site\/wp-json\/wp\/v2\/types\/product"}],"wp:featuredmedia":[{"embeddable":true,"href":"https:\/\/www.audiovisao.com.br\/site\/wp-json\/wp\/v2\/media\/2192"}],"wp:attachment":[{"href":"https:\/\/www.audiovisao.com.br\/site\/wp-json\/wp\/v2\/media?parent=2191"}],"wp:term":[{"taxonomy":"product_brand","embeddable":true,"href":"https:\/\/www.audiovisao.com.br\/site\/wp-json\/wp\/v2\/product_brand?post=2191"},{"taxonomy":"product_cat","embeddable":true,"href":"https:\/\/www.audiovisao.com.br\/site\/wp-json\/wp\/v2\/product_cat?post=2191"},{"taxonomy":"product_tag","embeddable":true,"href":"https:\/\/www.audiovisao.com.br\/site\/wp-json\/wp\/v2\/product_tag?post=2191"}],"curies":[{"name":"wp","href":"https:\/\/api.w.org\/{rel}","templated":true}]}}