{"id":2193,"date":"2025-10-27T16:47:29","date_gmt":"2025-10-27T19:47:29","guid":{"rendered":"https:\/\/www.audiovisao.com.br\/site\/?post_type=product&#038;p=2193"},"modified":"2025-10-27T16:51:12","modified_gmt":"2025-10-27T19:51:12","slug":"microfone-sem-fio-simples-mxt-uhf-202-r201","status":"publish","type":"product","link":"https:\/\/www.audiovisao.com.br\/site\/produto\/microfone-sem-fio-simples-mxt-uhf-202-r201\/","title":{"rendered":"MICROFONE SEM FIO SIMPLES MXT UHF-202\/R201"},"content":{"rendered":"<p>ESPECIFICA\u00c7\u00d5ES<\/p>\n<p>Receptor R-201<\/p>\n<ul>\n<li>Faixa de Frequ\u00eancia: 687~6MHz<\/li>\n<li>Estabilidade de Frequ\u00eancia: = 0.005%<\/li>\n<li>Sa\u00edda de RF: -100dBm<\/li>\n<li>Imagem de Rejei\u00e7\u00e3o Espelhada: = 45dB<\/li>\n<li>Sinal\/Ru\u00eddo: = 95dB<\/li>\n<li>Distor\u00e7\u00e3o: = 0.5%<\/li>\n<li>N\u00edvel de Sa\u00edda de \u00c1udio: = 1V (10K)<\/li>\n<li>Alimenta\u00e7\u00e3o: DC12V 500MA<\/li>\n<\/ul>\n<p>Microfone de M\u00e3o UHF-202<\/p>\n<ul>\n<li>Frequ\u00eancia: 687.6MHZ<\/li>\n<li>Estabilidade de Frequ\u00eancia: 10ppm<\/li>\n<li>Sa\u00edda de RF: &lt;10mw<\/li>\n<li>Modula\u00e7\u00e3o: FM<\/li>\n<li>Desvio M\u00e1ximo: \u00b175KHz<\/li>\n<li>Emiss\u00e3o Simulada: = 40dB<\/li>\n<li>Alimenta\u00e7\u00e3o: 3V (2 pilhas tamanho AA)<\/li>\n<li>Consumo de Corrente: 100mA<\/li>\n<\/ul>\n<p>(Especifica\u00e7\u00f5es fornecidas pelo fabricante \/ importador)<\/p>\n","protected":false},"excerpt":{"rendered":"<p>DE M\u00c3O \/ UHF<\/p>\n","protected":false},"featured_media":2194,"template":"","meta":{"_bst_post_transparent":"default","_bst_post_title":"","_bst_post_layout":"default","_bst_post_sidebar_id":"","_bst_post_content_style":"default","_bst_post_vertical_padding":"default","_bst_post_feature":"","_bst_post_feature_position":"","_bst_post_header":false,"_bst_post_footer":false},"product_brand":[],"product_cat":[119,90],"product_tag":[],"class_list":{"0":"post-2193","1":"product","2":"type-product","3":"status-publish","4":"has-post-thumbnail","6":"product_cat-audio","7":"product_cat-microfones","9":"first","10":"instock","11":"shipping-taxable","12":"purchasable","13":"product-type-simple","14":"entry","15":"content-bg","16":"loop-entry"},"_links":{"self":[{"href":"https:\/\/www.audiovisao.com.br\/site\/wp-json\/wp\/v2\/product\/2193","targetHints":{"allow":["GET"]}}],"collection":[{"href":"https:\/\/www.audiovisao.com.br\/site\/wp-json\/wp\/v2\/product"}],"about":[{"href":"https:\/\/www.audiovisao.com.br\/site\/wp-json\/wp\/v2\/types\/product"}],"wp:featuredmedia":[{"embeddable":true,"href":"https:\/\/www.audiovisao.com.br\/site\/wp-json\/wp\/v2\/media\/2194"}],"wp:attachment":[{"href":"https:\/\/www.audiovisao.com.br\/site\/wp-json\/wp\/v2\/media?parent=2193"}],"wp:term":[{"taxonomy":"product_brand","embeddable":true,"href":"https:\/\/www.audiovisao.com.br\/site\/wp-json\/wp\/v2\/product_brand?post=2193"},{"taxonomy":"product_cat","embeddable":true,"href":"https:\/\/www.audiovisao.com.br\/site\/wp-json\/wp\/v2\/product_cat?post=2193"},{"taxonomy":"product_tag","embeddable":true,"href":"https:\/\/www.audiovisao.com.br\/site\/wp-json\/wp\/v2\/product_tag?post=2193"}],"curies":[{"name":"wp","href":"https:\/\/api.w.org\/{rel}","templated":true}]}}