{"id":2196,"date":"2025-10-27T16:57:10","date_gmt":"2025-10-27T19:57:10","guid":{"rendered":"https:\/\/www.audiovisao.com.br\/site\/?post_type=product&#038;p=2196"},"modified":"2025-10-27T17:22:04","modified_gmt":"2025-10-27T20:22:04","slug":"microfone-sem-fio-duplo-mxt-uhf-320m","status":"publish","type":"product","link":"https:\/\/www.audiovisao.com.br\/site\/produto\/microfone-sem-fio-duplo-mxt-uhf-320m\/","title":{"rendered":"MICROFONE SEM FIO DUPLO MXT UHF-320M"},"content":{"rendered":"<p>ESPECIFICA\u00c7\u00d5ES<\/p>\n<ul>\n<li>Circuito de oscila\u00e7\u00e3o PLL sintetizado controlado por microcomputador<\/li>\n<li>Banda alta UHF com 96 frequ\u00eancias selecion\u00e1veis<\/li>\n<li>C\u00e1psula din\u00e2mica de alta sensibilidade e de frequ\u00eancia larga para produzir o som original<\/li>\n<li>Circuito de compreens\u00e3o avan\u00e7ado para evitar ru\u00eddo<\/li>\n<li>Display de LED para f\u00e1cil opera\u00e7\u00e3o<\/li>\n<li>Com sa\u00edda balanceada e desbalanceada<\/li>\n<li>A faixa de opera\u00e7\u00e3o \u00e9 de cerca de 50 metros sem obst\u00e1culos<\/li>\n<\/ul>\n<p><strong>RECEPTOR:<\/strong><\/p>\n<ul>\n<li>Conectores de sa\u00edda: XLR A, XLR B (AMBOS BALANCEADO) e P10 (N\u00e3o balanceado)<\/li>\n<li>Faixa de frequ\u00eancia de opera\u00e7\u00e3o: GRUPO 1: 520 A 543.5 Mhz \/ GRUPOR 2: 550 A 573.5 Mhz<\/li>\n<li>Estabilidade de frequ\u00eancia: 10ppm<\/li>\n<li>Imped\u00e2ncia de sa\u00edda: conector XLR: 200 Ohm \/ Conector de P10: 1k Ohm<\/li>\n<li>Rela\u00e7\u00e3o S\/N: 96dB<\/li>\n<li>Resposta de frequ\u00eancia: 50hz-20kHz<\/li>\n<li>Fonte de alimenta\u00e7\u00e3o: DC 12V x 500Ma<\/li>\n<\/ul>\n<p><strong>TRANSMISSOR<\/strong><\/p>\n<ul>\n<li>Faixa de frequ\u00eancia de opera\u00e7\u00e3o: GRUPO 1: 520 A 543.5 Mhz \/ GRUPOR 2: 550 A 573.5 Mhz<\/li>\n<li>C\u00e1psula: Din\u00e2mica<\/li>\n<li>Antena: Embutida<\/li>\n<li>Fonte de alimenta\u00e7\u00e3o: 3v (2 PILHAS AA)<\/li>\n<li>Consumo de corrente: 100 mA<\/li>\n<\/ul>\n<p>(Especifica\u00e7\u00f5es fornecidas pelo fabricante \/ importador)<\/p>\n","protected":false},"excerpt":{"rendered":"<p>DUPLO \/ DE M\u00c3O \/ UHF \/ DIGITAL \/ ACOMPANHA MALETA \/ 96 CANAIS<\/p>\n","protected":false},"featured_media":2202,"template":"","meta":{"_bst_post_transparent":"default","_bst_post_title":"","_bst_post_layout":"default","_bst_post_sidebar_id":"","_bst_post_content_style":"default","_bst_post_vertical_padding":"default","_bst_post_feature":"","_bst_post_feature_position":"","_bst_post_header":false,"_bst_post_footer":false},"product_brand":[],"product_cat":[119,90],"product_tag":[],"class_list":{"0":"post-2196","1":"product","2":"type-product","3":"status-publish","4":"has-post-thumbnail","6":"product_cat-audio","7":"product_cat-microfones","9":"first","10":"instock","11":"shipping-taxable","12":"purchasable","13":"product-type-simple","14":"entry","15":"content-bg","16":"loop-entry"},"_links":{"self":[{"href":"https:\/\/www.audiovisao.com.br\/site\/wp-json\/wp\/v2\/product\/2196","targetHints":{"allow":["GET"]}}],"collection":[{"href":"https:\/\/www.audiovisao.com.br\/site\/wp-json\/wp\/v2\/product"}],"about":[{"href":"https:\/\/www.audiovisao.com.br\/site\/wp-json\/wp\/v2\/types\/product"}],"wp:featuredmedia":[{"embeddable":true,"href":"https:\/\/www.audiovisao.com.br\/site\/wp-json\/wp\/v2\/media\/2202"}],"wp:attachment":[{"href":"https:\/\/www.audiovisao.com.br\/site\/wp-json\/wp\/v2\/media?parent=2196"}],"wp:term":[{"taxonomy":"product_brand","embeddable":true,"href":"https:\/\/www.audiovisao.com.br\/site\/wp-json\/wp\/v2\/product_brand?post=2196"},{"taxonomy":"product_cat","embeddable":true,"href":"https:\/\/www.audiovisao.com.br\/site\/wp-json\/wp\/v2\/product_cat?post=2196"},{"taxonomy":"product_tag","embeddable":true,"href":"https:\/\/www.audiovisao.com.br\/site\/wp-json\/wp\/v2\/product_tag?post=2196"}],"curies":[{"name":"wp","href":"https:\/\/api.w.org\/{rel}","templated":true}]}}