{"id":220,"date":"2025-09-27T09:42:01","date_gmt":"2025-09-27T12:42:01","guid":{"rendered":"http:\/\/192.168.1.150\/user2\/wp_prototypes\/autoparts\/?post_type=product&#038;p=220"},"modified":"2025-10-04T13:19:38","modified_gmt":"2025-10-04T16:19:38","slug":"arandela-frahm-cx50r","status":"publish","type":"product","link":"https:\/\/www.audiovisao.com.br\/site\/produto\/arandela-frahm-cx50r\/","title":{"rendered":"ARANDELA FRAHM CX50R"},"content":{"rendered":"<p>Uma linha completa projetada para atender a necessidade de sonoriza\u00e7\u00e3o dos mais variados ambientes. Na resid\u00eancia ou em ambientes comerciais, as novas arandelas Frahm permitem a perfeita integra\u00e7\u00e3o entre o produto e o ambiente em que s\u00e3o instaladas.<br \/>\nAs bordas ultra finas garantem a presen\u00e7a discreta do produto e componentes de alta fidelidade produzem um som envolvente.<br \/>\nCaracter\u00edsticas:<\/p>\n<ul>\n<li style=\"list-style-type: none;\">\n<ul>\n<li>As molduras foram projetadas com sistema de amplia\u00e7\u00e3o do \u00e2ngulo de dispers\u00e3o;<\/li>\n<li>Possuem pontos exclusivos para a fixa\u00e7\u00e3o dos mais variados tipos de trafos, n\u00e3o permitindo que sejam colocados em pontos que causam danos a estrutura;<\/li>\n<li>No modelo quadrado cada uma das torres \u00e9 respons\u00e1vel pelo travamento de uma das laterais da arandela o que proporciona fixa\u00e7\u00e3o de 100% de sua base no teto;<\/li>\n<li>O projeto permite flexibilidade na fura\u00e7\u00e3o do local de instala\u00e7\u00e3o (se a a fura\u00e7\u00e3o n\u00e3o ficar perfeita conforme o gabarito, ainda assim a arandela ir\u00e1 se encaixar sem que o trabalho precise ser refeito).<\/li>\n<li>Permite o travamento desde a menor at\u00e9 a maior estrutura de teto (de 1mm a 30mm);<\/li>\n<li>Terminais de engate r\u00e1pido;<\/li>\n<li>Conjunto m\u00f3vel otimizado para a reprodu\u00e7\u00e3o de baixas frequ\u00eancias;<\/li>\n<\/ul>\n<\/li>\n<\/ul>\n<div class=\"jet-listing-dynamic-repeater__item\">\n<div>\n<p><strong>Formato:\u00a0<\/strong>\u00a0Redondo<\/p>\n<\/div>\n<\/div>\n<div class=\"jet-listing-dynamic-repeater__item\">\n<div>\n<p><strong>Tipo:\u00a0<\/strong>\u00a0Coaxial<\/p>\n<\/div>\n<\/div>\n<div class=\"jet-listing-dynamic-repeater__item\">\n<div>\n<p><strong>Imped\u00e2ncia:\u00a0<\/strong>\u00a08 Ohms<\/p>\n<\/div>\n<\/div>\n<div class=\"jet-listing-dynamic-repeater__item\">\n<div>\n<p><strong>Pot\u00eancia M\u00e1xima:\u00a0<\/strong>\u00a0100 W<\/p>\n<\/div>\n<\/div>\n<div class=\"jet-listing-dynamic-repeater__item\">\n<div>\n<p><strong>Pot\u00eancia RMS:\u00a0<\/strong>\u00a050 W<\/p>\n<\/div>\n<\/div>\n<div class=\"jet-listing-dynamic-repeater__item\">\n<div>\n<p><strong>Woofer 6&#8243;:\u00a0<\/strong>\u00a0Cone vacuum forming suspens\u00e3o de tecido impregnado, bobina m\u00f3vel em PSV e conjunto magn\u00e9tico de 71mm<\/p>\n<\/div>\n<\/div>\n<div class=\"jet-listing-dynamic-repeater__item\">\n<div>\n<p><strong>Tweeter:\u00a0<\/strong>\u00a0Neod\u00edmio e domo Mylar<\/p>\n<\/div>\n<\/div>\n<div class=\"jet-listing-dynamic-repeater__item\">\n<div>\n<p><strong>Divisor:\u00a0<\/strong>\u00a0Capacitivo 6dB \/ oitava<\/p>\n<\/div>\n<\/div>\n<div class=\"jet-listing-dynamic-repeater__item\">\n<div>\n<p><strong>Resposta de frequ\u00eancia:\u00a0<\/strong>\u00a060 &#8211; 20KHz<\/p>\n<\/div>\n<\/div>\n<div class=\"jet-listing-dynamic-repeater__item\">\n<div>\n<p><strong>SPL (dB\/W\/m):\u00a0<\/strong>\u00a092<\/p>\n<\/div>\n<\/div>\n<div class=\"jet-listing-dynamic-repeater__item\">\n<div>\n<p><strong>Di\u00e2metro da Arandela:\u00a0<\/strong>\u00a0238 mm<\/p>\n<\/div>\n<\/div>\n<div class=\"jet-listing-dynamic-repeater__item\">\n<div>\n<p><strong>Di\u00e2metro do furo para:\u00a0<\/strong>\u00a0212 mm<\/p>\n<\/div>\n<\/div>\n<div class=\"jet-listing-dynamic-repeater__item\">\n<div>\n<p><strong>Altura da arandela:\u00a0<\/strong>\u00a070 mm<\/p>\n<\/div>\n<\/div>\n<div class=\"jet-listing-dynamic-repeater__item\">\n<div>\n<p><strong>Peso l\u00edquido:\u00a0<\/strong>\u00a01,08<\/p>\n<\/div>\n<\/div>\n<div class=\"jet-listing-dynamic-repeater__item\">\n<div>\n<p><strong>Peso bruto:\u00a0<\/strong>\u00a01,26<\/p>\n<\/div>\n<\/div>\n<p>&nbsp;<\/p>\n<p>(Especifica\u00e7\u00f5es fornecidas pelo fabricante \/ importador)<\/p>\n<ul>\n<li style=\"list-style-type: none;\"><\/li>\n<\/ul>\n<ul>\n<li style=\"list-style-type: none;\"><\/li>\n<\/ul>\n<ul>\n<li style=\"list-style-type: none;\"><\/li>\n<\/ul>\n<ul>\n<li style=\"list-style-type: none;\"><\/li>\n<\/ul>\n","protected":false},"excerpt":{"rendered":"<p>CS 6&#8243; ALUM\u00cdNIO<\/p>\n","protected":false},"featured_media":1969,"template":"","meta":{"_bst_post_transparent":"default","_bst_post_title":"","_bst_post_layout":"default","_bst_post_sidebar_id":"","_bst_post_content_style":"default","_bst_post_vertical_padding":"default","_bst_post_feature":"","_bst_post_feature_position":"","_bst_post_header":false,"_bst_post_footer":false},"product_brand":[],"product_cat":[119,91],"product_tag":[],"class_list":{"0":"post-220","1":"product","2":"type-product","3":"status-publish","4":"has-post-thumbnail","6":"product_cat-audio","7":"product_cat-alto-falantes","9":"first","10":"instock","11":"featured","12":"shipping-taxable","13":"purchasable","14":"product-type-simple","15":"entry","16":"content-bg","17":"loop-entry"},"_links":{"self":[{"href":"https:\/\/www.audiovisao.com.br\/site\/wp-json\/wp\/v2\/product\/220","targetHints":{"allow":["GET"]}}],"collection":[{"href":"https:\/\/www.audiovisao.com.br\/site\/wp-json\/wp\/v2\/product"}],"about":[{"href":"https:\/\/www.audiovisao.com.br\/site\/wp-json\/wp\/v2\/types\/product"}],"wp:featuredmedia":[{"embeddable":true,"href":"https:\/\/www.audiovisao.com.br\/site\/wp-json\/wp\/v2\/media\/1969"}],"wp:attachment":[{"href":"https:\/\/www.audiovisao.com.br\/site\/wp-json\/wp\/v2\/media?parent=220"}],"wp:term":[{"taxonomy":"product_brand","embeddable":true,"href":"https:\/\/www.audiovisao.com.br\/site\/wp-json\/wp\/v2\/product_brand?post=220"},{"taxonomy":"product_cat","embeddable":true,"href":"https:\/\/www.audiovisao.com.br\/site\/wp-json\/wp\/v2\/product_cat?post=220"},{"taxonomy":"product_tag","embeddable":true,"href":"https:\/\/www.audiovisao.com.br\/site\/wp-json\/wp\/v2\/product_tag?post=220"}],"curies":[{"name":"wp","href":"https:\/\/api.w.org\/{rel}","templated":true}]}}