{"id":2208,"date":"2025-10-27T17:22:18","date_gmt":"2025-10-27T20:22:18","guid":{"rendered":"https:\/\/www.audiovisao.com.br\/site\/?post_type=product&#038;p=2208"},"modified":"2025-10-27T17:31:51","modified_gmt":"2025-10-27T20:31:51","slug":"microfone-sem-fio-duplo-mxt-uhf-527m","status":"publish","type":"product","link":"https:\/\/www.audiovisao.com.br\/site\/produto\/microfone-sem-fio-duplo-mxt-uhf-527m\/","title":{"rendered":"MICROFONE SEM FIO DUPLO MXT UHF-527M"},"content":{"rendered":"<p>ESPECIFICA\u00c7\u00d5ES<\/p>\n<ul>\n<li>Responsividade do som: \u200e10 Decib\u00e9is<\/li>\n<li>N\u00edvel de ru\u00eddo: \u200e6 Decib\u00e9is<\/li>\n<li>Formato do microfone: \u200eHandheld<\/li>\n<li>Tipo de fonte de energia: \u200eAlimentado por pilha<\/li>\n<li>Propor\u00e7\u00e3o de sinal por ru\u00eddo: \u200e80 dB<\/li>\n<li>Tecnologia de conex\u00e3o: \u200eSem Fio, UHF<\/li>\n<li>Tipo de material: \u200eMetal, Pl\u00e1stico Abs<\/li>\n<li>Cor: \u200ePreto<\/li>\n<li>Conex\u00f5es: \u200eSem Fio<\/li>\n<li>Dist\u00e2ncia focal m\u00e1xima: \u200eUhf<\/li>\n<li>Imped\u00e2ncia: \u200e4 Ohms<\/li>\n<\/ul>\n<p>Transmissor:<\/p>\n<p>&nbsp;<\/p>\n","protected":false},"excerpt":{"rendered":"<p>DUPLO \/ DE M\u00c3O \/UHF\/DIGITAL \/ ACOMPANHA MALETA \/ 100 CANAIS<\/p>\n","protected":false},"featured_media":2209,"template":"","meta":{"_bst_post_transparent":"default","_bst_post_title":"","_bst_post_layout":"default","_bst_post_sidebar_id":"","_bst_post_content_style":"default","_bst_post_vertical_padding":"default","_bst_post_feature":"","_bst_post_feature_position":"","_bst_post_header":false,"_bst_post_footer":false},"product_brand":[],"product_cat":[119,90],"product_tag":[],"class_list":{"0":"post-2208","1":"product","2":"type-product","3":"status-publish","4":"has-post-thumbnail","6":"product_cat-audio","7":"product_cat-microfones","9":"first","10":"instock","11":"shipping-taxable","12":"purchasable","13":"product-type-simple","14":"entry","15":"content-bg","16":"loop-entry"},"_links":{"self":[{"href":"https:\/\/www.audiovisao.com.br\/site\/wp-json\/wp\/v2\/product\/2208","targetHints":{"allow":["GET"]}}],"collection":[{"href":"https:\/\/www.audiovisao.com.br\/site\/wp-json\/wp\/v2\/product"}],"about":[{"href":"https:\/\/www.audiovisao.com.br\/site\/wp-json\/wp\/v2\/types\/product"}],"wp:featuredmedia":[{"embeddable":true,"href":"https:\/\/www.audiovisao.com.br\/site\/wp-json\/wp\/v2\/media\/2209"}],"wp:attachment":[{"href":"https:\/\/www.audiovisao.com.br\/site\/wp-json\/wp\/v2\/media?parent=2208"}],"wp:term":[{"taxonomy":"product_brand","embeddable":true,"href":"https:\/\/www.audiovisao.com.br\/site\/wp-json\/wp\/v2\/product_brand?post=2208"},{"taxonomy":"product_cat","embeddable":true,"href":"https:\/\/www.audiovisao.com.br\/site\/wp-json\/wp\/v2\/product_cat?post=2208"},{"taxonomy":"product_tag","embeddable":true,"href":"https:\/\/www.audiovisao.com.br\/site\/wp-json\/wp\/v2\/product_tag?post=2208"}],"curies":[{"name":"wp","href":"https:\/\/api.w.org\/{rel}","templated":true}]}}