{"id":2244,"date":"2025-12-16T20:25:43","date_gmt":"2025-12-16T23:25:43","guid":{"rendered":"https:\/\/www.audiovisao.com.br\/site\/?post_type=product&#038;p=2244"},"modified":"2025-12-16T20:56:06","modified_gmt":"2025-12-16T23:56:06","slug":"multicabo-com-medusa-18-vias-conectores-combo-xlr","status":"publish","type":"product","link":"https:\/\/www.audiovisao.com.br\/site\/produto\/multicabo-com-medusa-18-vias-conectores-combo-xlr\/","title":{"rendered":"MULTICABO COM MEDUSA 18 VIAS &#8211; CONECTORES COMBO \/ XLR"},"content":{"rendered":"<p><strong>Especifica\u00e7\u00f5es:<\/strong><\/p>\n<p>Multicabo de 18 Vias, completo, com medusa. Caixa em metal com pintura eletrost\u00e1tica, sec\u00e7\u00e3o (AWG) com 18 pares, sendo: 18x conectores de entrada do tipo COMBO (XLR F\u00eamea\/P10), 18x conectores de sa\u00edda XLR Macho nas extremidades. Possui identifica\u00e7\u00e3o num\u00e9rica das vias nas duas pontas. Todos os componentes met\u00e1licos e niquelados. Cabo balanceado com malha tran\u00e7ada. Uso em \u00e1udio profissional.<\/p>\n<table>\n<tbody>\n<tr>\n<td colspan=\"2\" width=\"340\">\n<p style=\"text-align: center;\"><strong>CARACTER\u00cdSTICAS EL\u00c9TRICAS<\/strong><\/p>\n<\/td>\n<\/tr>\n<tr>\n<td width=\"236\">Capacit\u00e2ncia M\u00fatua (veia-veia)<\/td>\n<td width=\"104\">&lt; 90 pF\/m<\/td>\n<\/tr>\n<tr>\n<td width=\"236\">Capacit\u00e2ncia Assim\u00e9trica (veia-blindagem)<\/td>\n<td width=\"104\">&lt;160 pF\/m<\/td>\n<\/tr>\n<tr>\n<td width=\"236\">Indut\u00e2ncia<\/td>\n<td width=\"104\">0,7 pH\/m<\/td>\n<\/tr>\n<tr>\n<td width=\"236\">Resist\u00eancia \u00f4hmica nas vias<\/td>\n<td width=\"104\">&lt;9,2 Q\/100m<\/td>\n<\/tr>\n<tr>\n<td width=\"236\">Resist\u00eancia \u00f4hmica da blindagem<\/td>\n<td width=\"104\">&lt;7,1 Q\/100m<\/td>\n<\/tr>\n<tr>\n<td width=\"236\">Resist\u00eancia de isolamento<\/td>\n<td width=\"104\">&gt; 5.000MQ<\/td>\n<\/tr>\n<tr>\n<td width=\"236\">Imped\u00e2ncia<\/td>\n<td width=\"104\">75Q<\/td>\n<\/tr>\n<tr>\n<td width=\"236\">Velocidade de propaga\u00e7\u00e3o<\/td>\n<td width=\"104\">66%<\/td>\n<\/tr>\n<tr>\n<td width=\"236\">Tens\u00e3o nominal<\/td>\n<td width=\"104\">300VRMS (m\u00e1x.)<\/td>\n<\/tr>\n<tr>\n<td width=\"236\">Teste de tens\u00e3o<\/td>\n<td width=\"104\">1,0 kVDC<\/td>\n<\/tr>\n<tr>\n<td width=\"236\">Corrente m\u00e1x. a 20\u00b0C<\/td>\n<td width=\"104\">1,05 A<\/td>\n<\/tr>\n<\/tbody>\n<\/table>\n","protected":false},"excerpt":{"rendered":"<p><strong>Fabricamos cabos de acordo com sua necessidade. Pe\u00e7a um or\u00e7amento.<\/strong><\/p>\n","protected":false},"featured_media":2245,"template":"","meta":{"_bst_post_transparent":"default","_bst_post_title":"","_bst_post_layout":"default","_bst_post_sidebar_id":"","_bst_post_content_style":"default","_bst_post_vertical_padding":"default","_bst_post_feature":"","_bst_post_feature_position":"","_bst_post_header":false,"_bst_post_footer":false},"product_brand":[],"product_cat":[123],"product_tag":[],"class_list":{"0":"post-2244","1":"product","2":"type-product","3":"status-publish","4":"has-post-thumbnail","6":"product_cat-br-audio","8":"first","9":"instock","10":"shipping-taxable","11":"product-type-simple","12":"entry","13":"content-bg","14":"loop-entry"},"_links":{"self":[{"href":"https:\/\/www.audiovisao.com.br\/site\/wp-json\/wp\/v2\/product\/2244","targetHints":{"allow":["GET"]}}],"collection":[{"href":"https:\/\/www.audiovisao.com.br\/site\/wp-json\/wp\/v2\/product"}],"about":[{"href":"https:\/\/www.audiovisao.com.br\/site\/wp-json\/wp\/v2\/types\/product"}],"wp:featuredmedia":[{"embeddable":true,"href":"https:\/\/www.audiovisao.com.br\/site\/wp-json\/wp\/v2\/media\/2245"}],"wp:attachment":[{"href":"https:\/\/www.audiovisao.com.br\/site\/wp-json\/wp\/v2\/media?parent=2244"}],"wp:term":[{"taxonomy":"product_brand","embeddable":true,"href":"https:\/\/www.audiovisao.com.br\/site\/wp-json\/wp\/v2\/product_brand?post=2244"},{"taxonomy":"product_cat","embeddable":true,"href":"https:\/\/www.audiovisao.com.br\/site\/wp-json\/wp\/v2\/product_cat?post=2244"},{"taxonomy":"product_tag","embeddable":true,"href":"https:\/\/www.audiovisao.com.br\/site\/wp-json\/wp\/v2\/product_tag?post=2244"}],"curies":[{"name":"wp","href":"https:\/\/api.w.org\/{rel}","templated":true}]}}