{"id":2249,"date":"2025-12-16T21:09:45","date_gmt":"2025-12-17T00:09:45","guid":{"rendered":"https:\/\/www.audiovisao.com.br\/site\/?post_type=product&#038;p=2249"},"modified":"2025-12-16T21:24:08","modified_gmt":"2025-12-17T00:24:08","slug":"cabo-para-instrumentos-e-audio-em-geral-p10-p10-linha-gold","status":"publish","type":"product","link":"https:\/\/www.audiovisao.com.br\/site\/produto\/cabo-para-instrumentos-e-audio-em-geral-p10-p10-linha-gold\/","title":{"rendered":"CABO PARA INSTRUMENTOS E \u00c1UDIO EM GERAL &#8211; P10\/P10 &#8211; LINHA GOLD"},"content":{"rendered":"<p><strong>Especifica\u00e7\u00f5es:<\/strong><\/p>\n<p>Cabo para instrumentos musicais e \u00e1udio em geral. Cor Preta; Conectores de entrada e de sa\u00edda: P10 Macho, em lat\u00e3o banhados a ouro 18K. Blindagem dupla com malha tran\u00e7ada. Filete de alum\u00ednio e cord\u00e3o de refor\u00e7o mec\u00e2nico em toda a extens\u00e3o do cabo. Uso em \u00e1udio profissional e semiprofissional. Revestimento: Termopl\u00e1stico emborrachado flex\u00edvel. Bitola: 2X0,30mm\u00b2;<\/p>\n<table style=\"height: 139px;\" width=\"691\">\n<tbody>\n<tr>\n<td colspan=\"2\" width=\"469\"><strong>CARACTER\u00cdSTICAS EL\u00c9TRICAS<\/strong><\/td>\n<\/tr>\n<tr>\n<td width=\"370\">Capacit\u00e2ncia M\u00fatua (veia-veia)<\/td>\n<td width=\"98\">&lt; 90 pF\/m<\/td>\n<\/tr>\n<tr>\n<td width=\"370\">Capacit\u00e2ncia Assim\u00e9trica (veia-blindagem)<\/td>\n<td width=\"98\">&lt;160 pF\/m<\/td>\n<\/tr>\n<tr>\n<td width=\"370\">Indut\u00e2ncia<\/td>\n<td width=\"98\">0,7 pH\/m<\/td>\n<\/tr>\n<tr>\n<td width=\"370\">Resist\u00eancia \u00f4hmica nas veias (DCR- Direct current resistance)<\/td>\n<td width=\"98\">&lt;9,2 Q\/100m<\/td>\n<\/tr>\n<tr>\n<td width=\"370\">Resist\u00eancia \u00f4hmica da blindagem (DCR- Direct current resistance)<\/td>\n<td width=\"98\">&lt; 7,1 Q\/100m<\/td>\n<\/tr>\n<tr>\n<td width=\"370\">Resist\u00eancia de isolamento<\/td>\n<td width=\"98\">&gt; 5,000MQ<\/td>\n<\/tr>\n<tr>\n<td width=\"370\">Imped\u00e2ncia<\/td>\n<td width=\"98\">75Q<\/td>\n<\/tr>\n<tr>\n<td width=\"370\">Velocidade de propaga\u00e7\u00e3o<\/td>\n<td width=\"98\">66%<\/td>\n<\/tr>\n<tr>\n<td width=\"370\">Tens\u00e3o nominal<\/td>\n<td width=\"98\">300VRMS (m\u00e1x.)<\/td>\n<\/tr>\n<tr>\n<td width=\"370\">Teste de tens\u00e3o<\/td>\n<td width=\"98\">1,0 kVDC<\/td>\n<\/tr>\n<tr>\n<td width=\"370\">Corrente m\u00e1x. a 20\u00b0C<\/td>\n<td width=\"98\">1,05 A<\/td>\n<\/tr>\n<\/tbody>\n<\/table>\n","protected":false},"excerpt":{"rendered":"<p><strong>Fabricamos cabos de acordo com sua necessidade. Pe\u00e7a um or\u00e7amento.<\/strong><\/p>\n","protected":false},"featured_media":2250,"template":"","meta":{"_bst_post_transparent":"default","_bst_post_title":"","_bst_post_layout":"default","_bst_post_sidebar_id":"","_bst_post_content_style":"default","_bst_post_vertical_padding":"default","_bst_post_feature":"","_bst_post_feature_position":"","_bst_post_header":false,"_bst_post_footer":false},"product_brand":[],"product_cat":[123],"product_tag":[],"class_list":{"0":"post-2249","1":"product","2":"type-product","3":"status-publish","4":"has-post-thumbnail","6":"product_cat-br-audio","8":"first","9":"instock","10":"shipping-taxable","11":"product-type-simple","12":"entry","13":"content-bg","14":"loop-entry"},"_links":{"self":[{"href":"https:\/\/www.audiovisao.com.br\/site\/wp-json\/wp\/v2\/product\/2249","targetHints":{"allow":["GET"]}}],"collection":[{"href":"https:\/\/www.audiovisao.com.br\/site\/wp-json\/wp\/v2\/product"}],"about":[{"href":"https:\/\/www.audiovisao.com.br\/site\/wp-json\/wp\/v2\/types\/product"}],"wp:featuredmedia":[{"embeddable":true,"href":"https:\/\/www.audiovisao.com.br\/site\/wp-json\/wp\/v2\/media\/2250"}],"wp:attachment":[{"href":"https:\/\/www.audiovisao.com.br\/site\/wp-json\/wp\/v2\/media?parent=2249"}],"wp:term":[{"taxonomy":"product_brand","embeddable":true,"href":"https:\/\/www.audiovisao.com.br\/site\/wp-json\/wp\/v2\/product_brand?post=2249"},{"taxonomy":"product_cat","embeddable":true,"href":"https:\/\/www.audiovisao.com.br\/site\/wp-json\/wp\/v2\/product_cat?post=2249"},{"taxonomy":"product_tag","embeddable":true,"href":"https:\/\/www.audiovisao.com.br\/site\/wp-json\/wp\/v2\/product_tag?post=2249"}],"curies":[{"name":"wp","href":"https:\/\/api.w.org\/{rel}","templated":true}]}}