{"id":2294,"date":"2026-02-13T11:40:05","date_gmt":"2026-02-13T14:40:05","guid":{"rendered":"https:\/\/www.audiovisao.com.br\/site\/?post_type=product&#038;p=2294"},"modified":"2026-02-13T11:54:14","modified_gmt":"2026-02-13T14:54:14","slug":"mixer-4-canais-soundvoice-mc-4bt","status":"publish","type":"product","link":"https:\/\/www.audiovisao.com.br\/site\/produto\/mixer-4-canais-soundvoice-mc-4bt\/","title":{"rendered":"MIXER 4 CANAIS SOUNDVOICE MC-4BT"},"content":{"rendered":"<p>Especifica\u00e7\u00f5es:<\/p>\n<p>04 canais (02 combos mono \/ 02 STEREO P-10); Equalizador 2 bandas por canal (Agudo e Grave); Ajuste de ganho por canal; Efeito: Atraso + Repetir; Phantom Power +48V; Formato de \u00c1udio: MP3, WMA, WAV; Bluetooth; Grava\u00e7\u00e3o direta via USB; Interface para PC; Bivolt.<\/p>\n","protected":false},"excerpt":{"rendered":"<p>4 CANAIS &#8211; COMPACTO &#8211; USB<\/p>\n","protected":false},"featured_media":2295,"template":"","meta":{"_bst_post_transparent":"default","_bst_post_title":"","_bst_post_layout":"default","_bst_post_sidebar_id":"","_bst_post_content_style":"default","_bst_post_vertical_padding":"default","_bst_post_feature":"","_bst_post_feature_position":"","_bst_post_header":false,"_bst_post_footer":false},"product_brand":[],"product_cat":[119,111],"product_tag":[],"class_list":{"0":"post-2294","1":"product","2":"type-product","3":"status-publish","4":"has-post-thumbnail","6":"product_cat-audio","7":"product_cat-mesas-de-som","9":"first","10":"instock","11":"shipping-taxable","12":"purchasable","13":"product-type-simple","14":"entry","15":"content-bg","16":"loop-entry"},"_links":{"self":[{"href":"https:\/\/www.audiovisao.com.br\/site\/wp-json\/wp\/v2\/product\/2294","targetHints":{"allow":["GET"]}}],"collection":[{"href":"https:\/\/www.audiovisao.com.br\/site\/wp-json\/wp\/v2\/product"}],"about":[{"href":"https:\/\/www.audiovisao.com.br\/site\/wp-json\/wp\/v2\/types\/product"}],"wp:featuredmedia":[{"embeddable":true,"href":"https:\/\/www.audiovisao.com.br\/site\/wp-json\/wp\/v2\/media\/2295"}],"wp:attachment":[{"href":"https:\/\/www.audiovisao.com.br\/site\/wp-json\/wp\/v2\/media?parent=2294"}],"wp:term":[{"taxonomy":"product_brand","embeddable":true,"href":"https:\/\/www.audiovisao.com.br\/site\/wp-json\/wp\/v2\/product_brand?post=2294"},{"taxonomy":"product_cat","embeddable":true,"href":"https:\/\/www.audiovisao.com.br\/site\/wp-json\/wp\/v2\/product_cat?post=2294"},{"taxonomy":"product_tag","embeddable":true,"href":"https:\/\/www.audiovisao.com.br\/site\/wp-json\/wp\/v2\/product_tag?post=2294"}],"curies":[{"name":"wp","href":"https:\/\/api.w.org\/{rel}","templated":true}]}}