{"id":2296,"date":"2026-02-13T13:42:32","date_gmt":"2026-02-13T16:42:32","guid":{"rendered":"https:\/\/www.audiovisao.com.br\/site\/?post_type=product&#038;p=2296"},"modified":"2026-02-13T13:51:44","modified_gmt":"2026-02-13T16:51:44","slug":"microfone-sem-fio-duplo-soundvoice-mm120d","status":"publish","type":"product","link":"https:\/\/www.audiovisao.com.br\/site\/produto\/microfone-sem-fio-duplo-soundvoice-mm120d\/","title":{"rendered":"MICROFONE SEM FIO DUPLO SOUNDVOICE MM120D"},"content":{"rendered":"<p>O Microfone Sem Fio Soundvoice oferece uma reprodu\u00e7\u00e3o vocal natural e suave, sendo uma \u00f3tima op\u00e7\u00e3o para karaok\u00eas e palestras. Esse modelo MM-120D conta com conex\u00e3o sem fio, com reprodu\u00e7\u00e3o atrav\u00e9s do Transmissor (microfone) e um Receptor \u00danico! Seu padr\u00e3o polar cardioide reduz a capta\u00e7\u00e3o de sons das laterais e traseiras, um microfone que proporciona \u00f3tima frequ\u00eancia de resposta, capaz de atender \u00e0s suas necessidades.<\/p>\n<p>Cor: Preto &#8211; Tipo de Microfone: Din\u00e2mico &#8211; Formato de Microfone: Microfone de M\u00e3o &#8211; Padr\u00e3o Polar: Cardi\u00f3ide &#8211; N\u00famero da Banda Larga: 40MHz. &#8211; Faixa de Frequ\u00eancia: 30Hz a 20kHz &#8211; N\u00famero de Banda Larga: 40MHZ &#8211; Rela\u00e7\u00e3o Sinal-Ru\u00eddo (S\/N): &gt;95db &#8211; Alimenta\u00e7\u00e3o: Baterias 3,7v (Recarreg\u00e1vel).<\/p>\n","protected":false},"excerpt":{"rendered":"<p>VHF \/ DUPLO \/ FREQU\u00caNCIA FIXA<\/p>\n","protected":false},"featured_media":2297,"template":"","meta":{"_bst_post_transparent":"default","_bst_post_title":"","_bst_post_layout":"default","_bst_post_sidebar_id":"","_bst_post_content_style":"default","_bst_post_vertical_padding":"default","_bst_post_feature":"","_bst_post_feature_position":"","_bst_post_header":false,"_bst_post_footer":false},"product_brand":[],"product_cat":[119,90],"product_tag":[],"class_list":{"0":"post-2296","1":"product","2":"type-product","3":"status-publish","4":"has-post-thumbnail","6":"product_cat-audio","7":"product_cat-microfones","9":"first","10":"instock","11":"shipping-taxable","12":"purchasable","13":"product-type-simple","14":"entry","15":"content-bg","16":"loop-entry"},"_links":{"self":[{"href":"https:\/\/www.audiovisao.com.br\/site\/wp-json\/wp\/v2\/product\/2296","targetHints":{"allow":["GET"]}}],"collection":[{"href":"https:\/\/www.audiovisao.com.br\/site\/wp-json\/wp\/v2\/product"}],"about":[{"href":"https:\/\/www.audiovisao.com.br\/site\/wp-json\/wp\/v2\/types\/product"}],"wp:featuredmedia":[{"embeddable":true,"href":"https:\/\/www.audiovisao.com.br\/site\/wp-json\/wp\/v2\/media\/2297"}],"wp:attachment":[{"href":"https:\/\/www.audiovisao.com.br\/site\/wp-json\/wp\/v2\/media?parent=2296"}],"wp:term":[{"taxonomy":"product_brand","embeddable":true,"href":"https:\/\/www.audiovisao.com.br\/site\/wp-json\/wp\/v2\/product_brand?post=2296"},{"taxonomy":"product_cat","embeddable":true,"href":"https:\/\/www.audiovisao.com.br\/site\/wp-json\/wp\/v2\/product_cat?post=2296"},{"taxonomy":"product_tag","embeddable":true,"href":"https:\/\/www.audiovisao.com.br\/site\/wp-json\/wp\/v2\/product_tag?post=2296"}],"curies":[{"name":"wp","href":"https:\/\/api.w.org\/{rel}","templated":true}]}}