{"id":2300,"date":"2026-02-13T13:57:14","date_gmt":"2026-02-13T16:57:14","guid":{"rendered":"https:\/\/www.audiovisao.com.br\/site\/?post_type=product&#038;p=2300"},"modified":"2026-02-13T14:12:37","modified_gmt":"2026-02-13T17:12:37","slug":"caixa-acustica-ativa-novik-evo360x","status":"publish","type":"product","link":"https:\/\/www.audiovisao.com.br\/site\/produto\/caixa-acustica-ativa-novik-evo360x\/","title":{"rendered":"CAIXA AC\u00daSTICA ATIVA NOVIK EVO360X"},"content":{"rendered":"<ul>\n<li>Alimenta\u00e7\u00e3o: 110-220V selecion\u00e1vel<\/li>\n<li>Conectividade: Bluetooth, TWS<\/li>\n<li>Conex\u00f5es: XLR, P10, RCA (L\/R), Speakon<\/li>\n<li>Cor: Preta<\/li>\n<li>Dimens\u00f5es do Produto: 76 cm x 53 cm x 49 cm<\/li>\n<li>Estilo da Caixa: Ativa<\/li>\n<li>Imped\u00e2ncia: 8 ohms<\/li>\n<li>Modos de Equaliza\u00e7\u00e3o: Graves e agudos<\/li>\n<li>Peso do Produto: 18,850 kg<\/li>\n<li>Pot\u00eancia: 250 Watts<\/li>\n<li>Resposta de Frequ\u00eancia: 40Hz ~ 18Khz<\/li>\n<li>Tamanho do Woofer: 15 polegadas<\/li>\n<li>Tipo de Display: Digital<\/li>\n<\/ul>\n","protected":false},"excerpt":{"rendered":"<p>WOOFER 15&#8243; + DRIVER TIT\u00c2NIO &#8211; 250WRMS<\/p>\n","protected":false},"featured_media":2303,"template":"","meta":{"_bst_post_transparent":"default","_bst_post_title":"","_bst_post_layout":"default","_bst_post_sidebar_id":"","_bst_post_content_style":"default","_bst_post_vertical_padding":"default","_bst_post_feature":"","_bst_post_feature_position":"","_bst_post_header":false,"_bst_post_footer":false},"product_brand":[],"product_cat":[119,113],"product_tag":[],"class_list":{"0":"post-2300","1":"product","2":"type-product","3":"status-publish","4":"has-post-thumbnail","6":"product_cat-audio","7":"product_cat-caixas-acusticas","9":"first","10":"instock","11":"shipping-taxable","12":"purchasable","13":"product-type-simple","14":"entry","15":"content-bg","16":"loop-entry"},"_links":{"self":[{"href":"https:\/\/www.audiovisao.com.br\/site\/wp-json\/wp\/v2\/product\/2300","targetHints":{"allow":["GET"]}}],"collection":[{"href":"https:\/\/www.audiovisao.com.br\/site\/wp-json\/wp\/v2\/product"}],"about":[{"href":"https:\/\/www.audiovisao.com.br\/site\/wp-json\/wp\/v2\/types\/product"}],"wp:featuredmedia":[{"embeddable":true,"href":"https:\/\/www.audiovisao.com.br\/site\/wp-json\/wp\/v2\/media\/2303"}],"wp:attachment":[{"href":"https:\/\/www.audiovisao.com.br\/site\/wp-json\/wp\/v2\/media?parent=2300"}],"wp:term":[{"taxonomy":"product_brand","embeddable":true,"href":"https:\/\/www.audiovisao.com.br\/site\/wp-json\/wp\/v2\/product_brand?post=2300"},{"taxonomy":"product_cat","embeddable":true,"href":"https:\/\/www.audiovisao.com.br\/site\/wp-json\/wp\/v2\/product_cat?post=2300"},{"taxonomy":"product_tag","embeddable":true,"href":"https:\/\/www.audiovisao.com.br\/site\/wp-json\/wp\/v2\/product_tag?post=2300"}],"curies":[{"name":"wp","href":"https:\/\/api.w.org\/{rel}","templated":true}]}}