{"id":2304,"date":"2026-02-13T14:20:45","date_gmt":"2026-02-13T17:20:45","guid":{"rendered":"https:\/\/www.audiovisao.com.br\/site\/?post_type=product&#038;p=2304"},"modified":"2026-02-13T14:20:45","modified_gmt":"2026-02-13T17:20:45","slug":"caixa-acustica-ativa-portatil-novik-adventure-5","status":"publish","type":"product","link":"https:\/\/www.audiovisao.com.br\/site\/produto\/caixa-acustica-ativa-portatil-novik-adventure-5\/","title":{"rendered":"CAIXA AC\u00daSTICA ATIVA PORT\u00c1TIL NOVIK ADVENTURE 5"},"content":{"rendered":"<p>A nova caixa de som sem fio bluetooth Adventure 5 da Novik Neo, \u00e9 superpoderosa com seu som imersivo bidirecional e excelente resposta sonora. Entrega um som cristalino e balanceado em todas as frequ\u00eancias sonoras, tornando sua experi\u00eancia musical muito mais agrad\u00e1vel. \u00c9 poss\u00edvel ligar um microfone com controle de volume separado, fun\u00e7\u00e3o &#8220;microfone priority&#8221; tamb\u00e9m conhecida como &#8220;talk over&#8221;, que quando ativada; reduz automaticamente o volume do restante do sistema dando prioridade ao microfone.<\/p>\n<p>EQ Personaliz\u00e1vel &#8211; Selecione o melhor som para diferentes ocasi\u00f5es, com 4 predefini\u00e7\u00f5es diferentes.<\/p>\n<p>Forte e Resistente &#8211; Constru\u00edda com material e tecido resistente, voc\u00ea pode pendur\u00e1-la com suas al\u00e7as laterais.<\/p>\n<p>Seja Ouvido em qualquer lugar &#8211; A fun\u00e7\u00e3o de grava\u00e7\u00e3o, a entrada de microfone, a bateria recarreg\u00e1vel torna a Caixa Bluetooth Adventure 5 a dona da rua.<\/p>\n<p><strong>Principais Caracter\u00edsticas: <\/strong><\/p>\n<ul>\n<li>Pot\u00eancia: 120W<\/li>\n<li>Bluetooth &#8211; R\u00e1dio FM &#8211; Microfone din\u00e2mico e cabo inclu\u00eddo<\/li>\n<li>Bateria recarreg\u00e1vel &#8211; Entrada USB \/ Micro SD &#8211; Entrada de Microfone<\/li>\n<li>Equalizador digital &#8211; Woofer de 5,25 polegadas &#8211; Tweeter 2 polegadas<\/li>\n<li>Entrada de linha &#8211; Modo grava\u00e7\u00e3o &#8211; Microfone priority<\/li>\n<\/ul>\n","protected":false},"excerpt":{"rendered":"<p>PORT\u00c1TIL &#8211; 120W<\/p>\n","protected":false},"featured_media":2306,"template":"","meta":{"_bst_post_transparent":"default","_bst_post_title":"","_bst_post_layout":"default","_bst_post_sidebar_id":"","_bst_post_content_style":"default","_bst_post_vertical_padding":"default","_bst_post_feature":"","_bst_post_feature_position":"","_bst_post_header":false,"_bst_post_footer":false},"product_brand":[],"product_cat":[119,113],"product_tag":[],"class_list":{"0":"post-2304","1":"product","2":"type-product","3":"status-publish","4":"has-post-thumbnail","6":"product_cat-audio","7":"product_cat-caixas-acusticas","9":"first","10":"instock","11":"shipping-taxable","12":"purchasable","13":"product-type-simple","14":"entry","15":"content-bg","16":"loop-entry"},"_links":{"self":[{"href":"https:\/\/www.audiovisao.com.br\/site\/wp-json\/wp\/v2\/product\/2304","targetHints":{"allow":["GET"]}}],"collection":[{"href":"https:\/\/www.audiovisao.com.br\/site\/wp-json\/wp\/v2\/product"}],"about":[{"href":"https:\/\/www.audiovisao.com.br\/site\/wp-json\/wp\/v2\/types\/product"}],"wp:featuredmedia":[{"embeddable":true,"href":"https:\/\/www.audiovisao.com.br\/site\/wp-json\/wp\/v2\/media\/2306"}],"wp:attachment":[{"href":"https:\/\/www.audiovisao.com.br\/site\/wp-json\/wp\/v2\/media?parent=2304"}],"wp:term":[{"taxonomy":"product_brand","embeddable":true,"href":"https:\/\/www.audiovisao.com.br\/site\/wp-json\/wp\/v2\/product_brand?post=2304"},{"taxonomy":"product_cat","embeddable":true,"href":"https:\/\/www.audiovisao.com.br\/site\/wp-json\/wp\/v2\/product_cat?post=2304"},{"taxonomy":"product_tag","embeddable":true,"href":"https:\/\/www.audiovisao.com.br\/site\/wp-json\/wp\/v2\/product_tag?post=2304"}],"curies":[{"name":"wp","href":"https:\/\/api.w.org\/{rel}","templated":true}]}}