{"id":2319,"date":"2025-10-10T12:41:03","date_gmt":"2025-10-10T15:41:03","guid":{"rendered":"https:\/\/www.audiovisao.com.br\/site\/?post_type=product&#038;p=2319"},"modified":"2026-04-09T12:47:53","modified_gmt":"2026-04-09T15:47:53","slug":"caixa-acustica-ativa-soundvoice-ca-120","status":"publish","type":"product","link":"https:\/\/www.audiovisao.com.br\/site\/produto\/caixa-acustica-ativa-soundvoice-ca-120\/","title":{"rendered":"CAIXA AC\u00daSTICA ATIVA SOUNDVOICE CA-120"},"content":{"rendered":"<p><strong>Especifica\u00e7\u00f5es T\u00e9cnicas:<\/strong><\/p>\n<ul>\n<li>Alto Falante: 12 polegadas;<\/li>\n<li>Pot\u00eancia: 100W RMS;<\/li>\n<li>Fun\u00e7\u00e3o: bluetooth, microfone priority;<\/li>\n<li>Entrada:USB\/SD\/P2;<\/li>\n<li>Conex\u00e3o: P10 para microfone e instrumentos;<\/li>\n<li>Microfone priority;<\/li>\n<li>Controle de graves e agudos;<\/li>\n<li>Bateria com dura\u00e7\u00e3o de at\u00e9 3 horas;<\/li>\n<li>Entrada para bateria externa de 12v;<\/li>\n<li>R\u00e1dio FM;<\/li>\n<li>Al\u00e7a embutida e rodinhas para transporte;<\/li>\n<li>Controle remoto;<\/li>\n<li>Controle de volume principal e microfone individuais;<\/li>\n<li>Bivolt;<\/li>\n<li>Dimens\u00f5es:<\/li>\n<li>Altura: 50cm<\/li>\n<li>Largura: 32cm<\/li>\n<li>Comprimento: 28cm<\/li>\n<li>Peso: 3,75 Kg<\/li>\n<\/ul>\n<div>(Especifica\u00e7\u00f5es fornecidas pelo fabricante \/ importador)<\/div>\n","protected":false},"excerpt":{"rendered":"<p>BT \/ USB \/ FM \/ COM BATERIA INTERNA<\/p>\n","protected":false},"featured_media":2321,"template":"","meta":{"_bst_post_transparent":"default","_bst_post_title":"","_bst_post_layout":"default","_bst_post_sidebar_id":"","_bst_post_content_style":"default","_bst_post_vertical_padding":"default","_bst_post_feature":"","_bst_post_feature_position":"","_bst_post_header":false,"_bst_post_footer":false},"product_brand":[],"product_cat":[119,113],"product_tag":[],"class_list":{"0":"post-2319","1":"product","2":"type-product","3":"status-publish","4":"has-post-thumbnail","6":"product_cat-audio","7":"product_cat-caixas-acusticas","9":"first","10":"instock","11":"featured","12":"shipping-taxable","13":"purchasable","14":"product-type-simple","15":"entry","16":"content-bg","17":"loop-entry"},"_links":{"self":[{"href":"https:\/\/www.audiovisao.com.br\/site\/wp-json\/wp\/v2\/product\/2319","targetHints":{"allow":["GET"]}}],"collection":[{"href":"https:\/\/www.audiovisao.com.br\/site\/wp-json\/wp\/v2\/product"}],"about":[{"href":"https:\/\/www.audiovisao.com.br\/site\/wp-json\/wp\/v2\/types\/product"}],"wp:featuredmedia":[{"embeddable":true,"href":"https:\/\/www.audiovisao.com.br\/site\/wp-json\/wp\/v2\/media\/2321"}],"wp:attachment":[{"href":"https:\/\/www.audiovisao.com.br\/site\/wp-json\/wp\/v2\/media?parent=2319"}],"wp:term":[{"taxonomy":"product_brand","embeddable":true,"href":"https:\/\/www.audiovisao.com.br\/site\/wp-json\/wp\/v2\/product_brand?post=2319"},{"taxonomy":"product_cat","embeddable":true,"href":"https:\/\/www.audiovisao.com.br\/site\/wp-json\/wp\/v2\/product_cat?post=2319"},{"taxonomy":"product_tag","embeddable":true,"href":"https:\/\/www.audiovisao.com.br\/site\/wp-json\/wp\/v2\/product_tag?post=2319"}],"curies":[{"name":"wp","href":"https:\/\/api.w.org\/{rel}","templated":true}]}}