{"id":277,"date":"2025-10-04T09:50:39","date_gmt":"2025-10-04T12:50:39","guid":{"rendered":"http:\/\/192.168.1.150\/user2\/wp_prototypes\/autoparts\/?post_type=product&#038;p=277"},"modified":"2025-10-04T13:17:38","modified_gmt":"2025-10-04T16:17:38","slug":"amplificador-frahm-rd-hdmi-tv-g3","status":"publish","type":"product","link":"https:\/\/www.audiovisao.com.br\/site\/produto\/amplificador-frahm-rd-hdmi-tv-g3\/","title":{"rendered":"AMPLIFICADOR FRAHM RD HDMI TV G3"},"content":{"rendered":"<p>Inovador em todos os sentidos.<em><br \/>\n<\/em>Desenvolvido para que a sonoriza\u00e7\u00e3o de ambiente esteja em qualquer lugar e de forma simples e pr\u00e1tica, o amplificador RD HDMI TV Amplifier V3 \u00e9 vers\u00e1til, compacto e possui alto desempenho.<br \/>\nEssa nova vers\u00e3o, com ainda mais intera\u00e7\u00e3o com sistema de automa\u00e7\u00e3o, traz conex\u00e3o para extensor (IR) e porta USB de servi\u00e7o para altera\u00e7\u00e3o de nome de sinal Bluetooth.<\/p>\n<p><strong>Amplificador oculto para instala\u00e7\u00e3o atr\u00e1s de televisores.<\/strong><\/p>\n<section class=\"elementor-section elementor-inner-section elementor-element elementor-element-798abfb elementor-section-content-middle dc-has-condition dc-condition-not_empty elementor-section-boxed elementor-section-height-default elementor-section-height-default\" data-id=\"798abfb\" data-element_type=\"section\" data-settings=\"{&quot;background_background&quot;:&quot;classic&quot;}\">\n<div class=\"elementor-container elementor-column-gap-default\">\n<div class=\"elementor-column elementor-col-50 elementor-inner-column elementor-element elementor-element-b3ff503\" data-id=\"b3ff503\" data-element_type=\"column\">\n<div class=\"elementor-widget-wrap elementor-element-populated\">\n<div class=\"elementor-element elementor-element-dfbf8fc elementor-widget elementor-widget-heading\" data-id=\"dfbf8fc\" data-element_type=\"widget\" data-widget_type=\"heading.default\">\n<div class=\"elementor-widget-container\"><\/div>\n<\/div>\n<\/div>\n<\/div>\n<\/div>\n<\/section>\n<section class=\"elementor-section elementor-inner-section elementor-element elementor-element-0cebb71 elementor-section-content-middle dc-has-condition dc-condition-not_empty elementor-section-boxed elementor-section-height-default elementor-section-height-default\" data-id=\"0cebb71\" data-element_type=\"section\" data-settings=\"{&quot;background_background&quot;:&quot;classic&quot;}\">\n<div class=\"elementor-container elementor-column-gap-default\">\n<div class=\"elementor-column elementor-col-50 elementor-inner-column elementor-element elementor-element-5deae28\" data-id=\"5deae28\" data-element_type=\"column\">\n<div class=\"elementor-widget-wrap elementor-element-populated\">\n<div class=\"elementor-element elementor-element-b6f9da4 stax-condition-yes elementor-widget elementor-widget-heading\" data-id=\"b6f9da4\" data-element_type=\"widget\" data-widget_type=\"heading.default\">\n<div class=\"elementor-widget-container\">\n<p>Pot\u00eancia: 30W RMS x 2 (4 ohms por canal)<\/p>\n<p>Amplificador: Classe D<\/p>\n<p>N\u00famero de canais sa\u00edda: 1 canal (est\u00e9reo)<\/p>\n<p>Conex\u00f5es: Bluetooth, \u00f3ptico, HDMI, P2(anal\u00f3gico)<\/p>\n<p>Vers\u00e3o Bluetooth: V5.0<\/p>\n<p>Alcance bluetooth: 8-10 metros<\/p>\n<p>Dimens\u00f5es (AxLxP): 26\u00d760,6\u00d782mm<\/p>\n<p>Peso: 460g<\/p>\n<p>(Especifica\u00e7\u00f5es fornecidas pelo fabricante \/ importador)<\/p>\n<\/div>\n<\/div>\n<\/div>\n<\/div>\n<\/div>\n<\/section>\n","protected":false},"excerpt":{"rendered":"<p>RD HDMI TV G3 \/ Optical \/ Bluetooth \/ 60W<\/p>\n","protected":false},"featured_media":1951,"template":"","meta":{"_bst_post_transparent":"default","_bst_post_title":"","_bst_post_layout":"default","_bst_post_sidebar_id":"","_bst_post_content_style":"default","_bst_post_vertical_padding":"default","_bst_post_feature":"","_bst_post_feature_position":"","_bst_post_header":false,"_bst_post_footer":false},"product_brand":[],"product_cat":[119,110],"product_tag":[],"class_list":{"0":"post-277","1":"product","2":"type-product","3":"status-publish","4":"has-post-thumbnail","6":"product_cat-audio","7":"product_cat-amplificadores","9":"first","10":"instock","11":"featured","12":"shipping-taxable","13":"purchasable","14":"product-type-simple","15":"entry","16":"content-bg","17":"loop-entry"},"_links":{"self":[{"href":"https:\/\/www.audiovisao.com.br\/site\/wp-json\/wp\/v2\/product\/277","targetHints":{"allow":["GET"]}}],"collection":[{"href":"https:\/\/www.audiovisao.com.br\/site\/wp-json\/wp\/v2\/product"}],"about":[{"href":"https:\/\/www.audiovisao.com.br\/site\/wp-json\/wp\/v2\/types\/product"}],"wp:featuredmedia":[{"embeddable":true,"href":"https:\/\/www.audiovisao.com.br\/site\/wp-json\/wp\/v2\/media\/1951"}],"wp:attachment":[{"href":"https:\/\/www.audiovisao.com.br\/site\/wp-json\/wp\/v2\/media?parent=277"}],"wp:term":[{"taxonomy":"product_brand","embeddable":true,"href":"https:\/\/www.audiovisao.com.br\/site\/wp-json\/wp\/v2\/product_brand?post=277"},{"taxonomy":"product_cat","embeddable":true,"href":"https:\/\/www.audiovisao.com.br\/site\/wp-json\/wp\/v2\/product_cat?post=277"},{"taxonomy":"product_tag","embeddable":true,"href":"https:\/\/www.audiovisao.com.br\/site\/wp-json\/wp\/v2\/product_tag?post=277"}],"curies":[{"name":"wp","href":"https:\/\/api.w.org\/{rel}","templated":true}]}}